{"id":1256,"date":"2023-05-05T22:12:13","date_gmt":"2023-05-05T20:12:13","guid":{"rendered":"https:\/\/www.project-green.com\/collage-des-pointes-plissees\/"},"modified":"2023-05-17T11:02:57","modified_gmt":"2023-05-17T09:02:57","slug":"collage-des-pointes-plissees","status":"publish","type":"page","link":"https:\/\/www.project-green.com\/fr\/collage-des-pointes-plissees\/","title":{"rendered":"Collage des pointes pliss\u00e9es"},"content":{"rendered":"\t\t<div data-elementor-type=\"wp-page\" data-elementor-id=\"1256\" class=\"elementor elementor-1256 elementor-638\" data-elementor-post-type=\"page\">\n\t\t\t\t<div class=\"elementor-element elementor-element-3a189f74 e-con-full e-flex e-con e-parent\" data-id=\"3a189f74\" data-element_type=\"container\" data-e-type=\"container\">\n\t\t<div class=\"elementor-element elementor-element-713fd4b9 e-flex e-con-boxed e-con e-parent\" data-id=\"713fd4b9\" data-element_type=\"container\" data-e-type=\"container\">\n\t\t\t\t\t<div class=\"e-con-inner\">\n\t\t\t\t<div class=\"elementor-element elementor-element-7e935712 elementor-widget elementor-widget-heading\" data-id=\"7e935712\" data-element_type=\"widget\" data-e-type=\"widget\" data-widget_type=\"heading.default\">\n\t\t\t\t<div class=\"elementor-widget-container\">\n\t\t\t\t\t<h2 class=\"elementor-heading-title elementor-size-default\">PROJECT GREEN et le collage des pointes de plis<\/h2>\t\t\t\t<\/div>\n\t\t\t\t<\/div>\n\t\t\t\t<div class=\"elementor-element elementor-element-15831f5a elementor-widget elementor-widget-text-editor\" data-id=\"15831f5a\" data-element_type=\"widget\" data-e-type=\"widget\" data-widget_type=\"text-editor.default\">\n\t\t\t\t<div class=\"elementor-widget-container\">\n\t\t\t\t\t\t\t\t\t<ul>\n<li>Avec nos corps de filtre, 100% de toutes les pointes de plis sont coll\u00e9es ensemble de mani\u00e8re permanente<\/li>\n<li>nos embouts pliss\u00e9s sont coll\u00e9s en continu du haut vers le bas de la plaque filtrante <\/li>\n<li>nous nous lions de fa\u00e7on permanente et irr\u00e9versible avec une r\u00e9sistance \u00e0 la temp\u00e9rature 150\u00b0C &gt;<\/li>\n<\/ul>\n\t\t\t\t\t\t\t\t<\/div>\n\t\t\t\t<\/div>\n\t\t\t\t\t<\/div>\n\t\t\t\t<\/div>\n\t\t<div class=\"elementor-element elementor-element-59779bef e-flex e-con-boxed e-con e-parent\" data-id=\"59779bef\" data-element_type=\"container\" data-e-type=\"container\">\n\t\t\t\t\t<div class=\"e-con-inner\">\n\t\t\t\t<div class=\"elementor-element elementor-element-3541d733 elementor-widget elementor-widget-image\" data-id=\"3541d733\" data-element_type=\"widget\" data-e-type=\"widget\" data-widget_type=\"image.default\">\n\t\t\t\t<div class=\"elementor-widget-container\">\n\t\t\t\t\t\t\t\t\t\t\t\t\t\t\t<img fetchpriority=\"high\" decoding=\"async\" width=\"800\" height=\"245\" src=\"https:\/\/www.project-green.com\/wp-content\/uploads\/2023\/05\/Faltenverklebung-1024x314.jpg\" class=\"attachment-large size-large wp-image-1066\" alt=\"\" srcset=\"https:\/\/www.project-green.com\/wp-content\/uploads\/2023\/05\/Faltenverklebung-1024x314.jpg 1024w, https:\/\/www.project-green.com\/wp-content\/uploads\/2023\/05\/Faltenverklebung-300x92.jpg 300w, https:\/\/www.project-green.com\/wp-content\/uploads\/2023\/05\/Faltenverklebung-768x235.jpg 768w, https:\/\/www.project-green.com\/wp-content\/uploads\/2023\/05\/Faltenverklebung-1536x470.jpg 1536w, https:\/\/www.project-green.com\/wp-content\/uploads\/2023\/05\/Faltenverklebung-2048x627.jpg 2048w\" sizes=\"(max-width: 800px) 100vw, 800px\" \/>\t\t\t\t\t\t\t\t\t\t\t\t\t\t\t<\/div>\n\t\t\t\t<\/div>\n\t\t\t\t<div class=\"elementor-element elementor-element-7427dade elementor-widget-divider--view-line elementor-widget elementor-widget-divider\" data-id=\"7427dade\" data-element_type=\"widget\" data-e-type=\"widget\" data-widget_type=\"divider.default\">\n\t\t\t\t<div class=\"elementor-widget-container\">\n\t\t\t\t\t\t\t<div class=\"elementor-divider\">\n\t\t\t<span class=\"elementor-divider-separator\">\n\t\t\t\t\t\t<\/span>\n\t\t<\/div>\n\t\t\t\t\t\t<\/div>\n\t\t\t\t<\/div>\n\t\t\t\t\t<\/div>\n\t\t\t\t<\/div>\n\t\t<div class=\"elementor-element elementor-element-4d22142c e-flex e-con-boxed e-con e-parent\" data-id=\"4d22142c\" data-element_type=\"container\" data-e-type=\"container\">\n\t\t\t\t\t<div class=\"e-con-inner\">\n\t\t\t\t<div class=\"elementor-element elementor-element-60cdbf83 elementor-widget elementor-widget-heading\" data-id=\"60cdbf83\" data-element_type=\"widget\" data-e-type=\"widget\" data-widget_type=\"heading.default\">\n\t\t\t\t<div class=\"elementor-widget-container\">\n\t\t\t\t\t<h2 class=\"elementor-heading-title elementor-size-default\">Pourquoi les pointes des plis sont-elles si laborieusement coll\u00e9es ? <\/h2>\t\t\t\t<\/div>\n\t\t\t\t<\/div>\n\t\t\t\t<div class=\"elementor-element elementor-element-408d2f78 elementor-widget elementor-widget-text-editor\" data-id=\"408d2f78\" data-element_type=\"widget\" data-e-type=\"widget\" data-widget_type=\"text-editor.default\">\n\t\t\t\t<div class=\"elementor-widget-container\">\n\t\t\t\t\t\t\t\t\t<ul>\n<li>Selon l&rsquo;application, nos plaques filtrantes peuvent \u00eatre nettoy\u00e9es avec des pressions de nettoyage allant jusqu&rsquo;\u00e0 6 bar<\/li>\n<li>les pointes de plis enti\u00e8rement coll\u00e9es forment des canaux d&rsquo;air pour assurer un flux d&rsquo;air optimal sans turbulences inutiles<\/li>\n<li>les pointes de plis enti\u00e8rement coll\u00e9es augmentent la rigidit\u00e9 de la plaque filtrante. De mani\u00e8re analogue \u00e0 la rigidit\u00e9, l&rsquo;efficacit\u00e9 en ce qui concerne les performances de filtration de la plaque filtrante augmente \u00e9galement<\/li>\n<\/ul>\n\t\t\t\t\t\t\t\t<\/div>\n\t\t\t\t<\/div>\n\t\t\t\t\t<\/div>\n\t\t\t\t<\/div>\n\t\t\t\t<\/div>\n\t\t\t\t<\/div>\n\t\t","protected":false},"excerpt":{"rendered":"<p>PROJECT GREEN et le collage des pointes de plis Avec nos corps de filtre, 100% de toutes les pointes de plis sont coll\u00e9es ensemble de mani\u00e8re permanente nos embouts pliss\u00e9s sont coll\u00e9s en continu du haut vers le bas de la plaque filtrante nous nous lions de fa\u00e7on permanente et irr\u00e9versible avec une r\u00e9sistance \u00e0 [&hellip;]<\/p>\n","protected":false},"author":1,"featured_media":0,"parent":0,"menu_order":0,"comment_status":"closed","ping_status":"closed","template":"","meta":{"footnotes":""},"class_list":["post-1256","page","type-page","status-publish","hentry"],"yoast_head":"<!-- This site is optimized with the Yoast SEO plugin v24.2 - https:\/\/yoast.com\/wordpress\/plugins\/seo\/ -->\n<title>Collage des pointes pliss\u00e9es - PROJECT GREEN GmbH<\/title>\n<meta name=\"robots\" content=\"index, follow, max-snippet:-1, max-image-preview:large, max-video-preview:-1\" \/>\n<link rel=\"canonical\" href=\"https:\/\/www.project-green.com\/fr\/collage-des-pointes-plissees\/\" \/>\n<meta property=\"og:locale\" content=\"fr_FR\" \/>\n<meta property=\"og:type\" content=\"article\" \/>\n<meta property=\"og:title\" content=\"Collage des pointes pliss\u00e9es - PROJECT GREEN GmbH\" \/>\n<meta property=\"og:description\" content=\"PROJECT GREEN et le collage des pointes de plis Avec nos corps de filtre, 100% de toutes les pointes de plis sont coll\u00e9es ensemble de mani\u00e8re permanente nos embouts pliss\u00e9s sont coll\u00e9s en continu du haut vers le bas de la plaque filtrante nous nous lions de fa\u00e7on permanente et irr\u00e9versible avec une r\u00e9sistance \u00e0 [&hellip;]\" \/>\n<meta property=\"og:url\" content=\"https:\/\/www.project-green.com\/fr\/collage-des-pointes-plissees\/\" \/>\n<meta property=\"og:site_name\" content=\"PROJECT GREEN GmbH\" \/>\n<meta property=\"article:modified_time\" content=\"2023-05-17T09:02:57+00:00\" \/>\n<meta property=\"og:image\" content=\"https:\/\/www.project-green.com\/wp-content\/uploads\/2023\/05\/Faltenverklebung-1024x314.jpg\" \/>\n<meta name=\"twitter:card\" content=\"summary_large_image\" \/>\n<meta name=\"twitter:label1\" content=\"Dur\u00e9e de lecture estim\u00e9e\" \/>\n\t<meta name=\"twitter:data1\" content=\"1 minute\" \/>\n<script type=\"application\/ld+json\" class=\"yoast-schema-graph\">{\"@context\":\"https:\/\/schema.org\",\"@graph\":[{\"@type\":\"WebPage\",\"@id\":\"https:\/\/www.project-green.com\/fr\/collage-des-pointes-plissees\/\",\"url\":\"https:\/\/www.project-green.com\/fr\/collage-des-pointes-plissees\/\",\"name\":\"Collage des pointes pliss\u00e9es - PROJECT GREEN GmbH\",\"isPartOf\":{\"@id\":\"https:\/\/www.project-green.com\/#website\"},\"primaryImageOfPage\":{\"@id\":\"https:\/\/www.project-green.com\/fr\/collage-des-pointes-plissees\/#primaryimage\"},\"image\":{\"@id\":\"https:\/\/www.project-green.com\/fr\/collage-des-pointes-plissees\/#primaryimage\"},\"thumbnailUrl\":\"https:\/\/www.project-green.com\/wp-content\/uploads\/2023\/05\/Faltenverklebung-1024x314.jpg\",\"datePublished\":\"2023-05-05T20:12:13+00:00\",\"dateModified\":\"2023-05-17T09:02:57+00:00\",\"breadcrumb\":{\"@id\":\"https:\/\/www.project-green.com\/fr\/collage-des-pointes-plissees\/#breadcrumb\"},\"inLanguage\":\"fr-FR\",\"potentialAction\":[{\"@type\":\"ReadAction\",\"target\":[\"https:\/\/www.project-green.com\/fr\/collage-des-pointes-plissees\/\"]}]},{\"@type\":\"ImageObject\",\"inLanguage\":\"fr-FR\",\"@id\":\"https:\/\/www.project-green.com\/fr\/collage-des-pointes-plissees\/#primaryimage\",\"url\":\"https:\/\/www.project-green.com\/wp-content\/uploads\/2023\/05\/Faltenverklebung-1024x314.jpg\",\"contentUrl\":\"https:\/\/www.project-green.com\/wp-content\/uploads\/2023\/05\/Faltenverklebung-1024x314.jpg\"},{\"@type\":\"BreadcrumbList\",\"@id\":\"https:\/\/www.project-green.com\/fr\/collage-des-pointes-plissees\/#breadcrumb\",\"itemListElement\":[{\"@type\":\"ListItem\",\"position\":1,\"name\":\"Startseite\",\"item\":\"https:\/\/www.project-green.com\/fr\/\"},{\"@type\":\"ListItem\",\"position\":2,\"name\":\"Collage des pointes pliss\u00e9es\"}]},{\"@type\":\"WebSite\",\"@id\":\"https:\/\/www.project-green.com\/#website\",\"url\":\"https:\/\/www.project-green.com\/\",\"name\":\"PROJECT GREEN GmbH\",\"description\":\"pure air for everyone!\",\"publisher\":{\"@id\":\"https:\/\/www.project-green.com\/#organization\"},\"potentialAction\":[{\"@type\":\"SearchAction\",\"target\":{\"@type\":\"EntryPoint\",\"urlTemplate\":\"https:\/\/www.project-green.com\/?s={search_term_string}\"},\"query-input\":{\"@type\":\"PropertyValueSpecification\",\"valueRequired\":true,\"valueName\":\"search_term_string\"}}],\"inLanguage\":\"fr-FR\"},{\"@type\":\"Organization\",\"@id\":\"https:\/\/www.project-green.com\/#organization\",\"name\":\"PROJECT GREEN GmbH\",\"url\":\"https:\/\/www.project-green.com\/\",\"logo\":{\"@type\":\"ImageObject\",\"inLanguage\":\"fr-FR\",\"@id\":\"https:\/\/www.project-green.com\/#\/schema\/logo\/image\/\",\"url\":\"https:\/\/www.project-green.com\/wp-content\/uploads\/2023\/05\/Logo_PG_r_72dpi_RGB.webp\",\"contentUrl\":\"https:\/\/www.project-green.com\/wp-content\/uploads\/2023\/05\/Logo_PG_r_72dpi_RGB.webp\",\"width\":732,\"height\":255,\"caption\":\"PROJECT GREEN GmbH\"},\"image\":{\"@id\":\"https:\/\/www.project-green.com\/#\/schema\/logo\/image\/\"}}]}<\/script>\n<!-- \/ Yoast SEO plugin. -->","yoast_head_json":{"title":"Collage des pointes pliss\u00e9es - PROJECT GREEN GmbH","robots":{"index":"index","follow":"follow","max-snippet":"max-snippet:-1","max-image-preview":"max-image-preview:large","max-video-preview":"max-video-preview:-1"},"canonical":"https:\/\/www.project-green.com\/fr\/collage-des-pointes-plissees\/","og_locale":"fr_FR","og_type":"article","og_title":"Collage des pointes pliss\u00e9es - PROJECT GREEN GmbH","og_description":"PROJECT GREEN et le collage des pointes de plis Avec nos corps de filtre, 100% de toutes les pointes de plis sont coll\u00e9es ensemble de mani\u00e8re permanente nos embouts pliss\u00e9s sont coll\u00e9s en continu du haut vers le bas de la plaque filtrante nous nous lions de fa\u00e7on permanente et irr\u00e9versible avec une r\u00e9sistance \u00e0 [&hellip;]","og_url":"https:\/\/www.project-green.com\/fr\/collage-des-pointes-plissees\/","og_site_name":"PROJECT GREEN GmbH","article_modified_time":"2023-05-17T09:02:57+00:00","og_image":[{"url":"https:\/\/www.project-green.com\/wp-content\/uploads\/2023\/05\/Faltenverklebung-1024x314.jpg","type":"","width":"","height":""}],"twitter_card":"summary_large_image","twitter_misc":{"Dur\u00e9e de lecture estim\u00e9e":"1 minute"},"schema":{"@context":"https:\/\/schema.org","@graph":[{"@type":"WebPage","@id":"https:\/\/www.project-green.com\/fr\/collage-des-pointes-plissees\/","url":"https:\/\/www.project-green.com\/fr\/collage-des-pointes-plissees\/","name":"Collage des pointes pliss\u00e9es - PROJECT GREEN GmbH","isPartOf":{"@id":"https:\/\/www.project-green.com\/#website"},"primaryImageOfPage":{"@id":"https:\/\/www.project-green.com\/fr\/collage-des-pointes-plissees\/#primaryimage"},"image":{"@id":"https:\/\/www.project-green.com\/fr\/collage-des-pointes-plissees\/#primaryimage"},"thumbnailUrl":"https:\/\/www.project-green.com\/wp-content\/uploads\/2023\/05\/Faltenverklebung-1024x314.jpg","datePublished":"2023-05-05T20:12:13+00:00","dateModified":"2023-05-17T09:02:57+00:00","breadcrumb":{"@id":"https:\/\/www.project-green.com\/fr\/collage-des-pointes-plissees\/#breadcrumb"},"inLanguage":"fr-FR","potentialAction":[{"@type":"ReadAction","target":["https:\/\/www.project-green.com\/fr\/collage-des-pointes-plissees\/"]}]},{"@type":"ImageObject","inLanguage":"fr-FR","@id":"https:\/\/www.project-green.com\/fr\/collage-des-pointes-plissees\/#primaryimage","url":"https:\/\/www.project-green.com\/wp-content\/uploads\/2023\/05\/Faltenverklebung-1024x314.jpg","contentUrl":"https:\/\/www.project-green.com\/wp-content\/uploads\/2023\/05\/Faltenverklebung-1024x314.jpg"},{"@type":"BreadcrumbList","@id":"https:\/\/www.project-green.com\/fr\/collage-des-pointes-plissees\/#breadcrumb","itemListElement":[{"@type":"ListItem","position":1,"name":"Startseite","item":"https:\/\/www.project-green.com\/fr\/"},{"@type":"ListItem","position":2,"name":"Collage des pointes pliss\u00e9es"}]},{"@type":"WebSite","@id":"https:\/\/www.project-green.com\/#website","url":"https:\/\/www.project-green.com\/","name":"PROJECT GREEN GmbH","description":"pure air for everyone!","publisher":{"@id":"https:\/\/www.project-green.com\/#organization"},"potentialAction":[{"@type":"SearchAction","target":{"@type":"EntryPoint","urlTemplate":"https:\/\/www.project-green.com\/?s={search_term_string}"},"query-input":{"@type":"PropertyValueSpecification","valueRequired":true,"valueName":"search_term_string"}}],"inLanguage":"fr-FR"},{"@type":"Organization","@id":"https:\/\/www.project-green.com\/#organization","name":"PROJECT GREEN GmbH","url":"https:\/\/www.project-green.com\/","logo":{"@type":"ImageObject","inLanguage":"fr-FR","@id":"https:\/\/www.project-green.com\/#\/schema\/logo\/image\/","url":"https:\/\/www.project-green.com\/wp-content\/uploads\/2023\/05\/Logo_PG_r_72dpi_RGB.webp","contentUrl":"https:\/\/www.project-green.com\/wp-content\/uploads\/2023\/05\/Logo_PG_r_72dpi_RGB.webp","width":732,"height":255,"caption":"PROJECT GREEN GmbH"},"image":{"@id":"https:\/\/www.project-green.com\/#\/schema\/logo\/image\/"}}]}},"_links":{"self":[{"href":"https:\/\/www.project-green.com\/fr\/wp-json\/wp\/v2\/pages\/1256","targetHints":{"allow":["GET"]}}],"collection":[{"href":"https:\/\/www.project-green.com\/fr\/wp-json\/wp\/v2\/pages"}],"about":[{"href":"https:\/\/www.project-green.com\/fr\/wp-json\/wp\/v2\/types\/page"}],"author":[{"embeddable":true,"href":"https:\/\/www.project-green.com\/fr\/wp-json\/wp\/v2\/users\/1"}],"replies":[{"embeddable":true,"href":"https:\/\/www.project-green.com\/fr\/wp-json\/wp\/v2\/comments?post=1256"}],"version-history":[{"count":1,"href":"https:\/\/www.project-green.com\/fr\/wp-json\/wp\/v2\/pages\/1256\/revisions"}],"predecessor-version":[{"id":1257,"href":"https:\/\/www.project-green.com\/fr\/wp-json\/wp\/v2\/pages\/1256\/revisions\/1257"}],"wp:attachment":[{"href":"https:\/\/www.project-green.com\/fr\/wp-json\/wp\/v2\/media?parent=1256"}],"curies":[{"name":"wp","href":"https:\/\/api.w.org\/{rel}","templated":true}]}}