{"id":1254,"date":"2023-05-05T21:28:10","date_gmt":"2023-05-05T19:28:10","guid":{"rendered":"https:\/\/www.project-green.com\/conforme-aux-normes-alimentaires\/"},"modified":"2023-05-17T21:49:20","modified_gmt":"2023-05-17T19:49:20","slug":"conforme-aux-normes-alimentaires","status":"publish","type":"page","link":"https:\/\/www.project-green.com\/fr\/conforme-aux-normes-alimentaires\/","title":{"rendered":"Conforme aux normes alimentaires"},"content":{"rendered":"\t\t<div data-elementor-type=\"wp-page\" data-elementor-id=\"1254\" class=\"elementor elementor-1254 elementor-620\" data-elementor-post-type=\"page\">\n\t\t\t\t<div class=\"elementor-element elementor-element-8286f9e e-flex e-con-boxed e-con e-parent\" data-id=\"8286f9e\" data-element_type=\"container\" data-e-type=\"container\">\n\t\t\t\t\t<div class=\"e-con-inner\">\n\t\t\t\t<div class=\"elementor-element elementor-element-17863ba elementor-widget elementor-widget-heading\" data-id=\"17863ba\" data-element_type=\"widget\" data-e-type=\"widget\" data-widget_type=\"heading.default\">\n\t\t\t\t<div class=\"elementor-widget-container\">\n\t\t\t\t\t<h2 class=\"elementor-heading-title elementor-size-default\">Les filtres PROJECT GREEN sont certifi\u00e9s pour le contact avec les aliments<\/h2>\t\t\t\t<\/div>\n\t\t\t\t<\/div>\n\t\t\t\t<div class=\"elementor-element elementor-element-2b096b4 elementor-widget elementor-widget-text-editor\" data-id=\"2b096b4\" data-element_type=\"widget\" data-e-type=\"widget\" data-widget_type=\"text-editor.default\">\n\t\t\t\t<div class=\"elementor-widget-container\">\n\t\t\t\t\t\t\t\t\t<p>Nous avons charg\u00e9 Eurofins Institut Nehring GmbH de soumettre un \u00e9l\u00e9ment filtrant complet de notre production \u00e0 un test de migration conform\u00e9ment aux exigences de l&rsquo;UE 10\/2011 pour les plastiques en contact avec les aliments.<\/p>\n<p>Selon EU 1953:2004 Art 3 et le Food and Feed Code (LFGB) \u00a7\u00a730 et 31, notre plaque filtrante est conforme et adapt\u00e9e au contact r\u00e9p\u00e9t\u00e9 avec les aliments. <\/p>\n\t\t\t\t\t\t\t\t<\/div>\n\t\t\t\t<\/div>\n\t\t\t\t<div class=\"elementor-element elementor-element-8063a00 elementor-widget elementor-widget-image\" data-id=\"8063a00\" data-element_type=\"widget\" data-e-type=\"widget\" data-widget_type=\"image.default\">\n\t\t\t\t<div class=\"elementor-widget-container\">\n\t\t\t\t\t\t\t\t\t\t\t\t\t\t\t<img fetchpriority=\"high\" decoding=\"async\" width=\"800\" height=\"533\" src=\"https:\/\/www.project-green.com\/wp-content\/uploads\/2023\/05\/Depositphotos_271279270_L-1024x682.jpg\" class=\"attachment-large size-large wp-image-994\" alt=\"\" srcset=\"https:\/\/www.project-green.com\/wp-content\/uploads\/2023\/05\/Depositphotos_271279270_L-1024x682.jpg 1024w, https:\/\/www.project-green.com\/wp-content\/uploads\/2023\/05\/Depositphotos_271279270_L-300x200.jpg 300w, https:\/\/www.project-green.com\/wp-content\/uploads\/2023\/05\/Depositphotos_271279270_L-768x512.jpg 768w, https:\/\/www.project-green.com\/wp-content\/uploads\/2023\/05\/Depositphotos_271279270_L-1536x1024.jpg 1536w, https:\/\/www.project-green.com\/wp-content\/uploads\/2023\/05\/Depositphotos_271279270_L.jpg 2000w\" sizes=\"(max-width: 800px) 100vw, 800px\" \/>\t\t\t\t\t\t\t\t\t\t\t\t\t\t\t<\/div>\n\t\t\t\t<\/div>\n\t\t\t\t\t<\/div>\n\t\t\t\t<\/div>\n\t\t\t\t<\/div>\n\t\t","protected":false},"excerpt":{"rendered":"<p>Les filtres PROJECT GREEN sont certifi\u00e9s pour le contact avec les aliments Nous avons charg\u00e9 Eurofins Institut Nehring GmbH de soumettre un \u00e9l\u00e9ment filtrant complet de notre production \u00e0 un test de migration conform\u00e9ment aux exigences de l&rsquo;UE 10\/2011 pour les plastiques en contact avec les aliments. Selon EU 1953:2004 Art 3 et le Food [&hellip;]<\/p>\n","protected":false},"author":1,"featured_media":0,"parent":0,"menu_order":0,"comment_status":"closed","ping_status":"closed","template":"","meta":{"footnotes":""},"class_list":["post-1254","page","type-page","status-publish","hentry"],"yoast_head":"<!-- This site is optimized with the Yoast SEO plugin v24.2 - https:\/\/yoast.com\/wordpress\/plugins\/seo\/ -->\n<title>Conforme aux normes alimentaires - PROJECT GREEN GmbH<\/title>\n<meta name=\"robots\" content=\"index, follow, max-snippet:-1, max-image-preview:large, max-video-preview:-1\" \/>\n<link rel=\"canonical\" href=\"https:\/\/www.project-green.com\/fr\/conforme-aux-normes-alimentaires\/\" \/>\n<meta property=\"og:locale\" content=\"fr_FR\" \/>\n<meta property=\"og:type\" content=\"article\" \/>\n<meta property=\"og:title\" content=\"Conforme aux normes alimentaires - PROJECT GREEN GmbH\" \/>\n<meta property=\"og:description\" content=\"Les filtres PROJECT GREEN sont certifi\u00e9s pour le contact avec les aliments Nous avons charg\u00e9 Eurofins Institut Nehring GmbH de soumettre un \u00e9l\u00e9ment filtrant complet de notre production \u00e0 un test de migration conform\u00e9ment aux exigences de l&rsquo;UE 10\/2011 pour les plastiques en contact avec les aliments. Selon EU 1953:2004 Art 3 et le Food [&hellip;]\" \/>\n<meta property=\"og:url\" content=\"https:\/\/www.project-green.com\/fr\/conforme-aux-normes-alimentaires\/\" \/>\n<meta property=\"og:site_name\" content=\"PROJECT GREEN GmbH\" \/>\n<meta property=\"article:modified_time\" content=\"2023-05-17T19:49:20+00:00\" \/>\n<meta property=\"og:image\" content=\"https:\/\/www.project-green.com\/wp-content\/uploads\/2023\/05\/Depositphotos_271279270_L-1024x682.jpg\" \/>\n<meta name=\"twitter:card\" content=\"summary_large_image\" \/>\n<script type=\"application\/ld+json\" class=\"yoast-schema-graph\">{\"@context\":\"https:\/\/schema.org\",\"@graph\":[{\"@type\":\"WebPage\",\"@id\":\"https:\/\/www.project-green.com\/fr\/conforme-aux-normes-alimentaires\/\",\"url\":\"https:\/\/www.project-green.com\/fr\/conforme-aux-normes-alimentaires\/\",\"name\":\"Conforme aux normes alimentaires - PROJECT GREEN GmbH\",\"isPartOf\":{\"@id\":\"https:\/\/www.project-green.com\/#website\"},\"primaryImageOfPage\":{\"@id\":\"https:\/\/www.project-green.com\/fr\/conforme-aux-normes-alimentaires\/#primaryimage\"},\"image\":{\"@id\":\"https:\/\/www.project-green.com\/fr\/conforme-aux-normes-alimentaires\/#primaryimage\"},\"thumbnailUrl\":\"https:\/\/www.project-green.com\/wp-content\/uploads\/2023\/05\/Depositphotos_271279270_L-1024x682.jpg\",\"datePublished\":\"2023-05-05T19:28:10+00:00\",\"dateModified\":\"2023-05-17T19:49:20+00:00\",\"breadcrumb\":{\"@id\":\"https:\/\/www.project-green.com\/fr\/conforme-aux-normes-alimentaires\/#breadcrumb\"},\"inLanguage\":\"fr-FR\",\"potentialAction\":[{\"@type\":\"ReadAction\",\"target\":[\"https:\/\/www.project-green.com\/fr\/conforme-aux-normes-alimentaires\/\"]}]},{\"@type\":\"ImageObject\",\"inLanguage\":\"fr-FR\",\"@id\":\"https:\/\/www.project-green.com\/fr\/conforme-aux-normes-alimentaires\/#primaryimage\",\"url\":\"https:\/\/www.project-green.com\/wp-content\/uploads\/2023\/05\/Depositphotos_271279270_L-1024x682.jpg\",\"contentUrl\":\"https:\/\/www.project-green.com\/wp-content\/uploads\/2023\/05\/Depositphotos_271279270_L-1024x682.jpg\"},{\"@type\":\"BreadcrumbList\",\"@id\":\"https:\/\/www.project-green.com\/fr\/conforme-aux-normes-alimentaires\/#breadcrumb\",\"itemListElement\":[{\"@type\":\"ListItem\",\"position\":1,\"name\":\"Startseite\",\"item\":\"https:\/\/www.project-green.com\/fr\/\"},{\"@type\":\"ListItem\",\"position\":2,\"name\":\"Conforme aux normes alimentaires\"}]},{\"@type\":\"WebSite\",\"@id\":\"https:\/\/www.project-green.com\/#website\",\"url\":\"https:\/\/www.project-green.com\/\",\"name\":\"PROJECT GREEN GmbH\",\"description\":\"pure air for everyone!\",\"publisher\":{\"@id\":\"https:\/\/www.project-green.com\/#organization\"},\"potentialAction\":[{\"@type\":\"SearchAction\",\"target\":{\"@type\":\"EntryPoint\",\"urlTemplate\":\"https:\/\/www.project-green.com\/?s={search_term_string}\"},\"query-input\":{\"@type\":\"PropertyValueSpecification\",\"valueRequired\":true,\"valueName\":\"search_term_string\"}}],\"inLanguage\":\"fr-FR\"},{\"@type\":\"Organization\",\"@id\":\"https:\/\/www.project-green.com\/#organization\",\"name\":\"PROJECT GREEN GmbH\",\"url\":\"https:\/\/www.project-green.com\/\",\"logo\":{\"@type\":\"ImageObject\",\"inLanguage\":\"fr-FR\",\"@id\":\"https:\/\/www.project-green.com\/#\/schema\/logo\/image\/\",\"url\":\"https:\/\/www.project-green.com\/wp-content\/uploads\/2023\/05\/Logo_PG_r_72dpi_RGB.webp\",\"contentUrl\":\"https:\/\/www.project-green.com\/wp-content\/uploads\/2023\/05\/Logo_PG_r_72dpi_RGB.webp\",\"width\":732,\"height\":255,\"caption\":\"PROJECT GREEN GmbH\"},\"image\":{\"@id\":\"https:\/\/www.project-green.com\/#\/schema\/logo\/image\/\"}}]}<\/script>\n<!-- \/ Yoast SEO plugin. -->","yoast_head_json":{"title":"Conforme aux normes alimentaires - PROJECT GREEN GmbH","robots":{"index":"index","follow":"follow","max-snippet":"max-snippet:-1","max-image-preview":"max-image-preview:large","max-video-preview":"max-video-preview:-1"},"canonical":"https:\/\/www.project-green.com\/fr\/conforme-aux-normes-alimentaires\/","og_locale":"fr_FR","og_type":"article","og_title":"Conforme aux normes alimentaires - PROJECT GREEN GmbH","og_description":"Les filtres PROJECT GREEN sont certifi\u00e9s pour le contact avec les aliments Nous avons charg\u00e9 Eurofins Institut Nehring GmbH de soumettre un \u00e9l\u00e9ment filtrant complet de notre production \u00e0 un test de migration conform\u00e9ment aux exigences de l&rsquo;UE 10\/2011 pour les plastiques en contact avec les aliments. Selon EU 1953:2004 Art 3 et le Food [&hellip;]","og_url":"https:\/\/www.project-green.com\/fr\/conforme-aux-normes-alimentaires\/","og_site_name":"PROJECT GREEN GmbH","article_modified_time":"2023-05-17T19:49:20+00:00","og_image":[{"url":"https:\/\/www.project-green.com\/wp-content\/uploads\/2023\/05\/Depositphotos_271279270_L-1024x682.jpg","type":"","width":"","height":""}],"twitter_card":"summary_large_image","schema":{"@context":"https:\/\/schema.org","@graph":[{"@type":"WebPage","@id":"https:\/\/www.project-green.com\/fr\/conforme-aux-normes-alimentaires\/","url":"https:\/\/www.project-green.com\/fr\/conforme-aux-normes-alimentaires\/","name":"Conforme aux normes alimentaires - PROJECT GREEN GmbH","isPartOf":{"@id":"https:\/\/www.project-green.com\/#website"},"primaryImageOfPage":{"@id":"https:\/\/www.project-green.com\/fr\/conforme-aux-normes-alimentaires\/#primaryimage"},"image":{"@id":"https:\/\/www.project-green.com\/fr\/conforme-aux-normes-alimentaires\/#primaryimage"},"thumbnailUrl":"https:\/\/www.project-green.com\/wp-content\/uploads\/2023\/05\/Depositphotos_271279270_L-1024x682.jpg","datePublished":"2023-05-05T19:28:10+00:00","dateModified":"2023-05-17T19:49:20+00:00","breadcrumb":{"@id":"https:\/\/www.project-green.com\/fr\/conforme-aux-normes-alimentaires\/#breadcrumb"},"inLanguage":"fr-FR","potentialAction":[{"@type":"ReadAction","target":["https:\/\/www.project-green.com\/fr\/conforme-aux-normes-alimentaires\/"]}]},{"@type":"ImageObject","inLanguage":"fr-FR","@id":"https:\/\/www.project-green.com\/fr\/conforme-aux-normes-alimentaires\/#primaryimage","url":"https:\/\/www.project-green.com\/wp-content\/uploads\/2023\/05\/Depositphotos_271279270_L-1024x682.jpg","contentUrl":"https:\/\/www.project-green.com\/wp-content\/uploads\/2023\/05\/Depositphotos_271279270_L-1024x682.jpg"},{"@type":"BreadcrumbList","@id":"https:\/\/www.project-green.com\/fr\/conforme-aux-normes-alimentaires\/#breadcrumb","itemListElement":[{"@type":"ListItem","position":1,"name":"Startseite","item":"https:\/\/www.project-green.com\/fr\/"},{"@type":"ListItem","position":2,"name":"Conforme aux normes alimentaires"}]},{"@type":"WebSite","@id":"https:\/\/www.project-green.com\/#website","url":"https:\/\/www.project-green.com\/","name":"PROJECT GREEN GmbH","description":"pure air for everyone!","publisher":{"@id":"https:\/\/www.project-green.com\/#organization"},"potentialAction":[{"@type":"SearchAction","target":{"@type":"EntryPoint","urlTemplate":"https:\/\/www.project-green.com\/?s={search_term_string}"},"query-input":{"@type":"PropertyValueSpecification","valueRequired":true,"valueName":"search_term_string"}}],"inLanguage":"fr-FR"},{"@type":"Organization","@id":"https:\/\/www.project-green.com\/#organization","name":"PROJECT GREEN GmbH","url":"https:\/\/www.project-green.com\/","logo":{"@type":"ImageObject","inLanguage":"fr-FR","@id":"https:\/\/www.project-green.com\/#\/schema\/logo\/image\/","url":"https:\/\/www.project-green.com\/wp-content\/uploads\/2023\/05\/Logo_PG_r_72dpi_RGB.webp","contentUrl":"https:\/\/www.project-green.com\/wp-content\/uploads\/2023\/05\/Logo_PG_r_72dpi_RGB.webp","width":732,"height":255,"caption":"PROJECT GREEN GmbH"},"image":{"@id":"https:\/\/www.project-green.com\/#\/schema\/logo\/image\/"}}]}},"_links":{"self":[{"href":"https:\/\/www.project-green.com\/fr\/wp-json\/wp\/v2\/pages\/1254","targetHints":{"allow":["GET"]}}],"collection":[{"href":"https:\/\/www.project-green.com\/fr\/wp-json\/wp\/v2\/pages"}],"about":[{"href":"https:\/\/www.project-green.com\/fr\/wp-json\/wp\/v2\/types\/page"}],"author":[{"embeddable":true,"href":"https:\/\/www.project-green.com\/fr\/wp-json\/wp\/v2\/users\/1"}],"replies":[{"embeddable":true,"href":"https:\/\/www.project-green.com\/fr\/wp-json\/wp\/v2\/comments?post=1254"}],"version-history":[{"count":2,"href":"https:\/\/www.project-green.com\/fr\/wp-json\/wp\/v2\/pages\/1254\/revisions"}],"predecessor-version":[{"id":1533,"href":"https:\/\/www.project-green.com\/fr\/wp-json\/wp\/v2\/pages\/1254\/revisions\/1533"}],"wp:attachment":[{"href":"https:\/\/www.project-green.com\/fr\/wp-json\/wp\/v2\/media?parent=1254"}],"curies":[{"name":"wp","href":"https:\/\/api.w.org\/{rel}","templated":true}]}}