{"id":1252,"date":"2023-05-03T01:30:01","date_gmt":"2023-05-02T23:30:01","guid":{"rendered":"https:\/\/www.project-green.com\/carriere\/"},"modified":"2023-05-17T10:42:27","modified_gmt":"2023-05-17T08:42:27","slug":"carriere","status":"publish","type":"page","link":"https:\/\/www.project-green.com\/fr\/carriere\/","title":{"rendered":"Carri\u00e8re"},"content":{"rendered":"\t\t<div data-elementor-type=\"wp-page\" data-elementor-id=\"1252\" class=\"elementor elementor-1252 elementor-125\" data-elementor-post-type=\"page\">\n\t\t\t\t<div class=\"elementor-element elementor-element-2112da22 e-flex e-con-boxed e-con e-parent\" data-id=\"2112da22\" data-element_type=\"container\" data-e-type=\"container\">\n\t\t\t\t\t<div class=\"e-con-inner\">\n\t\t<div class=\"elementor-element elementor-element-6d36864a e-flex e-con-boxed e-con e-parent\" data-id=\"6d36864a\" data-element_type=\"container\" data-e-type=\"container\">\n\t\t\t\t\t<div class=\"e-con-inner\">\n\t\t<div class=\"elementor-element elementor-element-5aa252ad e-flex e-con-boxed e-con e-parent\" data-id=\"5aa252ad\" data-element_type=\"container\" data-e-type=\"container\">\n\t\t\t\t\t<div class=\"e-con-inner\">\n\t\t\t\t<div class=\"elementor-element elementor-element-30de2d3a elementor-widget elementor-widget-heading\" data-id=\"30de2d3a\" data-element_type=\"widget\" data-e-type=\"widget\" data-widget_type=\"heading.default\">\n\t\t\t\t<div class=\"elementor-widget-container\">\n\t\t\t\t\t<h2 class=\"elementor-heading-title elementor-size-default\">Votre emploi chez PROJECT GREEN GmbH - Rejoignez notre \u00e9quipe<\/h2>\t\t\t\t<\/div>\n\t\t\t\t<\/div>\n\t\t\t\t<div class=\"elementor-element elementor-element-7b08e3cd elementor-widget__width-initial elementor-widget elementor-widget-text-editor\" data-id=\"7b08e3cd\" data-element_type=\"widget\" data-e-type=\"widget\" data-widget_type=\"text-editor.default\">\n\t\t\t\t<div class=\"elementor-widget-container\">\n\t\t\t\t\t\t\t\t\t<p class=\"bodytext\">PROJECT GREEN GmbH offre des opportunit\u00e9s de carri\u00e8re individuelles dans un environnement international, exigeant et dynamique. La pens\u00e9e et l&rsquo;action entrepreneuriales ainsi que des normes de qualit\u00e9 \u00e9lev\u00e9es pour nous-m\u00eames et nos produits sont tout aussi importantes pour nous qu&rsquo;une m\u00e9thode de travail pragmatique, orient\u00e9e client et solution.<\/p>\n<p class=\"bodytext\">Dans notre jeune entreprise en pleine croissance, nous nous appuyons sur une \u00e9quipe qui remet intelligemment en question l&rsquo;existant et apporte sa contribution au d\u00e9veloppement futur de l&rsquo;entreprise.<\/p>\n<p class=\"bodytext\">Nos produits et services de d\u00e9poussi\u00e9rage industriel s&rsquo;appuient sur notre exp\u00e9rience, nos comp\u00e9tences et nos qualifications diverses dans une grande vari\u00e9t\u00e9 de disciplines et d&rsquo;industries.<\/p>\n<p class=\"bodytext\">Nous vous offrons:<\/p>\n<ul>\n<li>une ambiance de travail inspirante<\/li>\n<li>un environnement international exigeant<\/li>\n<li>Faire partie d&rsquo;une \u00e9quipe internationale avec des opportunit\u00e9s de d\u00e9veloppement uniques<\/li>\n<li>retraite financ\u00e9e par l&#8217;employeur<\/li>\n<\/ul>\n<p class=\"bodytext\">Si vous souhaitez nous rejoindre, envoyez-nous votre dossier de candidature complet ou contactez-nous.<\/p>\n\t\t\t\t\t\t\t\t<\/div>\n\t\t\t\t<\/div>\n\t\t\t\t\t<\/div>\n\t\t\t\t<\/div>\n\t\t\t\t\t<\/div>\n\t\t\t\t<\/div>\n\t\t\t\t\t<\/div>\n\t\t\t\t<\/div>\n\t\t\t\t<\/div>\n\t\t","protected":false},"excerpt":{"rendered":"<p>Votre emploi chez PROJECT GREEN GmbH &#8211; Rejoignez notre \u00e9quipe PROJECT GREEN GmbH offre des opportunit\u00e9s de carri\u00e8re individuelles dans un environnement international, exigeant et dynamique. La pens\u00e9e et l&rsquo;action entrepreneuriales ainsi que des normes de qualit\u00e9 \u00e9lev\u00e9es pour nous-m\u00eames et nos produits sont tout aussi importantes pour nous qu&rsquo;une m\u00e9thode de travail pragmatique, orient\u00e9e [&hellip;]<\/p>\n","protected":false},"author":1,"featured_media":0,"parent":0,"menu_order":0,"comment_status":"closed","ping_status":"closed","template":"","meta":{"footnotes":""},"class_list":["post-1252","page","type-page","status-publish","hentry"],"yoast_head":"<!-- This site is optimized with the Yoast SEO plugin v24.2 - https:\/\/yoast.com\/wordpress\/plugins\/seo\/ -->\n<title>Carri\u00e8re - PROJECT GREEN GmbH<\/title>\n<meta name=\"robots\" content=\"index, follow, max-snippet:-1, max-image-preview:large, max-video-preview:-1\" \/>\n<link rel=\"canonical\" href=\"https:\/\/www.project-green.com\/fr\/carriere\/\" \/>\n<meta property=\"og:locale\" content=\"fr_FR\" \/>\n<meta property=\"og:type\" content=\"article\" \/>\n<meta property=\"og:title\" content=\"Carri\u00e8re - PROJECT GREEN GmbH\" \/>\n<meta property=\"og:description\" content=\"Votre emploi chez PROJECT GREEN GmbH &#8211; Rejoignez notre \u00e9quipe PROJECT GREEN GmbH offre des opportunit\u00e9s de carri\u00e8re individuelles dans un environnement international, exigeant et dynamique. La pens\u00e9e et l&rsquo;action entrepreneuriales ainsi que des normes de qualit\u00e9 \u00e9lev\u00e9es pour nous-m\u00eames et nos produits sont tout aussi importantes pour nous qu&rsquo;une m\u00e9thode de travail pragmatique, orient\u00e9e [&hellip;]\" \/>\n<meta property=\"og:url\" content=\"https:\/\/www.project-green.com\/fr\/carriere\/\" \/>\n<meta property=\"og:site_name\" content=\"PROJECT GREEN GmbH\" \/>\n<meta property=\"article:modified_time\" content=\"2023-05-17T08:42:27+00:00\" \/>\n<meta name=\"twitter:card\" content=\"summary_large_image\" \/>\n<meta name=\"twitter:label1\" content=\"Dur\u00e9e de lecture estim\u00e9e\" \/>\n\t<meta name=\"twitter:data1\" content=\"1 minute\" \/>\n<script type=\"application\/ld+json\" class=\"yoast-schema-graph\">{\"@context\":\"https:\/\/schema.org\",\"@graph\":[{\"@type\":\"WebPage\",\"@id\":\"https:\/\/www.project-green.com\/fr\/carriere\/\",\"url\":\"https:\/\/www.project-green.com\/fr\/carriere\/\",\"name\":\"Carri\u00e8re - PROJECT GREEN GmbH\",\"isPartOf\":{\"@id\":\"https:\/\/www.project-green.com\/#website\"},\"datePublished\":\"2023-05-02T23:30:01+00:00\",\"dateModified\":\"2023-05-17T08:42:27+00:00\",\"breadcrumb\":{\"@id\":\"https:\/\/www.project-green.com\/fr\/carriere\/#breadcrumb\"},\"inLanguage\":\"fr-FR\",\"potentialAction\":[{\"@type\":\"ReadAction\",\"target\":[\"https:\/\/www.project-green.com\/fr\/carriere\/\"]}]},{\"@type\":\"BreadcrumbList\",\"@id\":\"https:\/\/www.project-green.com\/fr\/carriere\/#breadcrumb\",\"itemListElement\":[{\"@type\":\"ListItem\",\"position\":1,\"name\":\"Startseite\",\"item\":\"https:\/\/www.project-green.com\/fr\/\"},{\"@type\":\"ListItem\",\"position\":2,\"name\":\"Carri\u00e8re\"}]},{\"@type\":\"WebSite\",\"@id\":\"https:\/\/www.project-green.com\/#website\",\"url\":\"https:\/\/www.project-green.com\/\",\"name\":\"PROJECT GREEN GmbH\",\"description\":\"pure air for everyone!\",\"publisher\":{\"@id\":\"https:\/\/www.project-green.com\/#organization\"},\"potentialAction\":[{\"@type\":\"SearchAction\",\"target\":{\"@type\":\"EntryPoint\",\"urlTemplate\":\"https:\/\/www.project-green.com\/?s={search_term_string}\"},\"query-input\":{\"@type\":\"PropertyValueSpecification\",\"valueRequired\":true,\"valueName\":\"search_term_string\"}}],\"inLanguage\":\"fr-FR\"},{\"@type\":\"Organization\",\"@id\":\"https:\/\/www.project-green.com\/#organization\",\"name\":\"PROJECT GREEN GmbH\",\"url\":\"https:\/\/www.project-green.com\/\",\"logo\":{\"@type\":\"ImageObject\",\"inLanguage\":\"fr-FR\",\"@id\":\"https:\/\/www.project-green.com\/#\/schema\/logo\/image\/\",\"url\":\"https:\/\/www.project-green.com\/wp-content\/uploads\/2023\/05\/Logo_PG_r_72dpi_RGB.webp\",\"contentUrl\":\"https:\/\/www.project-green.com\/wp-content\/uploads\/2023\/05\/Logo_PG_r_72dpi_RGB.webp\",\"width\":732,\"height\":255,\"caption\":\"PROJECT GREEN GmbH\"},\"image\":{\"@id\":\"https:\/\/www.project-green.com\/#\/schema\/logo\/image\/\"}}]}<\/script>\n<!-- \/ Yoast SEO plugin. -->","yoast_head_json":{"title":"Carri\u00e8re - PROJECT GREEN GmbH","robots":{"index":"index","follow":"follow","max-snippet":"max-snippet:-1","max-image-preview":"max-image-preview:large","max-video-preview":"max-video-preview:-1"},"canonical":"https:\/\/www.project-green.com\/fr\/carriere\/","og_locale":"fr_FR","og_type":"article","og_title":"Carri\u00e8re - PROJECT GREEN GmbH","og_description":"Votre emploi chez PROJECT GREEN GmbH &#8211; Rejoignez notre \u00e9quipe PROJECT GREEN GmbH offre des opportunit\u00e9s de carri\u00e8re individuelles dans un environnement international, exigeant et dynamique. La pens\u00e9e et l&rsquo;action entrepreneuriales ainsi que des normes de qualit\u00e9 \u00e9lev\u00e9es pour nous-m\u00eames et nos produits sont tout aussi importantes pour nous qu&rsquo;une m\u00e9thode de travail pragmatique, orient\u00e9e [&hellip;]","og_url":"https:\/\/www.project-green.com\/fr\/carriere\/","og_site_name":"PROJECT GREEN GmbH","article_modified_time":"2023-05-17T08:42:27+00:00","twitter_card":"summary_large_image","twitter_misc":{"Dur\u00e9e de lecture estim\u00e9e":"1 minute"},"schema":{"@context":"https:\/\/schema.org","@graph":[{"@type":"WebPage","@id":"https:\/\/www.project-green.com\/fr\/carriere\/","url":"https:\/\/www.project-green.com\/fr\/carriere\/","name":"Carri\u00e8re - PROJECT GREEN GmbH","isPartOf":{"@id":"https:\/\/www.project-green.com\/#website"},"datePublished":"2023-05-02T23:30:01+00:00","dateModified":"2023-05-17T08:42:27+00:00","breadcrumb":{"@id":"https:\/\/www.project-green.com\/fr\/carriere\/#breadcrumb"},"inLanguage":"fr-FR","potentialAction":[{"@type":"ReadAction","target":["https:\/\/www.project-green.com\/fr\/carriere\/"]}]},{"@type":"BreadcrumbList","@id":"https:\/\/www.project-green.com\/fr\/carriere\/#breadcrumb","itemListElement":[{"@type":"ListItem","position":1,"name":"Startseite","item":"https:\/\/www.project-green.com\/fr\/"},{"@type":"ListItem","position":2,"name":"Carri\u00e8re"}]},{"@type":"WebSite","@id":"https:\/\/www.project-green.com\/#website","url":"https:\/\/www.project-green.com\/","name":"PROJECT GREEN GmbH","description":"pure air for everyone!","publisher":{"@id":"https:\/\/www.project-green.com\/#organization"},"potentialAction":[{"@type":"SearchAction","target":{"@type":"EntryPoint","urlTemplate":"https:\/\/www.project-green.com\/?s={search_term_string}"},"query-input":{"@type":"PropertyValueSpecification","valueRequired":true,"valueName":"search_term_string"}}],"inLanguage":"fr-FR"},{"@type":"Organization","@id":"https:\/\/www.project-green.com\/#organization","name":"PROJECT GREEN GmbH","url":"https:\/\/www.project-green.com\/","logo":{"@type":"ImageObject","inLanguage":"fr-FR","@id":"https:\/\/www.project-green.com\/#\/schema\/logo\/image\/","url":"https:\/\/www.project-green.com\/wp-content\/uploads\/2023\/05\/Logo_PG_r_72dpi_RGB.webp","contentUrl":"https:\/\/www.project-green.com\/wp-content\/uploads\/2023\/05\/Logo_PG_r_72dpi_RGB.webp","width":732,"height":255,"caption":"PROJECT GREEN GmbH"},"image":{"@id":"https:\/\/www.project-green.com\/#\/schema\/logo\/image\/"}}]}},"_links":{"self":[{"href":"https:\/\/www.project-green.com\/fr\/wp-json\/wp\/v2\/pages\/1252","targetHints":{"allow":["GET"]}}],"collection":[{"href":"https:\/\/www.project-green.com\/fr\/wp-json\/wp\/v2\/pages"}],"about":[{"href":"https:\/\/www.project-green.com\/fr\/wp-json\/wp\/v2\/types\/page"}],"author":[{"embeddable":true,"href":"https:\/\/www.project-green.com\/fr\/wp-json\/wp\/v2\/users\/1"}],"replies":[{"embeddable":true,"href":"https:\/\/www.project-green.com\/fr\/wp-json\/wp\/v2\/comments?post=1252"}],"version-history":[{"count":1,"href":"https:\/\/www.project-green.com\/fr\/wp-json\/wp\/v2\/pages\/1252\/revisions"}],"predecessor-version":[{"id":1253,"href":"https:\/\/www.project-green.com\/fr\/wp-json\/wp\/v2\/pages\/1252\/revisions\/1253"}],"wp:attachment":[{"href":"https:\/\/www.project-green.com\/fr\/wp-json\/wp\/v2\/media?parent=1252"}],"curies":[{"name":"wp","href":"https:\/\/api.w.org\/{rel}","templated":true}]}}