{"id":1240,"date":"2023-05-05T18:21:14","date_gmt":"2023-05-05T16:21:14","guid":{"rendered":"https:\/\/www.project-green.com\/ateliers-de-peinture\/"},"modified":"2023-05-17T21:48:06","modified_gmt":"2023-05-17T19:48:06","slug":"ateliers-de-peinture","status":"publish","type":"page","link":"https:\/\/www.project-green.com\/fr\/ateliers-de-peinture\/","title":{"rendered":"ateliers de peinture"},"content":{"rendered":"\t\t<div data-elementor-type=\"wp-page\" data-elementor-id=\"1240\" class=\"elementor elementor-1240 elementor-563\" data-elementor-post-type=\"page\">\n\t\t\t\t<div class=\"elementor-element elementor-element-3065576 e-con-full e-flex e-con e-parent\" data-id=\"3065576\" data-element_type=\"container\" data-e-type=\"container\">\n\t\t<div class=\"elementor-element elementor-element-f5c483b e-flex e-con-boxed e-con e-parent\" data-id=\"f5c483b\" data-element_type=\"container\" data-e-type=\"container\">\n\t\t\t\t\t<div class=\"e-con-inner\">\n\t\t\t\t<div class=\"elementor-element elementor-element-89478a4 elementor-widget elementor-widget-heading\" data-id=\"89478a4\" data-element_type=\"widget\" data-e-type=\"widget\" data-widget_type=\"heading.default\">\n\t\t\t\t<div class=\"elementor-widget-container\">\n\t\t\t\t\t<h2 class=\"elementor-heading-title elementor-size-default\">Avantages des plaques filtrantes PUREPACT pour la s\u00e9paration de la peinture<\/h2>\t\t\t\t<\/div>\n\t\t\t\t<\/div>\n\t\t\t\t<div class=\"elementor-element elementor-element-3990a8a elementor-widget elementor-widget-text-editor\" data-id=\"3990a8a\" data-element_type=\"widget\" data-e-type=\"widget\" data-widget_type=\"text-editor.default\">\n\t\t\t\t<div class=\"elementor-widget-container\">\n\t\t\t\t\t\t\t\t\t<ul>\n<li>zone de filtre maximale<\/li>\n<li>haute perm\u00e9abilit\u00e9 \u00e0 l&rsquo;air<\/li>\n<li>faible pression diff\u00e9rentielle<\/li>\n<li>R\u00e9duction de la puissance du ventilateur<\/li>\n<li>des co\u00fbts \u00e9nerg\u00e9tiques nettement inf\u00e9rieurs<\/li>\n<li>achat favorable des plaques filtrantes PUREPACT<\/li>\n<\/ul>\n\t\t\t\t\t\t\t\t<\/div>\n\t\t\t\t<\/div>\n\t\t\t\t<div class=\"elementor-element elementor-element-7fa35fc elementor-widget elementor-widget-heading\" data-id=\"7fa35fc\" data-element_type=\"widget\" data-e-type=\"widget\" data-widget_type=\"heading.default\">\n\t\t\t\t<div class=\"elementor-widget-container\">\n\t\t\t\t\t<h2 class=\"elementor-heading-title elementor-size-default\">R\u00e9duction des co\u00fbts jusqu'\u00e0 40 % !<\/h2>\t\t\t\t<\/div>\n\t\t\t\t<\/div>\n\t\t\t\t\t<\/div>\n\t\t\t\t<\/div>\n\t\t<div class=\"elementor-element elementor-element-7297fd4 e-flex e-con-boxed e-con e-parent\" data-id=\"7297fd4\" data-element_type=\"container\" data-e-type=\"container\">\n\t\t\t\t\t<div class=\"e-con-inner\">\n\t\t\t\t<div class=\"elementor-element elementor-element-d12fb7d elementor-widget elementor-widget-image\" data-id=\"d12fb7d\" data-element_type=\"widget\" data-e-type=\"widget\" data-widget_type=\"image.default\">\n\t\t\t\t<div class=\"elementor-widget-container\">\n\t\t\t\t\t\t\t\t\t\t\t\t\t\t\t<img fetchpriority=\"high\" decoding=\"async\" width=\"800\" height=\"533\" src=\"https:\/\/www.project-green.com\/wp-content\/uploads\/2023\/05\/Depositphotos_134165916_L-1024x682.jpg\" class=\"attachment-large size-large wp-image-1022\" alt=\"\" srcset=\"https:\/\/www.project-green.com\/wp-content\/uploads\/2023\/05\/Depositphotos_134165916_L-1024x682.jpg 1024w, https:\/\/www.project-green.com\/wp-content\/uploads\/2023\/05\/Depositphotos_134165916_L-300x200.jpg 300w, https:\/\/www.project-green.com\/wp-content\/uploads\/2023\/05\/Depositphotos_134165916_L-768x512.jpg 768w, https:\/\/www.project-green.com\/wp-content\/uploads\/2023\/05\/Depositphotos_134165916_L-1536x1024.jpg 1536w, https:\/\/www.project-green.com\/wp-content\/uploads\/2023\/05\/Depositphotos_134165916_L.jpg 2000w\" sizes=\"(max-width: 800px) 100vw, 800px\" \/>\t\t\t\t\t\t\t\t\t\t\t\t\t\t\t<\/div>\n\t\t\t\t<\/div>\n\t\t\t\t<div class=\"elementor-element elementor-element-42f2d25 elementor-widget-divider--view-line elementor-widget elementor-widget-divider\" data-id=\"42f2d25\" data-element_type=\"widget\" data-e-type=\"widget\" data-widget_type=\"divider.default\">\n\t\t\t\t<div class=\"elementor-widget-container\">\n\t\t\t\t\t\t\t<div class=\"elementor-divider\">\n\t\t\t<span class=\"elementor-divider-separator\">\n\t\t\t\t\t\t<\/span>\n\t\t<\/div>\n\t\t\t\t\t\t<\/div>\n\t\t\t\t<\/div>\n\t\t\t\t\t<\/div>\n\t\t\t\t<\/div>\n\t\t<div class=\"elementor-element elementor-element-31b46e9 e-flex e-con-boxed e-con e-parent\" data-id=\"31b46e9\" data-element_type=\"container\" data-e-type=\"container\">\n\t\t\t\t\t<div class=\"e-con-inner\">\n\t\t\t\t<div class=\"elementor-element elementor-element-68bab0b elementor-widget elementor-widget-heading\" data-id=\"68bab0b\" data-element_type=\"widget\" data-e-type=\"widget\" data-widget_type=\"heading.default\">\n\t\t\t\t<div class=\"elementor-widget-container\">\n\t\t\t\t\t<h2 class=\"elementor-heading-title elementor-size-default\">D\u00dcRR Eco Scrubber Dry - un bon syst\u00e8me avec un point faible<\/h2>\t\t\t\t<\/div>\n\t\t\t\t<\/div>\n\t\t\t\t<div class=\"elementor-element elementor-element-5ce9c00 elementor-widget elementor-widget-text-editor\" data-id=\"5ce9c00\" data-element_type=\"widget\" data-e-type=\"widget\" data-widget_type=\"text-editor.default\">\n\t\t\t\t<div class=\"elementor-widget-container\">\n\t\t\t\t\t\t\t\t\t<ul>\n<li>avec une \u00e9paisseur de mat\u00e9riau de seulement 2 mm, la plaque de support\/plaque fendue n&rsquo;est pas assez solide<\/li>\n<li>Cela provoque des mouvements sur les surfaces d&rsquo;\u00e9tanch\u00e9it\u00e9 entre le bo\u00eetier et les plaques filtrantes pendant le fonctionnement<\/li>\n<li>sans joint hautement dynamique avec une force de rappel \u00e9lev\u00e9e, la poussi\u00e8re peut p\u00e9n\u00e9trer dans la salle blanche le long des surfaces d&rsquo;\u00e9tanch\u00e9it\u00e9<\/li>\n<\/ul>\n\t\t\t\t\t\t\t\t<\/div>\n\t\t\t\t<\/div>\n\t\t\t\t<div class=\"elementor-element elementor-element-555f1bf elementor-widget elementor-widget-video\" data-id=\"555f1bf\" data-element_type=\"widget\" data-e-type=\"widget\" data-settings=\"{&quot;video_type&quot;:&quot;hosted&quot;,&quot;autoplay&quot;:&quot;yes&quot;,&quot;mute&quot;:&quot;yes&quot;,&quot;loop&quot;:&quot;yes&quot;}\" data-widget_type=\"video.default\">\n\t\t\t\t<div class=\"elementor-widget-container\">\n\t\t\t\t\t\t\t<div class=\"e-hosted-video elementor-wrapper elementor-open-inline\">\n\t\t\t\t\t<video class=\"elementor-video\" src=\"http:\/\/www.pure-filtration.com\/wp-content\/uploads\/2023\/05\/Schlitzplatte-ECO-DRY-SCRUBBER.mp4\" autoplay=\"\" loop=\"\" muted=\"muted\" controlsList=\"nodownload\"><\/video>\n\t\t\t\t<\/div>\n\t\t\t\t\t\t<\/div>\n\t\t\t\t<\/div>\n\t\t\t\t\t<\/div>\n\t\t\t\t<\/div>\n\t\t\t\t<\/div>\n\t\t<div class=\"elementor-element elementor-element-9dc540b e-con-full e-flex e-con e-parent\" data-id=\"9dc540b\" data-element_type=\"container\" data-e-type=\"container\">\n\t\t<div class=\"elementor-element elementor-element-d264057 e-flex e-con-boxed e-con e-parent\" data-id=\"d264057\" data-element_type=\"container\" data-e-type=\"container\">\n\t\t\t\t\t<div class=\"e-con-inner\">\n\t\t\t\t<div class=\"elementor-element elementor-element-0e86ee7 elementor-widget elementor-widget-heading\" data-id=\"0e86ee7\" data-element_type=\"widget\" data-e-type=\"widget\" data-widget_type=\"heading.default\">\n\t\t\t\t<div class=\"elementor-widget-container\">\n\t\t\t\t\t<h2 class=\"elementor-heading-title elementor-size-default\">La solution : notre joint plat PERMAFLEXX<\/h2>\t\t\t\t<\/div>\n\t\t\t\t<\/div>\n\t\t\t\t<div class=\"elementor-element elementor-element-1440a2d elementor-widget elementor-widget-text-editor\" data-id=\"1440a2d\" data-element_type=\"widget\" data-e-type=\"widget\" data-widget_type=\"text-editor.default\">\n\t\t\t\t<div class=\"elementor-widget-container\">\n\t\t\t\t\t\t\t\t\t<ul>\n<li>le joint est \u00e9lastique en permanence<\/li>\n<li>seulement une tr\u00e8s petite perte de force de rappel m\u00eame apr\u00e8s des ann\u00e9es&nbsp;<\/li>\n<li>Propri\u00e9t\u00e9s de r\u00e9cup\u00e9ration rapide pour compenser les impulsions du nettoyage puls\u00e9 et les changements de charge associ\u00e9s<\/li>\n<\/ul>\t\t\t\t\t\t\t\t<\/div>\n\t\t\t\t<\/div>\n\t\t\t\t<div class=\"elementor-element elementor-element-05b43a4 elementor-widget elementor-widget-heading\" data-id=\"05b43a4\" data-element_type=\"widget\" data-e-type=\"widget\" data-widget_type=\"heading.default\">\n\t\t\t\t<div class=\"elementor-widget-container\">\n\t\t\t\t\t<h2 class=\"elementor-heading-title elementor-size-default\">Nous l'avons mesur\u00e9 :<\/h2>\t\t\t\t<\/div>\n\t\t\t\t<\/div>\n\t\t\t\t\t<\/div>\n\t\t\t\t<\/div>\n\t\t\t\t<\/div>\n\t\t<div class=\"elementor-element elementor-element-dddeec1 e-flex e-con-boxed e-con e-parent\" data-id=\"dddeec1\" data-element_type=\"container\" data-e-type=\"container\">\n\t\t\t\t\t<div class=\"e-con-inner\">\n\t\t<div class=\"elementor-element elementor-element-19af74e e-flex e-con-boxed e-con e-parent\" data-id=\"19af74e\" data-element_type=\"container\" data-e-type=\"container\">\n\t\t\t\t\t<div class=\"e-con-inner\">\n\t\t\t\t<div class=\"elementor-element elementor-element-26e9ed7 elementor-widget elementor-widget-image\" data-id=\"26e9ed7\" data-element_type=\"widget\" data-e-type=\"widget\" data-widget_type=\"image.default\">\n\t\t\t\t<div class=\"elementor-widget-container\">\n\t\t\t\t\t\t\t\t\t\t\t\t\t\t\t<img decoding=\"async\" width=\"777\" height=\"405\" src=\"https:\/\/www.project-green.com\/wp-content\/uploads\/2023\/05\/Moellring-EPDM-ZK-d10mm-verdichtet-auf-5mm_50h-1.webp\" class=\"attachment-large size-large wp-image-1074\" alt=\"\" \/>\t\t\t\t\t\t\t\t\t\t\t\t\t\t\t<\/div>\n\t\t\t\t<\/div>\n\t\t\t\t<div class=\"elementor-element elementor-element-20aeb02 elementor-widget elementor-widget-text-editor\" data-id=\"20aeb02\" data-element_type=\"widget\" data-e-type=\"widget\" data-widget_type=\"text-editor.default\">\n\t\t\t\t<div class=\"elementor-widget-container\">\n\t\t\t\t\t\t\t\t\t<p>Test d&rsquo;un joint EPDM<\/p>\n<ul>\n<li>le joint est comprim\u00e9<\/li>\n<li>la contre-pression monte \u00e0 -94N<\/li>\n<li>La compression est maintenue, avec le temps la contre-pression du joint chute de -94N \u00e0 -21N <\/li>\n<li>lorsque la compression est rel\u00e2ch\u00e9e, le joint <u>perd<\/u> le contact avec le plateau de pression<\/li>\n<\/ul>\n\t\t\t\t\t\t\t\t<\/div>\n\t\t\t\t<\/div>\n\t\t\t\t\t<\/div>\n\t\t\t\t<\/div>\n\t\t<div class=\"elementor-element elementor-element-c2ccca3 e-flex e-con-boxed e-con e-parent\" data-id=\"c2ccca3\" data-element_type=\"container\" data-e-type=\"container\">\n\t\t\t\t\t<div class=\"e-con-inner\">\n\t\t\t\t<div class=\"elementor-element elementor-element-9ab2f51 elementor-widget elementor-widget-image\" data-id=\"9ab2f51\" data-element_type=\"widget\" data-e-type=\"widget\" data-widget_type=\"image.default\">\n\t\t\t\t<div class=\"elementor-widget-container\">\n\t\t\t\t\t\t\t\t\t\t\t\t\t\t\t<img decoding=\"async\" width=\"800\" height=\"537\" src=\"https:\/\/www.project-green.com\/wp-content\/uploads\/2023\/05\/Vulkollan-5mm-Multiple_Measurements_2021-10-22_17-53-03-1.webp\" class=\"attachment-large size-large wp-image-1078\" alt=\"\" \/>\t\t\t\t\t\t\t\t\t\t\t\t\t\t\t<\/div>\n\t\t\t\t<\/div>\n\t\t\t\t<div class=\"elementor-element elementor-element-0d766d5 elementor-widget elementor-widget-text-editor\" data-id=\"0d766d5\" data-element_type=\"widget\" data-e-type=\"widget\" data-widget_type=\"text-editor.default\">\n\t\t\t\t<div class=\"elementor-widget-container\">\n\t\t\t\t\t\t\t\t\t<p>Essai du joint PERMAFLEXX<\/p>\n<ul>\n<li>le joint est comprim\u00e9<\/li>\n<li>la contre-pression monte \u00e0 -142N<\/li>\n<li>La compression est maintenue, avec le temps la contre-pression du joint chute de -142N \u00e0 -122N <\/li>\n<li>lorsque la compression est rel\u00e2ch\u00e9e, le joint <u>reste en contact<\/u> avec le plateau de pression<\/li>\n<\/ul>\n\t\t\t\t\t\t\t\t<\/div>\n\t\t\t\t<\/div>\n\t\t\t\t\t<\/div>\n\t\t\t\t<\/div>\n\t\t\t\t\t<\/div>\n\t\t\t\t<\/div>\n\t\t\t\t<\/div>\n\t\t","protected":false},"excerpt":{"rendered":"<p>Avantages des plaques filtrantes PUREPACT pour la s\u00e9paration de la peinture zone de filtre maximale haute perm\u00e9abilit\u00e9 \u00e0 l&rsquo;air faible pression diff\u00e9rentielle R\u00e9duction de la puissance du ventilateur des co\u00fbts \u00e9nerg\u00e9tiques nettement inf\u00e9rieurs achat favorable des plaques filtrantes PUREPACT R\u00e9duction des co\u00fbts jusqu&rsquo;\u00e0 40 % ! D\u00dcRR Eco Scrubber Dry &#8211; un bon syst\u00e8me avec [&hellip;]<\/p>\n","protected":false},"author":1,"featured_media":0,"parent":0,"menu_order":0,"comment_status":"closed","ping_status":"closed","template":"","meta":{"footnotes":""},"class_list":["post-1240","page","type-page","status-publish","hentry"],"yoast_head":"<!-- This site is optimized with the Yoast SEO plugin v24.2 - https:\/\/yoast.com\/wordpress\/plugins\/seo\/ -->\n<title>ateliers de peinture - PROJECT GREEN GmbH<\/title>\n<meta name=\"robots\" content=\"index, follow, max-snippet:-1, max-image-preview:large, max-video-preview:-1\" \/>\n<link rel=\"canonical\" href=\"https:\/\/www.project-green.com\/fr\/ateliers-de-peinture\/\" \/>\n<meta property=\"og:locale\" content=\"fr_FR\" \/>\n<meta property=\"og:type\" content=\"article\" \/>\n<meta property=\"og:title\" content=\"ateliers de peinture - PROJECT GREEN GmbH\" \/>\n<meta property=\"og:description\" content=\"Avantages des plaques filtrantes PUREPACT pour la s\u00e9paration de la peinture zone de filtre maximale haute perm\u00e9abilit\u00e9 \u00e0 l&rsquo;air faible pression diff\u00e9rentielle R\u00e9duction de la puissance du ventilateur des co\u00fbts \u00e9nerg\u00e9tiques nettement inf\u00e9rieurs achat favorable des plaques filtrantes PUREPACT R\u00e9duction des co\u00fbts jusqu&rsquo;\u00e0 40 % ! D\u00dcRR Eco Scrubber Dry &#8211; un bon syst\u00e8me avec [&hellip;]\" \/>\n<meta property=\"og:url\" content=\"https:\/\/www.project-green.com\/fr\/ateliers-de-peinture\/\" \/>\n<meta property=\"og:site_name\" content=\"PROJECT GREEN GmbH\" \/>\n<meta property=\"article:modified_time\" content=\"2023-05-17T19:48:06+00:00\" \/>\n<meta property=\"og:image\" content=\"https:\/\/www.project-green.com\/wp-content\/uploads\/2023\/05\/Depositphotos_134165916_L-1024x682.jpg\" \/>\n<meta name=\"twitter:card\" content=\"summary_large_image\" \/>\n<meta name=\"twitter:label1\" content=\"Dur\u00e9e de lecture estim\u00e9e\" \/>\n\t<meta name=\"twitter:data1\" content=\"1 minute\" \/>\n<script type=\"application\/ld+json\" class=\"yoast-schema-graph\">{\"@context\":\"https:\/\/schema.org\",\"@graph\":[{\"@type\":\"WebPage\",\"@id\":\"https:\/\/www.project-green.com\/fr\/ateliers-de-peinture\/\",\"url\":\"https:\/\/www.project-green.com\/fr\/ateliers-de-peinture\/\",\"name\":\"ateliers de peinture - PROJECT GREEN GmbH\",\"isPartOf\":{\"@id\":\"https:\/\/www.project-green.com\/#website\"},\"primaryImageOfPage\":{\"@id\":\"https:\/\/www.project-green.com\/fr\/ateliers-de-peinture\/#primaryimage\"},\"image\":{\"@id\":\"https:\/\/www.project-green.com\/fr\/ateliers-de-peinture\/#primaryimage\"},\"thumbnailUrl\":\"https:\/\/www.project-green.com\/wp-content\/uploads\/2023\/05\/Depositphotos_134165916_L-1024x682.jpg\",\"datePublished\":\"2023-05-05T16:21:14+00:00\",\"dateModified\":\"2023-05-17T19:48:06+00:00\",\"breadcrumb\":{\"@id\":\"https:\/\/www.project-green.com\/fr\/ateliers-de-peinture\/#breadcrumb\"},\"inLanguage\":\"fr-FR\",\"potentialAction\":[{\"@type\":\"ReadAction\",\"target\":[\"https:\/\/www.project-green.com\/fr\/ateliers-de-peinture\/\"]}]},{\"@type\":\"ImageObject\",\"inLanguage\":\"fr-FR\",\"@id\":\"https:\/\/www.project-green.com\/fr\/ateliers-de-peinture\/#primaryimage\",\"url\":\"https:\/\/www.project-green.com\/wp-content\/uploads\/2023\/05\/Depositphotos_134165916_L-1024x682.jpg\",\"contentUrl\":\"https:\/\/www.project-green.com\/wp-content\/uploads\/2023\/05\/Depositphotos_134165916_L-1024x682.jpg\"},{\"@type\":\"BreadcrumbList\",\"@id\":\"https:\/\/www.project-green.com\/fr\/ateliers-de-peinture\/#breadcrumb\",\"itemListElement\":[{\"@type\":\"ListItem\",\"position\":1,\"name\":\"Startseite\",\"item\":\"https:\/\/www.project-green.com\/fr\/\"},{\"@type\":\"ListItem\",\"position\":2,\"name\":\"ateliers de peinture\"}]},{\"@type\":\"WebSite\",\"@id\":\"https:\/\/www.project-green.com\/#website\",\"url\":\"https:\/\/www.project-green.com\/\",\"name\":\"PROJECT GREEN GmbH\",\"description\":\"pure air for everyone!\",\"publisher\":{\"@id\":\"https:\/\/www.project-green.com\/#organization\"},\"potentialAction\":[{\"@type\":\"SearchAction\",\"target\":{\"@type\":\"EntryPoint\",\"urlTemplate\":\"https:\/\/www.project-green.com\/?s={search_term_string}\"},\"query-input\":{\"@type\":\"PropertyValueSpecification\",\"valueRequired\":true,\"valueName\":\"search_term_string\"}}],\"inLanguage\":\"fr-FR\"},{\"@type\":\"Organization\",\"@id\":\"https:\/\/www.project-green.com\/#organization\",\"name\":\"PROJECT GREEN GmbH\",\"url\":\"https:\/\/www.project-green.com\/\",\"logo\":{\"@type\":\"ImageObject\",\"inLanguage\":\"fr-FR\",\"@id\":\"https:\/\/www.project-green.com\/#\/schema\/logo\/image\/\",\"url\":\"https:\/\/www.project-green.com\/wp-content\/uploads\/2023\/05\/Logo_PG_r_72dpi_RGB.webp\",\"contentUrl\":\"https:\/\/www.project-green.com\/wp-content\/uploads\/2023\/05\/Logo_PG_r_72dpi_RGB.webp\",\"width\":732,\"height\":255,\"caption\":\"PROJECT GREEN GmbH\"},\"image\":{\"@id\":\"https:\/\/www.project-green.com\/#\/schema\/logo\/image\/\"}}]}<\/script>\n<!-- \/ Yoast SEO plugin. -->","yoast_head_json":{"title":"ateliers de peinture - PROJECT GREEN GmbH","robots":{"index":"index","follow":"follow","max-snippet":"max-snippet:-1","max-image-preview":"max-image-preview:large","max-video-preview":"max-video-preview:-1"},"canonical":"https:\/\/www.project-green.com\/fr\/ateliers-de-peinture\/","og_locale":"fr_FR","og_type":"article","og_title":"ateliers de peinture - PROJECT GREEN GmbH","og_description":"Avantages des plaques filtrantes PUREPACT pour la s\u00e9paration de la peinture zone de filtre maximale haute perm\u00e9abilit\u00e9 \u00e0 l&rsquo;air faible pression diff\u00e9rentielle R\u00e9duction de la puissance du ventilateur des co\u00fbts \u00e9nerg\u00e9tiques nettement inf\u00e9rieurs achat favorable des plaques filtrantes PUREPACT R\u00e9duction des co\u00fbts jusqu&rsquo;\u00e0 40 % ! D\u00dcRR Eco Scrubber Dry &#8211; un bon syst\u00e8me avec [&hellip;]","og_url":"https:\/\/www.project-green.com\/fr\/ateliers-de-peinture\/","og_site_name":"PROJECT GREEN GmbH","article_modified_time":"2023-05-17T19:48:06+00:00","og_image":[{"url":"https:\/\/www.project-green.com\/wp-content\/uploads\/2023\/05\/Depositphotos_134165916_L-1024x682.jpg","type":"","width":"","height":""}],"twitter_card":"summary_large_image","twitter_misc":{"Dur\u00e9e de lecture estim\u00e9e":"1 minute"},"schema":{"@context":"https:\/\/schema.org","@graph":[{"@type":"WebPage","@id":"https:\/\/www.project-green.com\/fr\/ateliers-de-peinture\/","url":"https:\/\/www.project-green.com\/fr\/ateliers-de-peinture\/","name":"ateliers de peinture - PROJECT GREEN GmbH","isPartOf":{"@id":"https:\/\/www.project-green.com\/#website"},"primaryImageOfPage":{"@id":"https:\/\/www.project-green.com\/fr\/ateliers-de-peinture\/#primaryimage"},"image":{"@id":"https:\/\/www.project-green.com\/fr\/ateliers-de-peinture\/#primaryimage"},"thumbnailUrl":"https:\/\/www.project-green.com\/wp-content\/uploads\/2023\/05\/Depositphotos_134165916_L-1024x682.jpg","datePublished":"2023-05-05T16:21:14+00:00","dateModified":"2023-05-17T19:48:06+00:00","breadcrumb":{"@id":"https:\/\/www.project-green.com\/fr\/ateliers-de-peinture\/#breadcrumb"},"inLanguage":"fr-FR","potentialAction":[{"@type":"ReadAction","target":["https:\/\/www.project-green.com\/fr\/ateliers-de-peinture\/"]}]},{"@type":"ImageObject","inLanguage":"fr-FR","@id":"https:\/\/www.project-green.com\/fr\/ateliers-de-peinture\/#primaryimage","url":"https:\/\/www.project-green.com\/wp-content\/uploads\/2023\/05\/Depositphotos_134165916_L-1024x682.jpg","contentUrl":"https:\/\/www.project-green.com\/wp-content\/uploads\/2023\/05\/Depositphotos_134165916_L-1024x682.jpg"},{"@type":"BreadcrumbList","@id":"https:\/\/www.project-green.com\/fr\/ateliers-de-peinture\/#breadcrumb","itemListElement":[{"@type":"ListItem","position":1,"name":"Startseite","item":"https:\/\/www.project-green.com\/fr\/"},{"@type":"ListItem","position":2,"name":"ateliers de peinture"}]},{"@type":"WebSite","@id":"https:\/\/www.project-green.com\/#website","url":"https:\/\/www.project-green.com\/","name":"PROJECT GREEN GmbH","description":"pure air for everyone!","publisher":{"@id":"https:\/\/www.project-green.com\/#organization"},"potentialAction":[{"@type":"SearchAction","target":{"@type":"EntryPoint","urlTemplate":"https:\/\/www.project-green.com\/?s={search_term_string}"},"query-input":{"@type":"PropertyValueSpecification","valueRequired":true,"valueName":"search_term_string"}}],"inLanguage":"fr-FR"},{"@type":"Organization","@id":"https:\/\/www.project-green.com\/#organization","name":"PROJECT GREEN GmbH","url":"https:\/\/www.project-green.com\/","logo":{"@type":"ImageObject","inLanguage":"fr-FR","@id":"https:\/\/www.project-green.com\/#\/schema\/logo\/image\/","url":"https:\/\/www.project-green.com\/wp-content\/uploads\/2023\/05\/Logo_PG_r_72dpi_RGB.webp","contentUrl":"https:\/\/www.project-green.com\/wp-content\/uploads\/2023\/05\/Logo_PG_r_72dpi_RGB.webp","width":732,"height":255,"caption":"PROJECT GREEN GmbH"},"image":{"@id":"https:\/\/www.project-green.com\/#\/schema\/logo\/image\/"}}]}},"_links":{"self":[{"href":"https:\/\/www.project-green.com\/fr\/wp-json\/wp\/v2\/pages\/1240","targetHints":{"allow":["GET"]}}],"collection":[{"href":"https:\/\/www.project-green.com\/fr\/wp-json\/wp\/v2\/pages"}],"about":[{"href":"https:\/\/www.project-green.com\/fr\/wp-json\/wp\/v2\/types\/page"}],"author":[{"embeddable":true,"href":"https:\/\/www.project-green.com\/fr\/wp-json\/wp\/v2\/users\/1"}],"replies":[{"embeddable":true,"href":"https:\/\/www.project-green.com\/fr\/wp-json\/wp\/v2\/comments?post=1240"}],"version-history":[{"count":2,"href":"https:\/\/www.project-green.com\/fr\/wp-json\/wp\/v2\/pages\/1240\/revisions"}],"predecessor-version":[{"id":1532,"href":"https:\/\/www.project-green.com\/fr\/wp-json\/wp\/v2\/pages\/1240\/revisions\/1532"}],"wp:attachment":[{"href":"https:\/\/www.project-green.com\/fr\/wp-json\/wp\/v2\/media?parent=1240"}],"curies":[{"name":"wp","href":"https:\/\/api.w.org\/{rel}","templated":true}]}}