{"id":1238,"date":"2023-05-05T21:28:55","date_gmt":"2023-05-05T19:28:55","guid":{"rendered":"https:\/\/www.project-green.com\/permaflexx\/"},"modified":"2023-05-17T21:50:23","modified_gmt":"2023-05-17T19:50:23","slug":"permaflexx","status":"publish","type":"page","link":"https:\/\/www.project-green.com\/fr\/permaflexx\/","title":{"rendered":"PERMAFLEXX"},"content":{"rendered":"\t\t<div data-elementor-type=\"wp-page\" data-elementor-id=\"1238\" class=\"elementor elementor-1238 elementor-622\" data-elementor-post-type=\"page\">\n\t\t\t\t<div class=\"elementor-element elementor-element-388ed441 e-con-full e-flex e-con e-parent\" data-id=\"388ed441\" data-element_type=\"container\" data-e-type=\"container\">\n\t\t\t\t<\/div>\n\t\t<div class=\"elementor-element elementor-element-398d5265 e-con-full e-flex e-con e-parent\" data-id=\"398d5265\" data-element_type=\"container\" data-e-type=\"container\">\n\t\t<div class=\"elementor-element elementor-element-1e387ccb e-flex e-con-boxed e-con e-parent\" data-id=\"1e387ccb\" data-element_type=\"container\" data-e-type=\"container\">\n\t\t\t\t\t<div class=\"e-con-inner\">\n\t\t\t\t<div class=\"elementor-element elementor-element-3502fdb7 elementor-widget elementor-widget-heading\" data-id=\"3502fdb7\" data-element_type=\"widget\" data-e-type=\"widget\" data-widget_type=\"heading.default\">\n\t\t\t\t<div class=\"elementor-widget-container\">\n\t\t\t\t\t<h2 class=\"elementor-heading-title elementor-size-default\">Le joint plat PERMAFLEXX<\/h2>\t\t\t\t<\/div>\n\t\t\t\t<\/div>\n\t\t\t\t<div class=\"elementor-element elementor-element-184ca76c elementor-widget elementor-widget-text-editor\" data-id=\"184ca76c\" data-element_type=\"widget\" data-e-type=\"widget\" data-widget_type=\"text-editor.default\">\n\t\t\t\t<div class=\"elementor-widget-container\">\n\t\t\t\t\t\t\t\t\t<ul>\n<li>le joint PERMAFLEXX est \u00e9lastique en permanence<\/li>\n<li>Contrairement aux joints en caoutchouc mousse conventionnels, le joint PERMAFLEXX n&rsquo;a \u200b\u200bqu&rsquo;une tr\u00e8s faible perte de force de rappel &#8211; m\u00eame apr\u00e8s des ann\u00e9es <\/li>\n<li>il a les propri\u00e9t\u00e9s de r\u00e9cup\u00e9ration les plus rapides pour compenser les impulsions d&rsquo;un nettoyage puls\u00e9 et les changements de charge associ\u00e9s<\/li>\n<\/ul>\n\t\t\t\t\t\t\t\t<\/div>\n\t\t\t\t<\/div>\n\t\t\t\t<div class=\"elementor-element elementor-element-39992a64 elementor-widget elementor-widget-heading\" data-id=\"39992a64\" data-element_type=\"widget\" data-e-type=\"widget\" data-widget_type=\"heading.default\">\n\t\t\t\t<div class=\"elementor-widget-container\">\n\t\t\t\t\t<h2 class=\"elementor-heading-title elementor-size-default\">Nous l'avons mesur\u00e9 :<\/h2>\t\t\t\t<\/div>\n\t\t\t\t<\/div>\n\t\t\t\t\t<\/div>\n\t\t\t\t<\/div>\n\t\t\t\t<\/div>\n\t\t<div class=\"elementor-element elementor-element-7b7c5ce6 e-flex e-con-boxed e-con e-parent\" data-id=\"7b7c5ce6\" data-element_type=\"container\" data-e-type=\"container\">\n\t\t\t\t\t<div class=\"e-con-inner\">\n\t\t<div class=\"elementor-element elementor-element-3d36c0e8 e-flex e-con-boxed e-con e-parent\" data-id=\"3d36c0e8\" data-element_type=\"container\" data-e-type=\"container\">\n\t\t\t\t\t<div class=\"e-con-inner\">\n\t\t\t\t<div class=\"elementor-element elementor-element-27aaeb5f elementor-widget elementor-widget-image\" data-id=\"27aaeb5f\" data-element_type=\"widget\" data-e-type=\"widget\" data-widget_type=\"image.default\">\n\t\t\t\t<div class=\"elementor-widget-container\">\n\t\t\t\t\t\t\t\t\t\t\t\t\t\t\t<img fetchpriority=\"high\" decoding=\"async\" width=\"777\" height=\"405\" src=\"https:\/\/www.project-green.com\/wp-content\/uploads\/2023\/05\/Moellring-EPDM-ZK-d10mm-verdichtet-auf-5mm_50h-1.webp\" class=\"attachment-large size-large wp-image-1074\" alt=\"\" \/>\t\t\t\t\t\t\t\t\t\t\t\t\t\t\t<\/div>\n\t\t\t\t<\/div>\n\t\t\t\t<div class=\"elementor-element elementor-element-4fbba612 elementor-widget elementor-widget-text-editor\" data-id=\"4fbba612\" data-element_type=\"widget\" data-e-type=\"widget\" data-widget_type=\"text-editor.default\">\n\t\t\t\t<div class=\"elementor-widget-container\">\n\t\t\t\t\t\t\t\t\t<p>Test d&rsquo;un joint EPDM<\/p>\n<ul>\n<li>le joint est comprim\u00e9<\/li>\n<li>la contre-pression monte \u00e0 -94N<\/li>\n<li>La compression est maintenue, avec le temps la contre-pression du joint chute de -94N \u00e0 -21N <\/li>\n<li>lorsque la compression est rel\u00e2ch\u00e9e, le joint <u>perd<\/u> le contact avec le plateau de pression<\/li>\n<\/ul>\n\t\t\t\t\t\t\t\t<\/div>\n\t\t\t\t<\/div>\n\t\t\t\t\t<\/div>\n\t\t\t\t<\/div>\n\t\t<div class=\"elementor-element elementor-element-1e16226b e-flex e-con-boxed e-con e-parent\" data-id=\"1e16226b\" data-element_type=\"container\" data-e-type=\"container\">\n\t\t\t\t\t<div class=\"e-con-inner\">\n\t\t\t\t<div class=\"elementor-element elementor-element-322fea8 elementor-widget elementor-widget-image\" data-id=\"322fea8\" data-element_type=\"widget\" data-e-type=\"widget\" data-widget_type=\"image.default\">\n\t\t\t\t<div class=\"elementor-widget-container\">\n\t\t\t\t\t\t\t\t\t\t\t\t\t\t\t<img decoding=\"async\" width=\"800\" height=\"537\" src=\"https:\/\/www.project-green.com\/wp-content\/uploads\/2023\/05\/Vulkollan-5mm-Multiple_Measurements_2021-10-22_17-53-03-1.webp\" class=\"attachment-large size-large wp-image-1078\" alt=\"\" \/>\t\t\t\t\t\t\t\t\t\t\t\t\t\t\t<\/div>\n\t\t\t\t<\/div>\n\t\t\t\t<div class=\"elementor-element elementor-element-5e51ca09 elementor-widget elementor-widget-text-editor\" data-id=\"5e51ca09\" data-element_type=\"widget\" data-e-type=\"widget\" data-widget_type=\"text-editor.default\">\n\t\t\t\t<div class=\"elementor-widget-container\">\n\t\t\t\t\t\t\t\t\t<p>Essai du joint PERMAFLEXX<\/p>\n<ul>\n<li>le joint est comprim\u00e9<\/li>\n<li>la contre-pression monte \u00e0 -142N<\/li>\n<li>La compression est maintenue, avec le temps la contre-pression du joint chute de -142N \u00e0 -122N <\/li>\n<li>lorsque la compression est rel\u00e2ch\u00e9e, le joint <u>reste en contact<\/u> avec le plateau de pression<\/li>\n<\/ul>\n\t\t\t\t\t\t\t\t<\/div>\n\t\t\t\t<\/div>\n\t\t\t\t\t<\/div>\n\t\t\t\t<\/div>\n\t\t\t\t\t<\/div>\n\t\t\t\t<\/div>\n\t\t<div class=\"elementor-element elementor-element-358edba e-flex e-con-boxed e-con e-parent\" data-id=\"358edba\" data-element_type=\"container\" data-e-type=\"container\">\n\t\t\t\t\t<div class=\"e-con-inner\">\n\t\t\t\t<div class=\"elementor-element elementor-element-7ef9c29 elementor-widget elementor-widget-heading\" data-id=\"7ef9c29\" data-element_type=\"widget\" data-e-type=\"widget\" data-widget_type=\"heading.default\">\n\t\t\t\t<div class=\"elementor-widget-container\">\n\t\t\t\t\t<h2 class=\"elementor-heading-title elementor-size-default\">Voici comment cela a \u00e9t\u00e9 mesur\u00e9 :<\/h2>\t\t\t\t<\/div>\n\t\t\t\t<\/div>\n\t\t\t\t<div class=\"elementor-element elementor-element-ac63766 elementor-widget elementor-widget-image\" data-id=\"ac63766\" data-element_type=\"widget\" data-e-type=\"widget\" data-widget_type=\"image.default\">\n\t\t\t\t<div class=\"elementor-widget-container\">\n\t\t\t\t\t\t\t\t\t\t\t\t\t\t\t<img decoding=\"async\" width=\"800\" height=\"323\" src=\"https:\/\/www.project-green.com\/wp-content\/uploads\/2023\/05\/Gasket-Test-Procedure.webp\" class=\"attachment-large size-large wp-image-1086\" alt=\"\" \/>\t\t\t\t\t\t\t\t\t\t\t\t\t\t\t<\/div>\n\t\t\t\t<\/div>\n\t\t\t\t<div class=\"elementor-element elementor-element-2ace330 elementor-widget elementor-widget-text-editor\" data-id=\"2ace330\" data-element_type=\"widget\" data-e-type=\"widget\" data-widget_type=\"text-editor.default\">\n\t\t\t\t<div class=\"elementor-widget-container\">\n\t\t\t\t\t\t\t\t\t<ul>\n<li>A) le sceau est plac\u00e9 dans le dispositif de test<\/li>\n<li>B) le poin\u00e7on sup\u00e9rieur descend, la mesure commence par le contact entre le poin\u00e7on sup\u00e9rieur et le joint<\/li>\n<li>C) le poin\u00e7on sup\u00e9rieur comprime le joint \u00e0 une distance d\u00e9finie du poin\u00e7on inf\u00e9rieur pendant une dur\u00e9e d\u00e9termin\u00e9e. En r\u00e8gle g\u00e9n\u00e9rale, le joint perd sa force de rappel pendant cette p\u00e9riode de compression<\/li>\n<li>D) le poin\u00e7on sup\u00e9rieur remonte et rel\u00e2che la compression<\/li>\n<\/ul>\n\t\t\t\t\t\t\t\t<\/div>\n\t\t\t\t<\/div>\n\t\t\t\t\t<\/div>\n\t\t\t\t<\/div>\n\t\t\t\t<\/div>\n\t\t","protected":false},"excerpt":{"rendered":"<p>Le joint plat PERMAFLEXX le joint PERMAFLEXX est \u00e9lastique en permanence Contrairement aux joints en caoutchouc mousse conventionnels, le joint PERMAFLEXX n&rsquo;a \u200b\u200bqu&rsquo;une tr\u00e8s faible perte de force de rappel &#8211; m\u00eame apr\u00e8s des ann\u00e9es il a les propri\u00e9t\u00e9s de r\u00e9cup\u00e9ration les plus rapides pour compenser les impulsions d&rsquo;un nettoyage puls\u00e9 et les changements de [&hellip;]<\/p>\n","protected":false},"author":1,"featured_media":0,"parent":0,"menu_order":0,"comment_status":"closed","ping_status":"closed","template":"","meta":{"footnotes":""},"class_list":["post-1238","page","type-page","status-publish","hentry"],"yoast_head":"<!-- This site is optimized with the Yoast SEO plugin v24.2 - https:\/\/yoast.com\/wordpress\/plugins\/seo\/ -->\n<title>PERMAFLEXX - PROJECT GREEN GmbH<\/title>\n<meta name=\"robots\" content=\"index, follow, max-snippet:-1, max-image-preview:large, max-video-preview:-1\" \/>\n<link rel=\"canonical\" href=\"https:\/\/www.project-green.com\/fr\/permaflexx\/\" \/>\n<meta property=\"og:locale\" content=\"fr_FR\" \/>\n<meta property=\"og:type\" content=\"article\" \/>\n<meta property=\"og:title\" content=\"PERMAFLEXX - PROJECT GREEN GmbH\" \/>\n<meta property=\"og:description\" content=\"Le joint plat PERMAFLEXX le joint PERMAFLEXX est \u00e9lastique en permanence Contrairement aux joints en caoutchouc mousse conventionnels, le joint PERMAFLEXX n&rsquo;a \u200b\u200bqu&rsquo;une tr\u00e8s faible perte de force de rappel &#8211; m\u00eame apr\u00e8s des ann\u00e9es il a les propri\u00e9t\u00e9s de r\u00e9cup\u00e9ration les plus rapides pour compenser les impulsions d&rsquo;un nettoyage puls\u00e9 et les changements de [&hellip;]\" \/>\n<meta property=\"og:url\" content=\"https:\/\/www.project-green.com\/fr\/permaflexx\/\" \/>\n<meta property=\"og:site_name\" content=\"PROJECT GREEN GmbH\" \/>\n<meta property=\"article:modified_time\" content=\"2023-05-17T19:50:23+00:00\" \/>\n<meta property=\"og:image\" content=\"https:\/\/www.project-green.com\/wp-content\/uploads\/2023\/05\/Moellring-EPDM-ZK-d10mm-verdichtet-auf-5mm_50h-1.png\" \/>\n<meta name=\"twitter:card\" content=\"summary_large_image\" \/>\n<meta name=\"twitter:label1\" content=\"Dur\u00e9e de lecture estim\u00e9e\" \/>\n\t<meta name=\"twitter:data1\" content=\"1 minute\" \/>\n<script type=\"application\/ld+json\" class=\"yoast-schema-graph\">{\"@context\":\"https:\/\/schema.org\",\"@graph\":[{\"@type\":\"WebPage\",\"@id\":\"https:\/\/www.project-green.com\/fr\/permaflexx\/\",\"url\":\"https:\/\/www.project-green.com\/fr\/permaflexx\/\",\"name\":\"PERMAFLEXX - PROJECT GREEN GmbH\",\"isPartOf\":{\"@id\":\"https:\/\/www.project-green.com\/#website\"},\"primaryImageOfPage\":{\"@id\":\"https:\/\/www.project-green.com\/fr\/permaflexx\/#primaryimage\"},\"image\":{\"@id\":\"https:\/\/www.project-green.com\/fr\/permaflexx\/#primaryimage\"},\"thumbnailUrl\":\"https:\/\/www.project-green.com\/wp-content\/uploads\/2023\/05\/Moellring-EPDM-ZK-d10mm-verdichtet-auf-5mm_50h-1.png\",\"datePublished\":\"2023-05-05T19:28:55+00:00\",\"dateModified\":\"2023-05-17T19:50:23+00:00\",\"breadcrumb\":{\"@id\":\"https:\/\/www.project-green.com\/fr\/permaflexx\/#breadcrumb\"},\"inLanguage\":\"fr-FR\",\"potentialAction\":[{\"@type\":\"ReadAction\",\"target\":[\"https:\/\/www.project-green.com\/fr\/permaflexx\/\"]}]},{\"@type\":\"ImageObject\",\"inLanguage\":\"fr-FR\",\"@id\":\"https:\/\/www.project-green.com\/fr\/permaflexx\/#primaryimage\",\"url\":\"https:\/\/www.project-green.com\/wp-content\/uploads\/2023\/05\/Moellring-EPDM-ZK-d10mm-verdichtet-auf-5mm_50h-1.png\",\"contentUrl\":\"https:\/\/www.project-green.com\/wp-content\/uploads\/2023\/05\/Moellring-EPDM-ZK-d10mm-verdichtet-auf-5mm_50h-1.png\"},{\"@type\":\"BreadcrumbList\",\"@id\":\"https:\/\/www.project-green.com\/fr\/permaflexx\/#breadcrumb\",\"itemListElement\":[{\"@type\":\"ListItem\",\"position\":1,\"name\":\"Startseite\",\"item\":\"https:\/\/www.project-green.com\/fr\/\"},{\"@type\":\"ListItem\",\"position\":2,\"name\":\"PERMAFLEXX\"}]},{\"@type\":\"WebSite\",\"@id\":\"https:\/\/www.project-green.com\/#website\",\"url\":\"https:\/\/www.project-green.com\/\",\"name\":\"PROJECT GREEN GmbH\",\"description\":\"pure air for everyone!\",\"publisher\":{\"@id\":\"https:\/\/www.project-green.com\/#organization\"},\"potentialAction\":[{\"@type\":\"SearchAction\",\"target\":{\"@type\":\"EntryPoint\",\"urlTemplate\":\"https:\/\/www.project-green.com\/?s={search_term_string}\"},\"query-input\":{\"@type\":\"PropertyValueSpecification\",\"valueRequired\":true,\"valueName\":\"search_term_string\"}}],\"inLanguage\":\"fr-FR\"},{\"@type\":\"Organization\",\"@id\":\"https:\/\/www.project-green.com\/#organization\",\"name\":\"PROJECT GREEN GmbH\",\"url\":\"https:\/\/www.project-green.com\/\",\"logo\":{\"@type\":\"ImageObject\",\"inLanguage\":\"fr-FR\",\"@id\":\"https:\/\/www.project-green.com\/#\/schema\/logo\/image\/\",\"url\":\"https:\/\/www.project-green.com\/wp-content\/uploads\/2023\/05\/Logo_PG_r_72dpi_RGB.webp\",\"contentUrl\":\"https:\/\/www.project-green.com\/wp-content\/uploads\/2023\/05\/Logo_PG_r_72dpi_RGB.webp\",\"width\":732,\"height\":255,\"caption\":\"PROJECT GREEN GmbH\"},\"image\":{\"@id\":\"https:\/\/www.project-green.com\/#\/schema\/logo\/image\/\"}}]}<\/script>\n<!-- \/ Yoast SEO plugin. -->","yoast_head_json":{"title":"PERMAFLEXX - PROJECT GREEN GmbH","robots":{"index":"index","follow":"follow","max-snippet":"max-snippet:-1","max-image-preview":"max-image-preview:large","max-video-preview":"max-video-preview:-1"},"canonical":"https:\/\/www.project-green.com\/fr\/permaflexx\/","og_locale":"fr_FR","og_type":"article","og_title":"PERMAFLEXX - PROJECT GREEN GmbH","og_description":"Le joint plat PERMAFLEXX le joint PERMAFLEXX est \u00e9lastique en permanence Contrairement aux joints en caoutchouc mousse conventionnels, le joint PERMAFLEXX n&rsquo;a \u200b\u200bqu&rsquo;une tr\u00e8s faible perte de force de rappel &#8211; m\u00eame apr\u00e8s des ann\u00e9es il a les propri\u00e9t\u00e9s de r\u00e9cup\u00e9ration les plus rapides pour compenser les impulsions d&rsquo;un nettoyage puls\u00e9 et les changements de [&hellip;]","og_url":"https:\/\/www.project-green.com\/fr\/permaflexx\/","og_site_name":"PROJECT GREEN GmbH","article_modified_time":"2023-05-17T19:50:23+00:00","og_image":[{"url":"https:\/\/www.project-green.com\/wp-content\/uploads\/2023\/05\/Moellring-EPDM-ZK-d10mm-verdichtet-auf-5mm_50h-1.png","type":"","width":"","height":""}],"twitter_card":"summary_large_image","twitter_misc":{"Dur\u00e9e de lecture estim\u00e9e":"1 minute"},"schema":{"@context":"https:\/\/schema.org","@graph":[{"@type":"WebPage","@id":"https:\/\/www.project-green.com\/fr\/permaflexx\/","url":"https:\/\/www.project-green.com\/fr\/permaflexx\/","name":"PERMAFLEXX - PROJECT GREEN GmbH","isPartOf":{"@id":"https:\/\/www.project-green.com\/#website"},"primaryImageOfPage":{"@id":"https:\/\/www.project-green.com\/fr\/permaflexx\/#primaryimage"},"image":{"@id":"https:\/\/www.project-green.com\/fr\/permaflexx\/#primaryimage"},"thumbnailUrl":"https:\/\/www.project-green.com\/wp-content\/uploads\/2023\/05\/Moellring-EPDM-ZK-d10mm-verdichtet-auf-5mm_50h-1.png","datePublished":"2023-05-05T19:28:55+00:00","dateModified":"2023-05-17T19:50:23+00:00","breadcrumb":{"@id":"https:\/\/www.project-green.com\/fr\/permaflexx\/#breadcrumb"},"inLanguage":"fr-FR","potentialAction":[{"@type":"ReadAction","target":["https:\/\/www.project-green.com\/fr\/permaflexx\/"]}]},{"@type":"ImageObject","inLanguage":"fr-FR","@id":"https:\/\/www.project-green.com\/fr\/permaflexx\/#primaryimage","url":"https:\/\/www.project-green.com\/wp-content\/uploads\/2023\/05\/Moellring-EPDM-ZK-d10mm-verdichtet-auf-5mm_50h-1.png","contentUrl":"https:\/\/www.project-green.com\/wp-content\/uploads\/2023\/05\/Moellring-EPDM-ZK-d10mm-verdichtet-auf-5mm_50h-1.png"},{"@type":"BreadcrumbList","@id":"https:\/\/www.project-green.com\/fr\/permaflexx\/#breadcrumb","itemListElement":[{"@type":"ListItem","position":1,"name":"Startseite","item":"https:\/\/www.project-green.com\/fr\/"},{"@type":"ListItem","position":2,"name":"PERMAFLEXX"}]},{"@type":"WebSite","@id":"https:\/\/www.project-green.com\/#website","url":"https:\/\/www.project-green.com\/","name":"PROJECT GREEN GmbH","description":"pure air for everyone!","publisher":{"@id":"https:\/\/www.project-green.com\/#organization"},"potentialAction":[{"@type":"SearchAction","target":{"@type":"EntryPoint","urlTemplate":"https:\/\/www.project-green.com\/?s={search_term_string}"},"query-input":{"@type":"PropertyValueSpecification","valueRequired":true,"valueName":"search_term_string"}}],"inLanguage":"fr-FR"},{"@type":"Organization","@id":"https:\/\/www.project-green.com\/#organization","name":"PROJECT GREEN GmbH","url":"https:\/\/www.project-green.com\/","logo":{"@type":"ImageObject","inLanguage":"fr-FR","@id":"https:\/\/www.project-green.com\/#\/schema\/logo\/image\/","url":"https:\/\/www.project-green.com\/wp-content\/uploads\/2023\/05\/Logo_PG_r_72dpi_RGB.webp","contentUrl":"https:\/\/www.project-green.com\/wp-content\/uploads\/2023\/05\/Logo_PG_r_72dpi_RGB.webp","width":732,"height":255,"caption":"PROJECT GREEN GmbH"},"image":{"@id":"https:\/\/www.project-green.com\/#\/schema\/logo\/image\/"}}]}},"_links":{"self":[{"href":"https:\/\/www.project-green.com\/fr\/wp-json\/wp\/v2\/pages\/1238","targetHints":{"allow":["GET"]}}],"collection":[{"href":"https:\/\/www.project-green.com\/fr\/wp-json\/wp\/v2\/pages"}],"about":[{"href":"https:\/\/www.project-green.com\/fr\/wp-json\/wp\/v2\/types\/page"}],"author":[{"embeddable":true,"href":"https:\/\/www.project-green.com\/fr\/wp-json\/wp\/v2\/users\/1"}],"replies":[{"embeddable":true,"href":"https:\/\/www.project-green.com\/fr\/wp-json\/wp\/v2\/comments?post=1238"}],"version-history":[{"count":2,"href":"https:\/\/www.project-green.com\/fr\/wp-json\/wp\/v2\/pages\/1238\/revisions"}],"predecessor-version":[{"id":1534,"href":"https:\/\/www.project-green.com\/fr\/wp-json\/wp\/v2\/pages\/1238\/revisions\/1534"}],"wp:attachment":[{"href":"https:\/\/www.project-green.com\/fr\/wp-json\/wp\/v2\/media?parent=1238"}],"curies":[{"name":"wp","href":"https:\/\/api.w.org\/{rel}","templated":true}]}}