{"id":1234,"date":"2023-05-03T02:38:14","date_gmt":"2023-05-03T00:38:14","guid":{"rendered":"https:\/\/www.project-green.com\/service\/"},"modified":"2023-05-17T21:52:18","modified_gmt":"2023-05-17T19:52:18","slug":"service","status":"publish","type":"page","link":"https:\/\/www.project-green.com\/fr\/service\/","title":{"rendered":"Service"},"content":{"rendered":"\t\t<div data-elementor-type=\"wp-page\" data-elementor-id=\"1234\" class=\"elementor elementor-1234 elementor-175\" data-elementor-post-type=\"page\">\n\t\t\t\t<div class=\"elementor-element elementor-element-1472e8d7 e-flex e-con-boxed e-con e-parent\" data-id=\"1472e8d7\" data-element_type=\"container\" data-e-type=\"container\">\n\t\t\t\t\t<div class=\"e-con-inner\">\n\t\t<div class=\"elementor-element elementor-element-6dbbbe9f e-flex e-con-boxed e-con e-parent\" data-id=\"6dbbbe9f\" data-element_type=\"container\" data-e-type=\"container\">\n\t\t\t\t\t<div class=\"e-con-inner\">\n\t\t<div class=\"elementor-element elementor-element-e16266e e-flex e-con-boxed e-con e-parent\" data-id=\"e16266e\" data-element_type=\"container\" data-e-type=\"container\">\n\t\t\t\t\t<div class=\"e-con-inner\">\n\t\t\t\t<div class=\"elementor-element elementor-element-10789365 elementor-widget elementor-widget-text-editor\" data-id=\"10789365\" data-element_type=\"widget\" data-e-type=\"widget\" data-widget_type=\"text-editor.default\">\n\t\t\t\t<div class=\"elementor-widget-container\">\n\t\t\t\t\t\t\t\t\t<p>Les \u00e9l\u00e9ments filtrants jouent un r\u00f4le cl\u00e9 dans le d\u00e9poussi\u00e9rage industriel. \u00c9tant donn\u00e9 que la poussi\u00e8re peut \u00eatre tr\u00e8s diff\u00e9rente, chaque application est associ\u00e9e \u00e0 des propri\u00e9t\u00e9s de poussi\u00e8re et \u00e0 des charges de poussi\u00e8re sp\u00e9cifiques, auxquelles les syst\u00e8mes de filtration et les \u00e9l\u00e9ments filtrants doivent \u00eatre capables de faire face.<\/p>\n<\/p>\n<p>Un excellent service \u00e0 tout moment est une \u00e9vidence pour nous. Nous vous proposons tout, des conseils comp\u00e9tents \u00e0 l&rsquo;assistance dans la conception et la construction du syst\u00e8me de filtration, en passant par les \u00e9l\u00e9ments filtrants de haute qualit\u00e9.<\/p>\n<\/p>\n<p>Nous serions heureux de vous conseiller sur votre prochaine \u00e9tape. N&rsquo;h\u00e9sitez pas \u00e0 nous contacter.<\/p>\n\t\t\t\t\t\t\t\t<\/div>\n\t\t\t\t<\/div>\n\t\t\t\t\t<\/div>\n\t\t\t\t<\/div>\n\t\t\t\t\t<\/div>\n\t\t\t\t<\/div>\n\t\t\t\t<div class=\"elementor-element elementor-element-e79a512 elementor-widget elementor-widget-image\" data-id=\"e79a512\" data-element_type=\"widget\" data-e-type=\"widget\" data-widget_type=\"image.default\">\n\t\t\t\t<div class=\"elementor-widget-container\">\n\t\t\t\t\t\t\t\t\t\t\t\t\t\t\t<img fetchpriority=\"high\" decoding=\"async\" width=\"300\" height=\"197\" src=\"https:\/\/www.project-green.com\/wp-content\/uploads\/2023\/05\/Smiley-Blaetter-33-gute-Gruende-300x197.jpg\" class=\"attachment-medium size-medium wp-image-942\" alt=\"\" srcset=\"https:\/\/www.project-green.com\/wp-content\/uploads\/2023\/05\/Smiley-Blaetter-33-gute-Gruende-300x197.jpg 300w, https:\/\/www.project-green.com\/wp-content\/uploads\/2023\/05\/Smiley-Blaetter-33-gute-Gruende-1024x674.jpg 1024w, https:\/\/www.project-green.com\/wp-content\/uploads\/2023\/05\/Smiley-Blaetter-33-gute-Gruende-768x505.jpg 768w, https:\/\/www.project-green.com\/wp-content\/uploads\/2023\/05\/Smiley-Blaetter-33-gute-Gruende-1536x1011.jpg 1536w, https:\/\/www.project-green.com\/wp-content\/uploads\/2023\/05\/Smiley-Blaetter-33-gute-Gruende-2048x1348.jpg 2048w\" sizes=\"(max-width: 300px) 100vw, 300px\" \/>\t\t\t\t\t\t\t\t\t\t\t\t\t\t\t<\/div>\n\t\t\t\t<\/div>\n\t\t\t\t\t<\/div>\n\t\t\t\t<\/div>\n\t\t\t\t<\/div>\n\t\t","protected":false},"excerpt":{"rendered":"<p>Les \u00e9l\u00e9ments filtrants jouent un r\u00f4le cl\u00e9 dans le d\u00e9poussi\u00e9rage industriel. \u00c9tant donn\u00e9 que la poussi\u00e8re peut \u00eatre tr\u00e8s diff\u00e9rente, chaque application est associ\u00e9e \u00e0 des propri\u00e9t\u00e9s de poussi\u00e8re et \u00e0 des charges de poussi\u00e8re sp\u00e9cifiques, auxquelles les syst\u00e8mes de filtration et les \u00e9l\u00e9ments filtrants doivent \u00eatre capables de faire face. Un excellent service \u00e0 [&hellip;]<\/p>\n","protected":false},"author":1,"featured_media":0,"parent":0,"menu_order":0,"comment_status":"closed","ping_status":"closed","template":"","meta":{"footnotes":""},"class_list":["post-1234","page","type-page","status-publish","hentry"],"yoast_head":"<!-- This site is optimized with the Yoast SEO plugin v24.2 - https:\/\/yoast.com\/wordpress\/plugins\/seo\/ -->\n<title>Service - PROJECT GREEN GmbH<\/title>\n<meta name=\"robots\" content=\"index, follow, max-snippet:-1, max-image-preview:large, max-video-preview:-1\" \/>\n<link rel=\"canonical\" href=\"https:\/\/www.project-green.com\/fr\/service\/\" \/>\n<meta property=\"og:locale\" content=\"fr_FR\" \/>\n<meta property=\"og:type\" content=\"article\" \/>\n<meta property=\"og:title\" content=\"Service - PROJECT GREEN GmbH\" \/>\n<meta property=\"og:description\" content=\"Les \u00e9l\u00e9ments filtrants jouent un r\u00f4le cl\u00e9 dans le d\u00e9poussi\u00e9rage industriel. \u00c9tant donn\u00e9 que la poussi\u00e8re peut \u00eatre tr\u00e8s diff\u00e9rente, chaque application est associ\u00e9e \u00e0 des propri\u00e9t\u00e9s de poussi\u00e8re et \u00e0 des charges de poussi\u00e8re sp\u00e9cifiques, auxquelles les syst\u00e8mes de filtration et les \u00e9l\u00e9ments filtrants doivent \u00eatre capables de faire face. Un excellent service \u00e0 [&hellip;]\" \/>\n<meta property=\"og:url\" content=\"https:\/\/www.project-green.com\/fr\/service\/\" \/>\n<meta property=\"og:site_name\" content=\"PROJECT GREEN GmbH\" \/>\n<meta property=\"article:modified_time\" content=\"2023-05-17T19:52:18+00:00\" \/>\n<meta property=\"og:image\" content=\"https:\/\/www.project-green.com\/wp-content\/uploads\/2023\/05\/Smiley-Blaetter-33-gute-Gruende-300x197.jpg\" \/>\n<meta name=\"twitter:card\" content=\"summary_large_image\" \/>\n<meta name=\"twitter:label1\" content=\"Dur\u00e9e de lecture estim\u00e9e\" \/>\n\t<meta name=\"twitter:data1\" content=\"1 minute\" \/>\n<script type=\"application\/ld+json\" class=\"yoast-schema-graph\">{\"@context\":\"https:\/\/schema.org\",\"@graph\":[{\"@type\":\"WebPage\",\"@id\":\"https:\/\/www.project-green.com\/fr\/service\/\",\"url\":\"https:\/\/www.project-green.com\/fr\/service\/\",\"name\":\"Service - PROJECT GREEN GmbH\",\"isPartOf\":{\"@id\":\"https:\/\/www.project-green.com\/#website\"},\"primaryImageOfPage\":{\"@id\":\"https:\/\/www.project-green.com\/fr\/service\/#primaryimage\"},\"image\":{\"@id\":\"https:\/\/www.project-green.com\/fr\/service\/#primaryimage\"},\"thumbnailUrl\":\"https:\/\/www.project-green.com\/wp-content\/uploads\/2023\/05\/Smiley-Blaetter-33-gute-Gruende-300x197.jpg\",\"datePublished\":\"2023-05-03T00:38:14+00:00\",\"dateModified\":\"2023-05-17T19:52:18+00:00\",\"breadcrumb\":{\"@id\":\"https:\/\/www.project-green.com\/fr\/service\/#breadcrumb\"},\"inLanguage\":\"fr-FR\",\"potentialAction\":[{\"@type\":\"ReadAction\",\"target\":[\"https:\/\/www.project-green.com\/fr\/service\/\"]}]},{\"@type\":\"ImageObject\",\"inLanguage\":\"fr-FR\",\"@id\":\"https:\/\/www.project-green.com\/fr\/service\/#primaryimage\",\"url\":\"https:\/\/www.project-green.com\/wp-content\/uploads\/2023\/05\/Smiley-Blaetter-33-gute-Gruende-300x197.jpg\",\"contentUrl\":\"https:\/\/www.project-green.com\/wp-content\/uploads\/2023\/05\/Smiley-Blaetter-33-gute-Gruende-300x197.jpg\"},{\"@type\":\"BreadcrumbList\",\"@id\":\"https:\/\/www.project-green.com\/fr\/service\/#breadcrumb\",\"itemListElement\":[{\"@type\":\"ListItem\",\"position\":1,\"name\":\"Startseite\",\"item\":\"https:\/\/www.project-green.com\/fr\/\"},{\"@type\":\"ListItem\",\"position\":2,\"name\":\"Service\"}]},{\"@type\":\"WebSite\",\"@id\":\"https:\/\/www.project-green.com\/#website\",\"url\":\"https:\/\/www.project-green.com\/\",\"name\":\"PROJECT GREEN GmbH\",\"description\":\"pure air for everyone!\",\"publisher\":{\"@id\":\"https:\/\/www.project-green.com\/#organization\"},\"potentialAction\":[{\"@type\":\"SearchAction\",\"target\":{\"@type\":\"EntryPoint\",\"urlTemplate\":\"https:\/\/www.project-green.com\/?s={search_term_string}\"},\"query-input\":{\"@type\":\"PropertyValueSpecification\",\"valueRequired\":true,\"valueName\":\"search_term_string\"}}],\"inLanguage\":\"fr-FR\"},{\"@type\":\"Organization\",\"@id\":\"https:\/\/www.project-green.com\/#organization\",\"name\":\"PROJECT GREEN GmbH\",\"url\":\"https:\/\/www.project-green.com\/\",\"logo\":{\"@type\":\"ImageObject\",\"inLanguage\":\"fr-FR\",\"@id\":\"https:\/\/www.project-green.com\/#\/schema\/logo\/image\/\",\"url\":\"https:\/\/www.project-green.com\/wp-content\/uploads\/2023\/05\/Logo_PG_r_72dpi_RGB.webp\",\"contentUrl\":\"https:\/\/www.project-green.com\/wp-content\/uploads\/2023\/05\/Logo_PG_r_72dpi_RGB.webp\",\"width\":732,\"height\":255,\"caption\":\"PROJECT GREEN GmbH\"},\"image\":{\"@id\":\"https:\/\/www.project-green.com\/#\/schema\/logo\/image\/\"}}]}<\/script>\n<!-- \/ Yoast SEO plugin. -->","yoast_head_json":{"title":"Service - PROJECT GREEN GmbH","robots":{"index":"index","follow":"follow","max-snippet":"max-snippet:-1","max-image-preview":"max-image-preview:large","max-video-preview":"max-video-preview:-1"},"canonical":"https:\/\/www.project-green.com\/fr\/service\/","og_locale":"fr_FR","og_type":"article","og_title":"Service - PROJECT GREEN GmbH","og_description":"Les \u00e9l\u00e9ments filtrants jouent un r\u00f4le cl\u00e9 dans le d\u00e9poussi\u00e9rage industriel. \u00c9tant donn\u00e9 que la poussi\u00e8re peut \u00eatre tr\u00e8s diff\u00e9rente, chaque application est associ\u00e9e \u00e0 des propri\u00e9t\u00e9s de poussi\u00e8re et \u00e0 des charges de poussi\u00e8re sp\u00e9cifiques, auxquelles les syst\u00e8mes de filtration et les \u00e9l\u00e9ments filtrants doivent \u00eatre capables de faire face. Un excellent service \u00e0 [&hellip;]","og_url":"https:\/\/www.project-green.com\/fr\/service\/","og_site_name":"PROJECT GREEN GmbH","article_modified_time":"2023-05-17T19:52:18+00:00","og_image":[{"url":"https:\/\/www.project-green.com\/wp-content\/uploads\/2023\/05\/Smiley-Blaetter-33-gute-Gruende-300x197.jpg","type":"","width":"","height":""}],"twitter_card":"summary_large_image","twitter_misc":{"Dur\u00e9e de lecture estim\u00e9e":"1 minute"},"schema":{"@context":"https:\/\/schema.org","@graph":[{"@type":"WebPage","@id":"https:\/\/www.project-green.com\/fr\/service\/","url":"https:\/\/www.project-green.com\/fr\/service\/","name":"Service - PROJECT GREEN GmbH","isPartOf":{"@id":"https:\/\/www.project-green.com\/#website"},"primaryImageOfPage":{"@id":"https:\/\/www.project-green.com\/fr\/service\/#primaryimage"},"image":{"@id":"https:\/\/www.project-green.com\/fr\/service\/#primaryimage"},"thumbnailUrl":"https:\/\/www.project-green.com\/wp-content\/uploads\/2023\/05\/Smiley-Blaetter-33-gute-Gruende-300x197.jpg","datePublished":"2023-05-03T00:38:14+00:00","dateModified":"2023-05-17T19:52:18+00:00","breadcrumb":{"@id":"https:\/\/www.project-green.com\/fr\/service\/#breadcrumb"},"inLanguage":"fr-FR","potentialAction":[{"@type":"ReadAction","target":["https:\/\/www.project-green.com\/fr\/service\/"]}]},{"@type":"ImageObject","inLanguage":"fr-FR","@id":"https:\/\/www.project-green.com\/fr\/service\/#primaryimage","url":"https:\/\/www.project-green.com\/wp-content\/uploads\/2023\/05\/Smiley-Blaetter-33-gute-Gruende-300x197.jpg","contentUrl":"https:\/\/www.project-green.com\/wp-content\/uploads\/2023\/05\/Smiley-Blaetter-33-gute-Gruende-300x197.jpg"},{"@type":"BreadcrumbList","@id":"https:\/\/www.project-green.com\/fr\/service\/#breadcrumb","itemListElement":[{"@type":"ListItem","position":1,"name":"Startseite","item":"https:\/\/www.project-green.com\/fr\/"},{"@type":"ListItem","position":2,"name":"Service"}]},{"@type":"WebSite","@id":"https:\/\/www.project-green.com\/#website","url":"https:\/\/www.project-green.com\/","name":"PROJECT GREEN GmbH","description":"pure air for everyone!","publisher":{"@id":"https:\/\/www.project-green.com\/#organization"},"potentialAction":[{"@type":"SearchAction","target":{"@type":"EntryPoint","urlTemplate":"https:\/\/www.project-green.com\/?s={search_term_string}"},"query-input":{"@type":"PropertyValueSpecification","valueRequired":true,"valueName":"search_term_string"}}],"inLanguage":"fr-FR"},{"@type":"Organization","@id":"https:\/\/www.project-green.com\/#organization","name":"PROJECT GREEN GmbH","url":"https:\/\/www.project-green.com\/","logo":{"@type":"ImageObject","inLanguage":"fr-FR","@id":"https:\/\/www.project-green.com\/#\/schema\/logo\/image\/","url":"https:\/\/www.project-green.com\/wp-content\/uploads\/2023\/05\/Logo_PG_r_72dpi_RGB.webp","contentUrl":"https:\/\/www.project-green.com\/wp-content\/uploads\/2023\/05\/Logo_PG_r_72dpi_RGB.webp","width":732,"height":255,"caption":"PROJECT GREEN GmbH"},"image":{"@id":"https:\/\/www.project-green.com\/#\/schema\/logo\/image\/"}}]}},"_links":{"self":[{"href":"https:\/\/www.project-green.com\/fr\/wp-json\/wp\/v2\/pages\/1234","targetHints":{"allow":["GET"]}}],"collection":[{"href":"https:\/\/www.project-green.com\/fr\/wp-json\/wp\/v2\/pages"}],"about":[{"href":"https:\/\/www.project-green.com\/fr\/wp-json\/wp\/v2\/types\/page"}],"author":[{"embeddable":true,"href":"https:\/\/www.project-green.com\/fr\/wp-json\/wp\/v2\/users\/1"}],"replies":[{"embeddable":true,"href":"https:\/\/www.project-green.com\/fr\/wp-json\/wp\/v2\/comments?post=1234"}],"version-history":[{"count":2,"href":"https:\/\/www.project-green.com\/fr\/wp-json\/wp\/v2\/pages\/1234\/revisions"}],"predecessor-version":[{"id":1539,"href":"https:\/\/www.project-green.com\/fr\/wp-json\/wp\/v2\/pages\/1234\/revisions\/1539"}],"wp:attachment":[{"href":"https:\/\/www.project-green.com\/fr\/wp-json\/wp\/v2\/media?parent=1234"}],"curies":[{"name":"wp","href":"https:\/\/api.w.org\/{rel}","templated":true}]}}