{"id":1232,"date":"2023-05-03T01:20:51","date_gmt":"2023-05-02T23:20:51","guid":{"rendered":"https:\/\/www.project-green.com\/entreprise\/"},"modified":"2023-05-17T10:17:30","modified_gmt":"2023-05-17T08:17:30","slug":"entreprise","status":"publish","type":"page","link":"https:\/\/www.project-green.com\/fr\/entreprise\/","title":{"rendered":"Entreprise"},"content":{"rendered":"\t\t<div data-elementor-type=\"wp-page\" data-elementor-id=\"1232\" class=\"elementor elementor-1232 elementor-111\" data-elementor-post-type=\"page\">\n\t\t\t\t<div class=\"elementor-element elementor-element-6fa72ebd e-flex e-con-boxed e-con e-parent\" data-id=\"6fa72ebd\" data-element_type=\"container\" data-e-type=\"container\">\n\t\t\t\t\t<div class=\"e-con-inner\">\n\t\t<div class=\"elementor-element elementor-element-7a588878 e-flex e-con-boxed e-con e-parent\" data-id=\"7a588878\" data-element_type=\"container\" data-e-type=\"container\">\n\t\t\t\t\t<div class=\"e-con-inner\">\n\t\t<div class=\"elementor-element elementor-element-f9e047f e-flex e-con-boxed e-con e-parent\" data-id=\"f9e047f\" data-element_type=\"container\" data-e-type=\"container\">\n\t\t\t\t\t<div class=\"e-con-inner\">\n\t\t\t\t<div class=\"elementor-element elementor-element-1d67da66 elementor-widget elementor-widget-heading\" data-id=\"1d67da66\" data-element_type=\"widget\" data-e-type=\"widget\" data-widget_type=\"heading.default\">\n\t\t\t\t<div class=\"elementor-widget-container\">\n\t\t\t\t\t<h2 class=\"elementor-heading-title elementor-size-default\">L'entreprise<\/h2>\t\t\t\t<\/div>\n\t\t\t\t<\/div>\n\t\t\t\t<div class=\"elementor-element elementor-element-23d8f052 elementor-widget elementor-widget-text-editor\" data-id=\"23d8f052\" data-element_type=\"widget\" data-e-type=\"widget\" data-widget_type=\"text-editor.default\">\n\t\t\t\t<div class=\"elementor-widget-container\">\n\t\t\t\t\t\t\t\t\t<p>PROJECT GREEN GmbH est une entreprise g\u00e9r\u00e9e par son propri\u00e9taire, fond\u00e9e \u00e0 Braunschweig en 2011. Nous nous consid\u00e9rons comme un partenaire comp\u00e9tent dans le d\u00e9veloppement de solutions sur mesure, de l&rsquo;id\u00e9e initiale \u00e0 la mise en \u0153uvre sur le site du client.<\/p>\n<p>PROJECT GREEN GmbH est synonyme d&rsquo;innovation, de qualit\u00e9, de responsabilit\u00e9 et d&rsquo;individualit\u00e9.<\/p>\n\t\t\t\t\t\t\t\t<\/div>\n\t\t\t\t<\/div>\n\t\t\t\t<div class=\"elementor-element elementor-element-8568d98 elementor-widget elementor-widget-text-editor\" data-id=\"8568d98\" data-element_type=\"widget\" data-e-type=\"widget\" data-widget_type=\"text-editor.default\">\n\t\t\t\t<div class=\"elementor-widget-container\">\n\t\t\t\t\t\t\t\t\t<p>Une croissance continue nous distingue. Depuis l&rsquo;\u00e9t\u00e9 2016, vous pouvez nous trouver \u00e0 Ernst-B\u00f6hme-Strasse 20 \u00e0 38112 Braunschweig. Nous y travaillons sur une surface d&rsquo;environ 2200m\u00b2. Depuis f\u00e9vrier 2022, nous avons encore 3 000 m\u00b2 d&rsquo;espace suppl\u00e9mentaire disponibles dans la r\u00e9gion de Salzgitter.<\/p>\n\t\t\t\t\t\t\t\t<\/div>\n\t\t\t\t<\/div>\n\t\t\t\t\t<\/div>\n\t\t\t\t<\/div>\n\t\t<div class=\"elementor-element elementor-element-abc5264 e-flex e-con-boxed e-con e-parent\" data-id=\"abc5264\" data-element_type=\"container\" data-e-type=\"container\">\n\t\t\t\t\t<div class=\"e-con-inner\">\n\t\t\t\t<div class=\"elementor-element elementor-element-8d63b33 elementor-widget elementor-widget-image\" data-id=\"8d63b33\" data-element_type=\"widget\" data-e-type=\"widget\" data-widget_type=\"image.default\">\n\t\t\t\t<div class=\"elementor-widget-container\">\n\t\t\t\t\t\t\t\t\t\t\t\t\t\t\t<img fetchpriority=\"high\" decoding=\"async\" width=\"800\" height=\"534\" src=\"https:\/\/www.project-green.com\/wp-content\/uploads\/2023\/05\/Unternehmen-1024x683.jpg\" class=\"attachment-large size-large wp-image-910\" alt=\"\" srcset=\"https:\/\/www.project-green.com\/wp-content\/uploads\/2023\/05\/Unternehmen-1024x683.jpg 1024w, https:\/\/www.project-green.com\/wp-content\/uploads\/2023\/05\/Unternehmen-300x200.jpg 300w, https:\/\/www.project-green.com\/wp-content\/uploads\/2023\/05\/Unternehmen-768x513.jpg 768w, https:\/\/www.project-green.com\/wp-content\/uploads\/2023\/05\/Unternehmen-1536x1025.jpg 1536w, https:\/\/www.project-green.com\/wp-content\/uploads\/2023\/05\/Unternehmen-2048x1367.jpg 2048w\" sizes=\"(max-width: 800px) 100vw, 800px\" \/>\t\t\t\t\t\t\t\t\t\t\t\t\t\t\t<\/div>\n\t\t\t\t<\/div>\n\t\t\t\t\t<\/div>\n\t\t\t\t<\/div>\n\t\t<div class=\"elementor-element elementor-element-2fa93cf1 e-con-full elementor-hidden-tablet e-flex e-con e-parent\" data-id=\"2fa93cf1\" data-element_type=\"container\" data-e-type=\"container\">\n\t\t\t\t<div class=\"elementor-element elementor-element-1b8ed606 elementor-widget elementor-widget-heading\" data-id=\"1b8ed606\" data-element_type=\"widget\" data-e-type=\"widget\" data-widget_type=\"heading.default\">\n\t\t\t\t<div class=\"elementor-widget-container\">\n\t\t\t\t\t<h2 class=\"elementor-heading-title elementor-size-default\">33 bonnes raisons<\/h2>\t\t\t\t<\/div>\n\t\t\t\t<\/div>\n\t\t\t\t<div class=\"elementor-element elementor-element-0e16c68 elementor-widget elementor-widget-text-editor\" data-id=\"0e16c68\" data-element_type=\"widget\" data-e-type=\"widget\" data-widget_type=\"text-editor.default\">\n\t\t\t\t<div class=\"elementor-widget-container\">\n\t\t\t\t\t\t\t\t\t<p>qui parlent en faveur d&rsquo;une coop\u00e9ration avec PROJECT GREEN GmbH:<\/p>\n\t\t\t\t\t\t\t\t<\/div>\n\t\t\t\t<\/div>\n\t\t<div class=\"elementor-element elementor-element-5229537 e-con-full elementor-hidden-tablet elementor-hidden-mobile e-flex e-con e-parent\" data-id=\"5229537\" data-element_type=\"container\" data-e-type=\"container\">\n\t\t\t\t<div class=\"elementor-element elementor-element-2511a6f9 elementor-widget__width-initial elementor-widget elementor-widget-text-editor\" data-id=\"2511a6f9\" data-element_type=\"widget\" data-e-type=\"widget\" data-widget_type=\"text-editor.default\">\n\t\t\t\t<div class=\"elementor-widget-container\">\n\t\t\t\t\t\t\t\t\t<ol>\n<li>Qualit\u00e9 DIN ISO 9001:2015<\/li>\n<li>De nombreuses ann\u00e9es de savoir-faire<\/li>\n<li>Ing\u00e9nieurs de projet exp\u00e9riment\u00e9s<\/li>\n<li>Ing\u00e9nierie d\u00e9pendante des processus<\/li>\n<li>formation client<\/li>\n<li>exclusivit\u00e9<\/li>\n<li>innovations<\/li>\n<li>individualit\u00e9<\/li>\n<li>orient\u00e9e vers le client<\/li>\n<li>mat\u00e9riaux assortis de mani\u00e8re appropri\u00e9e<\/li>\n<li>vari\u00e9t\u00e9 de produits<\/li>\n<\/ol>\n\t\t\t\t\t\t\t\t<\/div>\n\t\t\t\t<\/div>\n\t\t\t\t<div class=\"elementor-element elementor-element-e27440c elementor-widget__width-initial elementor-widget elementor-widget-text-editor\" data-id=\"e27440c\" data-element_type=\"widget\" data-e-type=\"widget\" data-widget_type=\"text-editor.default\">\n\t\t\t\t<div class=\"elementor-widget-container\">\n\t\t\t\t\t\t\t\t\t<ol start=\"12\">\n<li>potentiel d&rsquo;\u00e9conomies<\/li>\n<li>Faible entretien<\/li>\n<li>Longues dur\u00e9es de fonctionnement<\/li>\n<li>Temps de r\u00e9ponse rapides<\/li>\n<li>D\u00e9lais de livraison flexibles<\/li>\n<li>fabrication de produits<\/li>\n<li>Solutions sp\u00e9ciales, telles que LABS-free ou FDA<\/li>\n<li>R\u00e9sistance \u00e0 la temp\u00e9rature jusqu&rsquo;\u00e0 150\u00b0C max.<\/li>\n<li>Collage de plis : bout \u00e0 bout<\/li>\n<li>Angle de pliage calcul\u00e9 avec pr\u00e9cision<\/li>\n<li>surface de filtrage illimit\u00e9e<\/li>\n<\/ol>\n\t\t\t\t\t\t\t\t<\/div>\n\t\t\t\t<\/div>\n\t\t\t\t<div class=\"elementor-element elementor-element-670cab8 elementor-widget__width-initial elementor-widget elementor-widget-text-editor\" data-id=\"670cab8\" data-element_type=\"widget\" data-e-type=\"widget\" data-widget_type=\"text-editor.default\">\n\t\t\t\t<div class=\"elementor-widget-container\">\n\t\t\t\t\t\t\t\t\t<ol start=\"23\">\n<li>surface du filtrage efficace \u00e0 100 %<\/li>\n<li>Installation verticale et horizontale<\/li>\n<li>Forme de t\u00eate en forme de Venturi<\/li>\n<li>Effet jet pulse optimis\u00e9<\/li>\n<li>Nettoyage efficace<\/li>\n<li>Produits \u00e9co-responsables<\/li>\n<li>Qualit\u00e9 OEM<\/li>\n<li>normes de haute qualit\u00e9<\/li>\n<li>Fabriqu\u00e9 en Allemagne (Made in Germany)<\/li>\n<li>s\u00e9curit\u00e9 des processus<\/li>\n<li>Tout d&rsquo;une seule source<\/li>\n<\/ol>\n<p>.<\/p>\n\t\t\t\t\t\t\t\t<\/div>\n\t\t\t\t<\/div>\n\t\t\t\t<\/div>\n\t\t<div class=\"elementor-element elementor-element-b1bfda8 e-con-full elementor-hidden-desktop e-flex e-con e-parent\" data-id=\"b1bfda8\" data-element_type=\"container\" data-e-type=\"container\">\n\t\t\t\t<div class=\"elementor-element elementor-element-12c600d elementor-widget__width-initial elementor-widget elementor-widget-text-editor\" data-id=\"12c600d\" data-element_type=\"widget\" data-e-type=\"widget\" data-widget_type=\"text-editor.default\">\n\t\t\t\t<div class=\"elementor-widget-container\">\n\t\t\t\t\t\t\t\t\t<ol>\n<li>Qualit\u00e9 DIN ISO 9001:2015<\/li>\n<li>De nombreuses ann\u00e9es de savoir-faire<\/li>\n<li>Ing\u00e9nieurs de projet exp\u00e9riment\u00e9s<\/li>\n<li>Ing\u00e9nierie d\u00e9pendante des processus<\/li>\n<li>formation client<\/li>\n<li>exclusivit\u00e9<\/li>\n<li>innovations<\/li>\n<li>individualit\u00e9<\/li>\n<li>orient\u00e9e vers le client<\/li>\n<li>mat\u00e9riaux assortis de mani\u00e8re appropri\u00e9e<\/li>\n<li>vari\u00e9t\u00e9 de produits<\/li>\n<\/ol>\n<ol start=\"12\">\n<li>potentiel d&rsquo;\u00e9conomies<\/li>\n<li>Faible entretien<\/li>\n<li>Longues dur\u00e9es de fonctionnement<\/li>\n<li>Temps de r\u00e9ponse rapides<\/li>\n<li>D\u00e9lais de livraison flexibles<\/li>\n<li>fabrication de produits<\/li>\n<li>Solutions sp\u00e9ciales, telles que LABS-free ou FDA<\/li>\n<li>R\u00e9sistance \u00e0 la temp\u00e9rature jusqu&rsquo;\u00e0 150\u00b0C max.<\/li>\n<li>Collage de plis : bout \u00e0 bout<\/li>\n<li>Angle de pliage calcul\u00e9 avec pr\u00e9cision<\/li>\n<li>surface de filtrage illimit\u00e9e<\/li>\n<li>surface du filtrage efficace \u00e0 100 %<\/li>\n<li>Installation verticale et horizontale<\/li>\n<li>Forme de t\u00eate en forme de Venturi<\/li>\n<li>Effet jet pulse optimis\u00e9<\/li>\n<li>Nettoyage efficace<\/li>\n<li>Produits \u00e9co-responsables<\/li>\n<li>Qualit\u00e9 OEM<\/li>\n<li>normes de haute qualit\u00e9<\/li>\n<li>Fabriqu\u00e9 en Allemagne (Made in Germany)<\/li>\n<li>s\u00e9curit\u00e9 des processus<\/li>\n<li>Tout d&rsquo;une seule source<\/li>\n<\/ol>\n\t\t\t\t\t\t\t\t<\/div>\n\t\t\t\t<\/div>\n\t\t\t\t<\/div>\n\t\t\t\t<\/div>\n\t\t\t\t\t<\/div>\n\t\t\t\t<\/div>\n\t\t\t\t\t<\/div>\n\t\t\t\t<\/div>\n\t\t\t\t<\/div>\n\t\t","protected":false},"excerpt":{"rendered":"<p>L&rsquo;entreprise PROJECT GREEN GmbH est une entreprise g\u00e9r\u00e9e par son propri\u00e9taire, fond\u00e9e \u00e0 Braunschweig en 2011. Nous nous consid\u00e9rons comme un partenaire comp\u00e9tent dans le d\u00e9veloppement de solutions sur mesure, de l&rsquo;id\u00e9e initiale \u00e0 la mise en \u0153uvre sur le site du client. PROJECT GREEN GmbH est synonyme d&rsquo;innovation, de qualit\u00e9, de responsabilit\u00e9 et d&rsquo;individualit\u00e9. [&hellip;]<\/p>\n","protected":false},"author":1,"featured_media":0,"parent":0,"menu_order":0,"comment_status":"closed","ping_status":"closed","template":"","meta":{"footnotes":""},"class_list":["post-1232","page","type-page","status-publish","hentry"],"yoast_head":"<!-- This site is optimized with the Yoast SEO plugin v24.2 - https:\/\/yoast.com\/wordpress\/plugins\/seo\/ -->\n<title>Entreprise - PROJECT GREEN GmbH<\/title>\n<meta name=\"robots\" content=\"index, follow, max-snippet:-1, max-image-preview:large, max-video-preview:-1\" \/>\n<link rel=\"canonical\" href=\"https:\/\/www.project-green.com\/fr\/entreprise\/\" \/>\n<meta property=\"og:locale\" content=\"fr_FR\" \/>\n<meta property=\"og:type\" content=\"article\" \/>\n<meta property=\"og:title\" content=\"Entreprise - PROJECT GREEN GmbH\" \/>\n<meta property=\"og:description\" content=\"L&rsquo;entreprise PROJECT GREEN GmbH est une entreprise g\u00e9r\u00e9e par son propri\u00e9taire, fond\u00e9e \u00e0 Braunschweig en 2011. Nous nous consid\u00e9rons comme un partenaire comp\u00e9tent dans le d\u00e9veloppement de solutions sur mesure, de l&rsquo;id\u00e9e initiale \u00e0 la mise en \u0153uvre sur le site du client. PROJECT GREEN GmbH est synonyme d&rsquo;innovation, de qualit\u00e9, de responsabilit\u00e9 et d&rsquo;individualit\u00e9. [&hellip;]\" \/>\n<meta property=\"og:url\" content=\"https:\/\/www.project-green.com\/fr\/entreprise\/\" \/>\n<meta property=\"og:site_name\" content=\"PROJECT GREEN GmbH\" \/>\n<meta property=\"article:modified_time\" content=\"2023-05-17T08:17:30+00:00\" \/>\n<meta property=\"og:image\" content=\"https:\/\/www.project-green.com\/wp-content\/uploads\/2023\/05\/Unternehmen-1024x683.jpg\" \/>\n<meta name=\"twitter:card\" content=\"summary_large_image\" \/>\n<meta name=\"twitter:label1\" content=\"Dur\u00e9e de lecture estim\u00e9e\" \/>\n\t<meta name=\"twitter:data1\" content=\"2 minutes\" \/>\n<script type=\"application\/ld+json\" class=\"yoast-schema-graph\">{\"@context\":\"https:\/\/schema.org\",\"@graph\":[{\"@type\":\"WebPage\",\"@id\":\"https:\/\/www.project-green.com\/fr\/entreprise\/\",\"url\":\"https:\/\/www.project-green.com\/fr\/entreprise\/\",\"name\":\"Entreprise - PROJECT GREEN GmbH\",\"isPartOf\":{\"@id\":\"https:\/\/www.project-green.com\/#website\"},\"primaryImageOfPage\":{\"@id\":\"https:\/\/www.project-green.com\/fr\/entreprise\/#primaryimage\"},\"image\":{\"@id\":\"https:\/\/www.project-green.com\/fr\/entreprise\/#primaryimage\"},\"thumbnailUrl\":\"https:\/\/www.project-green.com\/wp-content\/uploads\/2023\/05\/Unternehmen-1024x683.jpg\",\"datePublished\":\"2023-05-02T23:20:51+00:00\",\"dateModified\":\"2023-05-17T08:17:30+00:00\",\"breadcrumb\":{\"@id\":\"https:\/\/www.project-green.com\/fr\/entreprise\/#breadcrumb\"},\"inLanguage\":\"fr-FR\",\"potentialAction\":[{\"@type\":\"ReadAction\",\"target\":[\"https:\/\/www.project-green.com\/fr\/entreprise\/\"]}]},{\"@type\":\"ImageObject\",\"inLanguage\":\"fr-FR\",\"@id\":\"https:\/\/www.project-green.com\/fr\/entreprise\/#primaryimage\",\"url\":\"https:\/\/www.project-green.com\/wp-content\/uploads\/2023\/05\/Unternehmen-1024x683.jpg\",\"contentUrl\":\"https:\/\/www.project-green.com\/wp-content\/uploads\/2023\/05\/Unternehmen-1024x683.jpg\"},{\"@type\":\"BreadcrumbList\",\"@id\":\"https:\/\/www.project-green.com\/fr\/entreprise\/#breadcrumb\",\"itemListElement\":[{\"@type\":\"ListItem\",\"position\":1,\"name\":\"Startseite\",\"item\":\"https:\/\/www.project-green.com\/fr\/\"},{\"@type\":\"ListItem\",\"position\":2,\"name\":\"Entreprise\"}]},{\"@type\":\"WebSite\",\"@id\":\"https:\/\/www.project-green.com\/#website\",\"url\":\"https:\/\/www.project-green.com\/\",\"name\":\"PROJECT GREEN GmbH\",\"description\":\"pure air for everyone!\",\"publisher\":{\"@id\":\"https:\/\/www.project-green.com\/#organization\"},\"potentialAction\":[{\"@type\":\"SearchAction\",\"target\":{\"@type\":\"EntryPoint\",\"urlTemplate\":\"https:\/\/www.project-green.com\/?s={search_term_string}\"},\"query-input\":{\"@type\":\"PropertyValueSpecification\",\"valueRequired\":true,\"valueName\":\"search_term_string\"}}],\"inLanguage\":\"fr-FR\"},{\"@type\":\"Organization\",\"@id\":\"https:\/\/www.project-green.com\/#organization\",\"name\":\"PROJECT GREEN GmbH\",\"url\":\"https:\/\/www.project-green.com\/\",\"logo\":{\"@type\":\"ImageObject\",\"inLanguage\":\"fr-FR\",\"@id\":\"https:\/\/www.project-green.com\/#\/schema\/logo\/image\/\",\"url\":\"https:\/\/www.project-green.com\/wp-content\/uploads\/2023\/05\/Logo_PG_r_72dpi_RGB.webp\",\"contentUrl\":\"https:\/\/www.project-green.com\/wp-content\/uploads\/2023\/05\/Logo_PG_r_72dpi_RGB.webp\",\"width\":732,\"height\":255,\"caption\":\"PROJECT GREEN GmbH\"},\"image\":{\"@id\":\"https:\/\/www.project-green.com\/#\/schema\/logo\/image\/\"}}]}<\/script>\n<!-- \/ Yoast SEO plugin. -->","yoast_head_json":{"title":"Entreprise - PROJECT GREEN GmbH","robots":{"index":"index","follow":"follow","max-snippet":"max-snippet:-1","max-image-preview":"max-image-preview:large","max-video-preview":"max-video-preview:-1"},"canonical":"https:\/\/www.project-green.com\/fr\/entreprise\/","og_locale":"fr_FR","og_type":"article","og_title":"Entreprise - PROJECT GREEN GmbH","og_description":"L&rsquo;entreprise PROJECT GREEN GmbH est une entreprise g\u00e9r\u00e9e par son propri\u00e9taire, fond\u00e9e \u00e0 Braunschweig en 2011. Nous nous consid\u00e9rons comme un partenaire comp\u00e9tent dans le d\u00e9veloppement de solutions sur mesure, de l&rsquo;id\u00e9e initiale \u00e0 la mise en \u0153uvre sur le site du client. PROJECT GREEN GmbH est synonyme d&rsquo;innovation, de qualit\u00e9, de responsabilit\u00e9 et d&rsquo;individualit\u00e9. [&hellip;]","og_url":"https:\/\/www.project-green.com\/fr\/entreprise\/","og_site_name":"PROJECT GREEN GmbH","article_modified_time":"2023-05-17T08:17:30+00:00","og_image":[{"url":"https:\/\/www.project-green.com\/wp-content\/uploads\/2023\/05\/Unternehmen-1024x683.jpg","type":"","width":"","height":""}],"twitter_card":"summary_large_image","twitter_misc":{"Dur\u00e9e de lecture estim\u00e9e":"2 minutes"},"schema":{"@context":"https:\/\/schema.org","@graph":[{"@type":"WebPage","@id":"https:\/\/www.project-green.com\/fr\/entreprise\/","url":"https:\/\/www.project-green.com\/fr\/entreprise\/","name":"Entreprise - PROJECT GREEN GmbH","isPartOf":{"@id":"https:\/\/www.project-green.com\/#website"},"primaryImageOfPage":{"@id":"https:\/\/www.project-green.com\/fr\/entreprise\/#primaryimage"},"image":{"@id":"https:\/\/www.project-green.com\/fr\/entreprise\/#primaryimage"},"thumbnailUrl":"https:\/\/www.project-green.com\/wp-content\/uploads\/2023\/05\/Unternehmen-1024x683.jpg","datePublished":"2023-05-02T23:20:51+00:00","dateModified":"2023-05-17T08:17:30+00:00","breadcrumb":{"@id":"https:\/\/www.project-green.com\/fr\/entreprise\/#breadcrumb"},"inLanguage":"fr-FR","potentialAction":[{"@type":"ReadAction","target":["https:\/\/www.project-green.com\/fr\/entreprise\/"]}]},{"@type":"ImageObject","inLanguage":"fr-FR","@id":"https:\/\/www.project-green.com\/fr\/entreprise\/#primaryimage","url":"https:\/\/www.project-green.com\/wp-content\/uploads\/2023\/05\/Unternehmen-1024x683.jpg","contentUrl":"https:\/\/www.project-green.com\/wp-content\/uploads\/2023\/05\/Unternehmen-1024x683.jpg"},{"@type":"BreadcrumbList","@id":"https:\/\/www.project-green.com\/fr\/entreprise\/#breadcrumb","itemListElement":[{"@type":"ListItem","position":1,"name":"Startseite","item":"https:\/\/www.project-green.com\/fr\/"},{"@type":"ListItem","position":2,"name":"Entreprise"}]},{"@type":"WebSite","@id":"https:\/\/www.project-green.com\/#website","url":"https:\/\/www.project-green.com\/","name":"PROJECT GREEN GmbH","description":"pure air for everyone!","publisher":{"@id":"https:\/\/www.project-green.com\/#organization"},"potentialAction":[{"@type":"SearchAction","target":{"@type":"EntryPoint","urlTemplate":"https:\/\/www.project-green.com\/?s={search_term_string}"},"query-input":{"@type":"PropertyValueSpecification","valueRequired":true,"valueName":"search_term_string"}}],"inLanguage":"fr-FR"},{"@type":"Organization","@id":"https:\/\/www.project-green.com\/#organization","name":"PROJECT GREEN GmbH","url":"https:\/\/www.project-green.com\/","logo":{"@type":"ImageObject","inLanguage":"fr-FR","@id":"https:\/\/www.project-green.com\/#\/schema\/logo\/image\/","url":"https:\/\/www.project-green.com\/wp-content\/uploads\/2023\/05\/Logo_PG_r_72dpi_RGB.webp","contentUrl":"https:\/\/www.project-green.com\/wp-content\/uploads\/2023\/05\/Logo_PG_r_72dpi_RGB.webp","width":732,"height":255,"caption":"PROJECT GREEN GmbH"},"image":{"@id":"https:\/\/www.project-green.com\/#\/schema\/logo\/image\/"}}]}},"_links":{"self":[{"href":"https:\/\/www.project-green.com\/fr\/wp-json\/wp\/v2\/pages\/1232","targetHints":{"allow":["GET"]}}],"collection":[{"href":"https:\/\/www.project-green.com\/fr\/wp-json\/wp\/v2\/pages"}],"about":[{"href":"https:\/\/www.project-green.com\/fr\/wp-json\/wp\/v2\/types\/page"}],"author":[{"embeddable":true,"href":"https:\/\/www.project-green.com\/fr\/wp-json\/wp\/v2\/users\/1"}],"replies":[{"embeddable":true,"href":"https:\/\/www.project-green.com\/fr\/wp-json\/wp\/v2\/comments?post=1232"}],"version-history":[{"count":1,"href":"https:\/\/www.project-green.com\/fr\/wp-json\/wp\/v2\/pages\/1232\/revisions"}],"predecessor-version":[{"id":1233,"href":"https:\/\/www.project-green.com\/fr\/wp-json\/wp\/v2\/pages\/1232\/revisions\/1233"}],"wp:attachment":[{"href":"https:\/\/www.project-green.com\/fr\/wp-json\/wp\/v2\/media?parent=1232"}],"curies":[{"name":"wp","href":"https:\/\/api.w.org\/{rel}","templated":true}]}}