{"id":1230,"date":"2023-05-03T01:10:06","date_gmt":"2023-05-02T23:10:06","guid":{"rendered":"https:\/\/www.project-green.com\/qualite\/"},"modified":"2023-05-17T21:52:57","modified_gmt":"2023-05-17T19:52:57","slug":"qualite","status":"publish","type":"page","link":"https:\/\/www.project-green.com\/fr\/qualite\/","title":{"rendered":"Qualit\u00e9"},"content":{"rendered":"\t\t<div data-elementor-type=\"wp-page\" data-elementor-id=\"1230\" class=\"elementor elementor-1230 elementor-101\" data-elementor-post-type=\"page\">\n\t\t\t\t<div class=\"elementor-element elementor-element-53c30ab9 e-con-full e-flex e-con e-parent\" data-id=\"53c30ab9\" data-element_type=\"container\" data-e-type=\"container\">\n\t\t<div class=\"elementor-element elementor-element-68e93fc9 e-flex e-con-boxed e-con e-parent\" data-id=\"68e93fc9\" data-element_type=\"container\" data-e-type=\"container\">\n\t\t\t\t\t<div class=\"e-con-inner\">\n\t\t<div class=\"elementor-element elementor-element-47b95ef e-con-full e-flex e-con e-parent\" data-id=\"47b95ef\" data-element_type=\"container\" data-e-type=\"container\">\n\t\t\t\t<div class=\"elementor-element elementor-element-3643468e elementor-widget elementor-widget-heading\" data-id=\"3643468e\" data-element_type=\"widget\" data-e-type=\"widget\" data-widget_type=\"heading.default\">\n\t\t\t\t<div class=\"elementor-widget-container\">\n\t\t\t\t\t<h2 class=\"elementor-heading-title elementor-size-default\">Qualit\u00e9<\/h2>\t\t\t\t<\/div>\n\t\t\t\t<\/div>\n\t\t\t\t<div class=\"elementor-element elementor-element-4a703a26 elementor-widget elementor-widget-text-editor\" data-id=\"4a703a26\" data-element_type=\"widget\" data-e-type=\"widget\" data-widget_type=\"text-editor.default\">\n\t\t\t\t<div class=\"elementor-widget-container\">\n\t\t\t\t\t\t\t\t\t<div class=\"wpb_text_column\">\n<div class=\"wpb_wrapper\">\n<p>Chacun de nos produits doit fournir des performances maximales sur une plus longue p\u00e9riode et r\u00e9sister aux contraintes chimiques, m\u00e9caniques et thermiques.<\/p>\n<\/div>\n<\/div>\n\t\t\t\t\t\t\t\t<\/div>\n\t\t\t\t<\/div>\n\t\t\t\t<div class=\"elementor-element elementor-element-1c658d2 elementor-widget elementor-widget-text-editor\" data-id=\"1c658d2\" data-element_type=\"widget\" data-e-type=\"widget\" data-widget_type=\"text-editor.default\">\n\t\t\t\t<div class=\"elementor-widget-container\">\n\t\t\t\t\t\t\t\t\t<p>PROJECT GREEN GmbH est certifi\u00e9 par T\u00dcV-S\u00fcd selon DIN EN ISO 9001:2015. Cela signifie que toutes nos activit\u00e9s sont soumises \u00e0 des crit\u00e8res de qualit\u00e9 d\u00e9finis. Tous les processus sont document\u00e9s pour une meilleure tra\u00e7abilit\u00e9. De cette fa\u00e7on, nous pouvons garantir de mani\u00e8re transparente que nos clients tiennent un produit de qualit\u00e9 entre leurs mains avec chaque article de notre part.<\/p>\n\t\t\t\t\t\t\t\t<\/div>\n\t\t\t\t<\/div>\n\t\t\t\t<div class=\"elementor-element elementor-element-051d1f1 elementor-widget elementor-widget-text-editor\" data-id=\"051d1f1\" data-element_type=\"widget\" data-e-type=\"widget\" data-widget_type=\"text-editor.default\">\n\t\t\t\t<div class=\"elementor-widget-container\">\n\t\t\t\t\t\t\t\t\t<p>Nous, les employ\u00e9s de PROJECT GREEN GmbH, sommes fiers de la certification continue selon DIN EN ISO 9001 depuis 2012 !<\/p>\n\t\t\t\t\t\t\t\t<\/div>\n\t\t\t\t<\/div>\n\t\t\t\t<div class=\"elementor-element elementor-element-644ac94 elementor-hidden-desktop elementor-widget elementor-widget-image\" data-id=\"644ac94\" data-element_type=\"widget\" data-e-type=\"widget\" data-widget_type=\"image.default\">\n\t\t\t\t<div class=\"elementor-widget-container\">\n\t\t\t\t\t\t\t\t\t\t\t\t<figure class=\"wp-caption\">\n\t\t\t\t\t\t\t\t\t\t\t<a href=\"http:\/\/www.project-green.com\/wp-content\/uploads\/2023\/05\/PG-Zertifikat-ISO-9001-2015.jpg\" data-elementor-open-lightbox=\"yes\" data-elementor-lightbox-title=\"PG-Zertifikat-ISO-9001-2015\" data-e-action-hash=\"#elementor-action%3Aaction%3Dlightbox%26settings%3DeyJpZCI6ODgyLCJ1cmwiOiJodHRwczpcL1wvd3d3LnByb2plY3QtZ3JlZW4uY29tXC93cC1jb250ZW50XC91cGxvYWRzXC8yMDIzXC8wNVwvUEctWmVydGlmaWthdC1JU08tOTAwMS0yMDE1LndlYnAifQ%3D%3D\">\n\t\t\t\t\t\t\t<img fetchpriority=\"high\" decoding=\"async\" width=\"213\" height=\"300\" src=\"https:\/\/www.project-green.com\/wp-content\/uploads\/2023\/05\/PG-Zertifikat-ISO-9001-2015-213x300.jpg\" class=\"attachment-medium size-medium wp-image-882\" alt=\"\" srcset=\"https:\/\/www.project-green.com\/wp-content\/uploads\/2023\/05\/PG-Zertifikat-ISO-9001-2015-213x300.jpg 213w, https:\/\/www.project-green.com\/wp-content\/uploads\/2023\/05\/PG-Zertifikat-ISO-9001-2015-726x1024.jpg 726w, https:\/\/www.project-green.com\/wp-content\/uploads\/2023\/05\/PG-Zertifikat-ISO-9001-2015-768x1083.jpg 768w, https:\/\/www.project-green.com\/wp-content\/uploads\/2023\/05\/PG-Zertifikat-ISO-9001-2015-1090x1536.jpg 1090w, https:\/\/www.project-green.com\/wp-content\/uploads\/2023\/05\/PG-Zertifikat-ISO-9001-2015.jpg 1240w\" sizes=\"(max-width: 213px) 100vw, 213px\" \/>\t\t\t\t\t\t\t\t<\/a>\n\t\t\t\t\t\t\t\t\t\t\t<figcaption class=\"widget-image-caption wp-caption-text\">T\u00dcV ISO 9001:2015<\/figcaption>\n\t\t\t\t\t\t\t\t\t\t<\/figure>\n\t\t\t\t\t\t\t\t\t<\/div>\n\t\t\t\t<\/div>\n\t\t\t\t<\/div>\n\t\t<div class=\"elementor-element elementor-element-6e75304 e-con-full e-flex e-con e-parent\" data-id=\"6e75304\" data-element_type=\"container\" data-e-type=\"container\">\n\t\t\t\t<div class=\"elementor-element elementor-element-cf508f8 elementor-widget__width-inherit elementor-hidden-tablet elementor-hidden-mobile elementor-widget elementor-widget-image\" data-id=\"cf508f8\" data-element_type=\"widget\" data-e-type=\"widget\" data-widget_type=\"image.default\">\n\t\t\t\t<div class=\"elementor-widget-container\">\n\t\t\t\t\t\t\t\t\t\t\t\t<figure class=\"wp-caption\">\n\t\t\t\t\t\t\t\t\t\t\t<a href=\"http:\/\/www.project-green.com\/wp-content\/uploads\/2023\/05\/PG-Zertifikat-ISO-9001-2015.jpg\" data-elementor-open-lightbox=\"yes\" data-elementor-lightbox-title=\"PG-Zertifikat-ISO-9001-2015\" data-e-action-hash=\"#elementor-action%3Aaction%3Dlightbox%26settings%3DeyJpZCI6ODgyLCJ1cmwiOiJodHRwczpcL1wvd3d3LnByb2plY3QtZ3JlZW4uY29tXC93cC1jb250ZW50XC91cGxvYWRzXC8yMDIzXC8wNVwvUEctWmVydGlmaWthdC1JU08tOTAwMS0yMDE1LndlYnAifQ%3D%3D\">\n\t\t\t\t\t\t\t<img fetchpriority=\"high\" decoding=\"async\" width=\"213\" height=\"300\" src=\"https:\/\/www.project-green.com\/wp-content\/uploads\/2023\/05\/PG-Zertifikat-ISO-9001-2015-213x300.jpg\" class=\"attachment-medium size-medium wp-image-882\" alt=\"\" srcset=\"https:\/\/www.project-green.com\/wp-content\/uploads\/2023\/05\/PG-Zertifikat-ISO-9001-2015-213x300.jpg 213w, https:\/\/www.project-green.com\/wp-content\/uploads\/2023\/05\/PG-Zertifikat-ISO-9001-2015-726x1024.jpg 726w, https:\/\/www.project-green.com\/wp-content\/uploads\/2023\/05\/PG-Zertifikat-ISO-9001-2015-768x1083.jpg 768w, https:\/\/www.project-green.com\/wp-content\/uploads\/2023\/05\/PG-Zertifikat-ISO-9001-2015-1090x1536.jpg 1090w, https:\/\/www.project-green.com\/wp-content\/uploads\/2023\/05\/PG-Zertifikat-ISO-9001-2015.jpg 1240w\" sizes=\"(max-width: 213px) 100vw, 213px\" \/>\t\t\t\t\t\t\t\t<\/a>\n\t\t\t\t\t\t\t\t\t\t\t<figcaption class=\"widget-image-caption wp-caption-text\">T\u00dcV ISO 9001:2015<\/figcaption>\n\t\t\t\t\t\t\t\t\t\t<\/figure>\n\t\t\t\t\t\t\t\t\t<\/div>\n\t\t\t\t<\/div>\n\t\t\t\t<\/div>\n\t\t\t\t\t<\/div>\n\t\t\t\t<\/div>\n\t\t\t\t<\/div>\n\t\t\t\t<\/div>\n\t\t","protected":false},"excerpt":{"rendered":"<p>Qualit\u00e9 Chacun de nos produits doit fournir des performances maximales sur une plus longue p\u00e9riode et r\u00e9sister aux contraintes chimiques, m\u00e9caniques et thermiques. PROJECT GREEN GmbH est certifi\u00e9 par T\u00dcV-S\u00fcd selon DIN EN ISO 9001:2015. Cela signifie que toutes nos activit\u00e9s sont soumises \u00e0 des crit\u00e8res de qualit\u00e9 d\u00e9finis. Tous les processus sont document\u00e9s pour [&hellip;]<\/p>\n","protected":false},"author":1,"featured_media":0,"parent":0,"menu_order":0,"comment_status":"closed","ping_status":"closed","template":"","meta":{"footnotes":""},"class_list":["post-1230","page","type-page","status-publish","hentry"],"yoast_head":"<!-- This site is optimized with the Yoast SEO plugin v24.2 - https:\/\/yoast.com\/wordpress\/plugins\/seo\/ -->\n<title>Qualit\u00e9 - PROJECT GREEN GmbH<\/title>\n<meta name=\"robots\" content=\"index, follow, max-snippet:-1, max-image-preview:large, max-video-preview:-1\" \/>\n<link rel=\"canonical\" href=\"https:\/\/www.project-green.com\/fr\/qualite\/\" \/>\n<meta property=\"og:locale\" content=\"fr_FR\" \/>\n<meta property=\"og:type\" content=\"article\" \/>\n<meta property=\"og:title\" content=\"Qualit\u00e9 - PROJECT GREEN GmbH\" \/>\n<meta property=\"og:description\" content=\"Qualit\u00e9 Chacun de nos produits doit fournir des performances maximales sur une plus longue p\u00e9riode et r\u00e9sister aux contraintes chimiques, m\u00e9caniques et thermiques. PROJECT GREEN GmbH est certifi\u00e9 par T\u00dcV-S\u00fcd selon DIN EN ISO 9001:2015. Cela signifie que toutes nos activit\u00e9s sont soumises \u00e0 des crit\u00e8res de qualit\u00e9 d\u00e9finis. Tous les processus sont document\u00e9s pour [&hellip;]\" \/>\n<meta property=\"og:url\" content=\"https:\/\/www.project-green.com\/fr\/qualite\/\" \/>\n<meta property=\"og:site_name\" content=\"PROJECT GREEN GmbH\" \/>\n<meta property=\"article:modified_time\" content=\"2023-05-17T19:52:57+00:00\" \/>\n<meta property=\"og:image\" content=\"https:\/\/www.project-green.com\/wp-content\/uploads\/2023\/05\/PG-Zertifikat-ISO-9001-2015-213x300.jpg\" \/>\n<meta name=\"twitter:card\" content=\"summary_large_image\" \/>\n<meta name=\"twitter:label1\" content=\"Dur\u00e9e de lecture estim\u00e9e\" \/>\n\t<meta name=\"twitter:data1\" content=\"1 minute\" \/>\n<script type=\"application\/ld+json\" class=\"yoast-schema-graph\">{\"@context\":\"https:\/\/schema.org\",\"@graph\":[{\"@type\":\"WebPage\",\"@id\":\"https:\/\/www.project-green.com\/fr\/qualite\/\",\"url\":\"https:\/\/www.project-green.com\/fr\/qualite\/\",\"name\":\"Qualit\u00e9 - PROJECT GREEN GmbH\",\"isPartOf\":{\"@id\":\"https:\/\/www.project-green.com\/#website\"},\"primaryImageOfPage\":{\"@id\":\"https:\/\/www.project-green.com\/fr\/qualite\/#primaryimage\"},\"image\":{\"@id\":\"https:\/\/www.project-green.com\/fr\/qualite\/#primaryimage\"},\"thumbnailUrl\":\"https:\/\/www.project-green.com\/wp-content\/uploads\/2023\/05\/PG-Zertifikat-ISO-9001-2015-213x300.jpg\",\"datePublished\":\"2023-05-02T23:10:06+00:00\",\"dateModified\":\"2023-05-17T19:52:57+00:00\",\"breadcrumb\":{\"@id\":\"https:\/\/www.project-green.com\/fr\/qualite\/#breadcrumb\"},\"inLanguage\":\"fr-FR\",\"potentialAction\":[{\"@type\":\"ReadAction\",\"target\":[\"https:\/\/www.project-green.com\/fr\/qualite\/\"]}]},{\"@type\":\"ImageObject\",\"inLanguage\":\"fr-FR\",\"@id\":\"https:\/\/www.project-green.com\/fr\/qualite\/#primaryimage\",\"url\":\"https:\/\/www.project-green.com\/wp-content\/uploads\/2023\/05\/PG-Zertifikat-ISO-9001-2015-213x300.jpg\",\"contentUrl\":\"https:\/\/www.project-green.com\/wp-content\/uploads\/2023\/05\/PG-Zertifikat-ISO-9001-2015-213x300.jpg\"},{\"@type\":\"BreadcrumbList\",\"@id\":\"https:\/\/www.project-green.com\/fr\/qualite\/#breadcrumb\",\"itemListElement\":[{\"@type\":\"ListItem\",\"position\":1,\"name\":\"Startseite\",\"item\":\"https:\/\/www.project-green.com\/fr\/\"},{\"@type\":\"ListItem\",\"position\":2,\"name\":\"Qualit\u00e9\"}]},{\"@type\":\"WebSite\",\"@id\":\"https:\/\/www.project-green.com\/#website\",\"url\":\"https:\/\/www.project-green.com\/\",\"name\":\"PROJECT GREEN GmbH\",\"description\":\"pure air for everyone!\",\"publisher\":{\"@id\":\"https:\/\/www.project-green.com\/#organization\"},\"potentialAction\":[{\"@type\":\"SearchAction\",\"target\":{\"@type\":\"EntryPoint\",\"urlTemplate\":\"https:\/\/www.project-green.com\/?s={search_term_string}\"},\"query-input\":{\"@type\":\"PropertyValueSpecification\",\"valueRequired\":true,\"valueName\":\"search_term_string\"}}],\"inLanguage\":\"fr-FR\"},{\"@type\":\"Organization\",\"@id\":\"https:\/\/www.project-green.com\/#organization\",\"name\":\"PROJECT GREEN GmbH\",\"url\":\"https:\/\/www.project-green.com\/\",\"logo\":{\"@type\":\"ImageObject\",\"inLanguage\":\"fr-FR\",\"@id\":\"https:\/\/www.project-green.com\/#\/schema\/logo\/image\/\",\"url\":\"https:\/\/www.project-green.com\/wp-content\/uploads\/2023\/05\/Logo_PG_r_72dpi_RGB.webp\",\"contentUrl\":\"https:\/\/www.project-green.com\/wp-content\/uploads\/2023\/05\/Logo_PG_r_72dpi_RGB.webp\",\"width\":732,\"height\":255,\"caption\":\"PROJECT GREEN GmbH\"},\"image\":{\"@id\":\"https:\/\/www.project-green.com\/#\/schema\/logo\/image\/\"}}]}<\/script>\n<!-- \/ Yoast SEO plugin. -->","yoast_head_json":{"title":"Qualit\u00e9 - PROJECT GREEN GmbH","robots":{"index":"index","follow":"follow","max-snippet":"max-snippet:-1","max-image-preview":"max-image-preview:large","max-video-preview":"max-video-preview:-1"},"canonical":"https:\/\/www.project-green.com\/fr\/qualite\/","og_locale":"fr_FR","og_type":"article","og_title":"Qualit\u00e9 - PROJECT GREEN GmbH","og_description":"Qualit\u00e9 Chacun de nos produits doit fournir des performances maximales sur une plus longue p\u00e9riode et r\u00e9sister aux contraintes chimiques, m\u00e9caniques et thermiques. PROJECT GREEN GmbH est certifi\u00e9 par T\u00dcV-S\u00fcd selon DIN EN ISO 9001:2015. Cela signifie que toutes nos activit\u00e9s sont soumises \u00e0 des crit\u00e8res de qualit\u00e9 d\u00e9finis. Tous les processus sont document\u00e9s pour [&hellip;]","og_url":"https:\/\/www.project-green.com\/fr\/qualite\/","og_site_name":"PROJECT GREEN GmbH","article_modified_time":"2023-05-17T19:52:57+00:00","og_image":[{"url":"https:\/\/www.project-green.com\/wp-content\/uploads\/2023\/05\/PG-Zertifikat-ISO-9001-2015-213x300.jpg","type":"","width":"","height":""}],"twitter_card":"summary_large_image","twitter_misc":{"Dur\u00e9e de lecture estim\u00e9e":"1 minute"},"schema":{"@context":"https:\/\/schema.org","@graph":[{"@type":"WebPage","@id":"https:\/\/www.project-green.com\/fr\/qualite\/","url":"https:\/\/www.project-green.com\/fr\/qualite\/","name":"Qualit\u00e9 - PROJECT GREEN GmbH","isPartOf":{"@id":"https:\/\/www.project-green.com\/#website"},"primaryImageOfPage":{"@id":"https:\/\/www.project-green.com\/fr\/qualite\/#primaryimage"},"image":{"@id":"https:\/\/www.project-green.com\/fr\/qualite\/#primaryimage"},"thumbnailUrl":"https:\/\/www.project-green.com\/wp-content\/uploads\/2023\/05\/PG-Zertifikat-ISO-9001-2015-213x300.jpg","datePublished":"2023-05-02T23:10:06+00:00","dateModified":"2023-05-17T19:52:57+00:00","breadcrumb":{"@id":"https:\/\/www.project-green.com\/fr\/qualite\/#breadcrumb"},"inLanguage":"fr-FR","potentialAction":[{"@type":"ReadAction","target":["https:\/\/www.project-green.com\/fr\/qualite\/"]}]},{"@type":"ImageObject","inLanguage":"fr-FR","@id":"https:\/\/www.project-green.com\/fr\/qualite\/#primaryimage","url":"https:\/\/www.project-green.com\/wp-content\/uploads\/2023\/05\/PG-Zertifikat-ISO-9001-2015-213x300.jpg","contentUrl":"https:\/\/www.project-green.com\/wp-content\/uploads\/2023\/05\/PG-Zertifikat-ISO-9001-2015-213x300.jpg"},{"@type":"BreadcrumbList","@id":"https:\/\/www.project-green.com\/fr\/qualite\/#breadcrumb","itemListElement":[{"@type":"ListItem","position":1,"name":"Startseite","item":"https:\/\/www.project-green.com\/fr\/"},{"@type":"ListItem","position":2,"name":"Qualit\u00e9"}]},{"@type":"WebSite","@id":"https:\/\/www.project-green.com\/#website","url":"https:\/\/www.project-green.com\/","name":"PROJECT GREEN GmbH","description":"pure air for everyone!","publisher":{"@id":"https:\/\/www.project-green.com\/#organization"},"potentialAction":[{"@type":"SearchAction","target":{"@type":"EntryPoint","urlTemplate":"https:\/\/www.project-green.com\/?s={search_term_string}"},"query-input":{"@type":"PropertyValueSpecification","valueRequired":true,"valueName":"search_term_string"}}],"inLanguage":"fr-FR"},{"@type":"Organization","@id":"https:\/\/www.project-green.com\/#organization","name":"PROJECT GREEN GmbH","url":"https:\/\/www.project-green.com\/","logo":{"@type":"ImageObject","inLanguage":"fr-FR","@id":"https:\/\/www.project-green.com\/#\/schema\/logo\/image\/","url":"https:\/\/www.project-green.com\/wp-content\/uploads\/2023\/05\/Logo_PG_r_72dpi_RGB.webp","contentUrl":"https:\/\/www.project-green.com\/wp-content\/uploads\/2023\/05\/Logo_PG_r_72dpi_RGB.webp","width":732,"height":255,"caption":"PROJECT GREEN GmbH"},"image":{"@id":"https:\/\/www.project-green.com\/#\/schema\/logo\/image\/"}}]}},"_links":{"self":[{"href":"https:\/\/www.project-green.com\/fr\/wp-json\/wp\/v2\/pages\/1230","targetHints":{"allow":["GET"]}}],"collection":[{"href":"https:\/\/www.project-green.com\/fr\/wp-json\/wp\/v2\/pages"}],"about":[{"href":"https:\/\/www.project-green.com\/fr\/wp-json\/wp\/v2\/types\/page"}],"author":[{"embeddable":true,"href":"https:\/\/www.project-green.com\/fr\/wp-json\/wp\/v2\/users\/1"}],"replies":[{"embeddable":true,"href":"https:\/\/www.project-green.com\/fr\/wp-json\/wp\/v2\/comments?post=1230"}],"version-history":[{"count":2,"href":"https:\/\/www.project-green.com\/fr\/wp-json\/wp\/v2\/pages\/1230\/revisions"}],"predecessor-version":[{"id":1540,"href":"https:\/\/www.project-green.com\/fr\/wp-json\/wp\/v2\/pages\/1230\/revisions\/1540"}],"wp:attachment":[{"href":"https:\/\/www.project-green.com\/fr\/wp-json\/wp\/v2\/media?parent=1230"}],"curies":[{"name":"wp","href":"https:\/\/api.w.org\/{rel}","templated":true}]}}