{"id":1224,"date":"2023-05-02T22:44:24","date_gmt":"2023-05-02T20:44:24","guid":{"rendered":"https:\/\/www.project-green.com\/bienvenue\/"},"modified":"2023-05-17T21:51:48","modified_gmt":"2023-05-17T19:51:48","slug":"bienvenue","status":"publish","type":"page","link":"https:\/\/www.project-green.com\/fr\/","title":{"rendered":"Bienvenue"},"content":{"rendered":"\t\t<div data-elementor-type=\"wp-page\" data-elementor-id=\"1224\" class=\"elementor elementor-1224 elementor-13\" data-elementor-post-type=\"page\">\n\t\t\t\t<div class=\"elementor-element elementor-element-a0853ee e-flex e-con-boxed e-con e-parent\" data-id=\"a0853ee\" data-element_type=\"container\" data-e-type=\"container\" data-settings=\"{&quot;background_background&quot;:&quot;slideshow&quot;,&quot;background_slideshow_gallery&quot;:[],&quot;background_slideshow_loop&quot;:&quot;yes&quot;,&quot;background_slideshow_slide_duration&quot;:5000,&quot;background_slideshow_slide_transition&quot;:&quot;fade&quot;,&quot;background_slideshow_transition_duration&quot;:500}\">\n\t\t\t\t\t<div class=\"e-con-inner\">\n\t\t<div class=\"elementor-element elementor-element-967e66f e-flex e-con-boxed e-con e-parent\" data-id=\"967e66f\" data-element_type=\"container\" data-e-type=\"container\" data-settings=\"{&quot;background_background&quot;:&quot;slideshow&quot;,&quot;background_slideshow_gallery&quot;:[],&quot;background_slideshow_loop&quot;:&quot;yes&quot;,&quot;background_slideshow_slide_duration&quot;:5000,&quot;background_slideshow_slide_transition&quot;:&quot;fade&quot;,&quot;background_slideshow_transition_duration&quot;:500}\">\n\t\t\t\t\t<div class=\"e-con-inner\">\n\t\t<div class=\"elementor-element elementor-element-ac22d26 e-flex e-con-boxed e-con e-parent\" data-id=\"ac22d26\" data-element_type=\"container\" data-e-type=\"container\">\n\t\t\t\t\t<div class=\"e-con-inner\">\n\t\t\t\t<div class=\"elementor-element elementor-element-829e5ef elementor-widget elementor-widget-heading\" data-id=\"829e5ef\" data-element_type=\"widget\" data-e-type=\"widget\" data-widget_type=\"heading.default\">\n\t\t\t\t<div class=\"elementor-widget-container\">\n\t\t\t\t\t<h2 class=\"elementor-heading-title elementor-size-default\">Bienvenue sur PROJECT GREEN<\/h2>\t\t\t\t<\/div>\n\t\t\t\t<\/div>\n\t\t\t\t<div class=\"elementor-element elementor-element-9e52d94 elementor-widget elementor-widget-text-editor\" data-id=\"9e52d94\" data-element_type=\"widget\" data-e-type=\"widget\" data-widget_type=\"text-editor.default\">\n\t\t\t\t<div class=\"elementor-widget-container\">\n\t\t\t\t\t\t\t\t\t<p>PROJECT GREEN GmbH est une entreprise dynamique dirig\u00e9e par son propri\u00e9taire. Nous sommes actifs dans les domaines de la d\u00e9pollution de l&rsquo;air, du d\u00e9poussi\u00e9rage industriel et des produits de protection active de l&rsquo;environnement depuis 2011. Le savoir-faire de l&rsquo;entreprise vient de ses employ\u00e9s, qui travaillent avec succ\u00e8s dans le domaine du d\u00e9poussi\u00e9rage industriel depuis des d\u00e9cennies.<\/p>\n\t\t\t\t\t\t\t\t<\/div>\n\t\t\t\t<\/div>\n\t\t\t\t\t<\/div>\n\t\t\t\t<\/div>\n\t\t<div class=\"elementor-element elementor-element-9465ed9 e-con-full e-flex e-con e-parent\" data-id=\"9465ed9\" data-element_type=\"container\" data-e-type=\"container\">\n\t\t\t\t<div class=\"elementor-element elementor-element-0289fd9 elementor-widget__width-initial elementor--h-position-center elementor--v-position-middle elementor-arrows-position-inside elementor-pagination-position-inside elementor-widget elementor-widget-slides\" data-id=\"0289fd9\" data-element_type=\"widget\" data-e-type=\"widget\" data-settings=\"{&quot;autoplay_speed&quot;:3000,&quot;transition_speed&quot;:1000,&quot;navigation&quot;:&quot;both&quot;,&quot;autoplay&quot;:&quot;yes&quot;,&quot;pause_on_hover&quot;:&quot;yes&quot;,&quot;pause_on_interaction&quot;:&quot;yes&quot;,&quot;infinite&quot;:&quot;yes&quot;,&quot;transition&quot;:&quot;slide&quot;}\" data-widget_type=\"slides.default\">\n\t\t\t\t<div class=\"elementor-widget-container\">\n\t\t\t\t\t\t\t\t\t<div class=\"elementor-swiper\">\n\t\t\t\t\t<div class=\"elementor-slides-wrapper elementor-main-swiper swiper\" role=\"region\" aria-roledescription=\"carousel\" aria-label=\"Diapositives\" dir=\"ltr\" data-animation=\"fadeInUp\">\n\t\t\t\t<div class=\"swiper-wrapper elementor-slides\">\n\t\t\t\t\t\t\t\t\t\t<div class=\"elementor-repeater-item-5ec85e1 swiper-slide\" role=\"group\" aria-roledescription=\"slide\"><div class=\"swiper-slide-bg\" role=\"img\" aria-label=\"ateliers de peinture\"><\/div><div class=\"swiper-slide-inner\" ><div class=\"swiper-slide-contents\"><div class=\"elementor-slide-heading\">Filtres pour ateliers de peinture<\/div><div class=\"elementor-slide-description\"><p>Efficacit\u00e9 \u00e9nerg\u00e9tique maximale pour les syst\u00e8mes de peinture automobile<\/p>\n<\/div><a href=\"https:\/\/www.project-green.com\/fr\/ateliers-de-peinture\/\" class=\"elementor-button elementor-slide-button elementor-size-sm\">Cliquez ici<\/a><\/div><\/div><\/div><div class=\"elementor-repeater-item-f958416 swiper-slide\" role=\"group\" aria-roledescription=\"slide\"><div class=\"swiper-slide-bg\" role=\"img\" aria-label=\"PERMAFLEXX\"><\/div><div class=\"elementor-background-overlay\"><\/div><div class=\"swiper-slide-inner\" ><div class=\"swiper-slide-contents\"><div class=\"elementor-slide-heading\">Joints Permaflexx<\/div><div class=\"elementor-slide-description\"><p>Notre joint pour une utilisation \u00e0 \u00e9lasticit\u00e9 permanente<\/p>\n<\/div><a href=\"https:\/\/www.project-green.com\/fr\/permaflexx\/\" class=\"elementor-button elementor-slide-button elementor-size-sm\">Cliquez ici<\/a><\/div><\/div><\/div><div class=\"elementor-repeater-item-800512b swiper-slide\" role=\"group\" aria-roledescription=\"slide\"><div class=\"swiper-slide-bg\" role=\"img\" aria-label=\"industrie alimentaire\"><\/div><div class=\"swiper-slide-inner\" ><div class=\"swiper-slide-contents\"><div class=\"elementor-slide-heading\">100% conforme alimentaire <\/div><div class=\"elementor-slide-description\"><p>Nous avons la plaque filtrante certifi\u00e9e 100% contact alimentaire<\/p>\n<\/div><a href=\"https:\/\/www.project-green.com\/fr\/conforme-aux-normes-alimentaires\/\" class=\"elementor-button elementor-slide-button elementor-size-sm\">Cliquez ici<\/a><\/div><\/div><\/div><div class=\"elementor-repeater-item-ccf2690 swiper-slide\" role=\"group\" aria-roledescription=\"slide\"><div class=\"swiper-slide-bg\" role=\"img\" aria-label=\"Faltenverklebung\"><\/div><div class=\"elementor-background-overlay\"><\/div><div class=\"swiper-slide-inner\" ><div class=\"swiper-slide-contents\"><div class=\"elementor-slide-heading\">Collage des pointes pliss\u00e9es<\/div><div class=\"elementor-slide-description\"><p>Nos soufflets filtrants sont coll\u00e9s 100 % pointe de pli \u00e0 pointe de pli<\/p>\n<\/div><a href=\"https:\/\/www.project-green.com\/fr\/collage-des-pointes-plissees\/\" class=\"elementor-button elementor-slide-button elementor-size-sm\">Cliquez ici<\/a><\/div><\/div><\/div>\t\t\t\t<\/div>\n\t\t\t\t\t\t\t\t\t\t\t\t\t\t\t<div class=\"elementor-swiper-button elementor-swiper-button-prev\" role=\"button\" tabindex=\"0\" aria-label=\"Diapositive pr\u00e9c\u00e9dente\">\n\t\t\t\t\t\t\t<svg aria-hidden=\"true\" class=\"e-font-icon-svg e-eicon-chevron-left\" viewBox=\"0 0 1000 1000\" xmlns=\"http:\/\/www.w3.org\/2000\/svg\"><path d=\"M646 125C629 125 613 133 604 142L308 442C296 454 292 471 292 487 292 504 296 521 308 533L604 854C617 867 629 875 646 875 663 875 679 871 692 858 704 846 713 829 713 812 713 796 708 779 692 767L438 487 692 225C700 217 708 204 708 187 708 171 704 154 692 142 675 129 663 125 646 125Z\"><\/path><\/svg>\t\t\t\t\t\t<\/div>\n\t\t\t\t\t\t<div class=\"elementor-swiper-button elementor-swiper-button-next\" role=\"button\" tabindex=\"0\" aria-label=\"Diapositive suivante\">\n\t\t\t\t\t\t\t<svg aria-hidden=\"true\" class=\"e-font-icon-svg e-eicon-chevron-right\" viewBox=\"0 0 1000 1000\" xmlns=\"http:\/\/www.w3.org\/2000\/svg\"><path d=\"M696 533C708 521 713 504 713 487 713 471 708 454 696 446L400 146C388 133 375 125 354 125 338 125 325 129 313 142 300 154 292 171 292 187 292 204 296 221 308 233L563 492 304 771C292 783 288 800 288 817 288 833 296 850 308 863 321 871 338 875 354 875 371 875 388 867 400 854L696 533Z\"><\/path><\/svg>\t\t\t\t\t\t<\/div>\n\t\t\t\t\t\t\t\t\t\t\t\t\t\t\t\t<div class=\"swiper-pagination\"><\/div>\n\t\t\t\t\t\t\t\t\t\t\t\t<\/div>\n\t\t\t\t<\/div>\n\t\t\t\t\t\t\t\t<\/div>\n\t\t\t\t<\/div>\n\t\t\t\t<\/div>\n\t\t<div class=\"elementor-element elementor-element-76fafc1 e-flex e-con-boxed e-con e-parent\" data-id=\"76fafc1\" data-element_type=\"container\" data-e-type=\"container\">\n\t\t\t\t\t<div class=\"e-con-inner\">\n\t\t\t\t<div class=\"elementor-element elementor-element-1d95bc1 elementor-widget__width-initial elementor-widget elementor-widget-text-editor\" data-id=\"1d95bc1\" data-element_type=\"widget\" data-e-type=\"widget\" data-widget_type=\"text-editor.default\">\n\t\t\t\t<div class=\"elementor-widget-container\">\n\t\t\t\t\t\t\t\t\t<p>Nous proposons une large gamme de filtres plats pliss\u00e9s \u00ab\u00a0PUREPACT\u00a0\u00bb, qui par ex. s&rsquo;int\u00e8grent dans les syst\u00e8mes de fabricants et de constructeurs de syst\u00e8mes renomm\u00e9s. Gr\u00e2ce \u00e0 nos possibilit\u00e9s de production flexibles et rapides sur le site de Braunschweig, nous pouvons optimiser les filtres plats ou les reconcevoir pour vous et bien s\u00fbr aussi les \u00e9chantillonner, selon les souhaits et la conception du client. Ces \u00e9tapes sont contr\u00f4l\u00e9es en permanence par notre vaste gestion de la qualit\u00e9. Selon l&rsquo;application, nous pouvons vous proposer des filtres allant de \u00ab\u00a0A\u00a0\u00bb comme le remplissage \u00e0 \u00ab\u00a0Z\u00a0\u00bb comme le ciment pour une s\u00e9paration efficace des poussi\u00e8res jusqu&rsquo;\u00e0 HEPA 13.<\/p>\n<p>des solutions sp\u00e9ciales telles que B. Des temp\u00e9ratures \u00e9lev\u00e9es jusqu&rsquo;\u00e0 150 \u00b0C font \u00e9galement partie de notre portefeuille de produits.<\/p>\n<p>Avec des solutions individuelles bas\u00e9es sur les exigences de nos clients, nous proposons nos PUREPACT de demain pour augmenter la productivit\u00e9 et prot\u00e9ger l&rsquo;environnement.<\/p>\n\t\t\t\t\t\t\t\t<\/div>\n\t\t\t\t<\/div>\n\t\t<div class=\"elementor-element elementor-element-978142b e-con-full e-flex e-con e-parent\" data-id=\"978142b\" data-element_type=\"container\" data-e-type=\"container\">\n\t\t\t\t<div class=\"elementor-element elementor-element-e7d7c4f elementor-widget__width-initial elementor-widget-mobile__width-initial elementor-widget elementor-widget-image\" data-id=\"e7d7c4f\" data-element_type=\"widget\" data-e-type=\"widget\" data-widget_type=\"image.default\">\n\t\t\t\t<div class=\"elementor-widget-container\">\n\t\t\t\t\t\t\t\t\t\t\t\t\t\t\t<img fetchpriority=\"high\" decoding=\"async\" width=\"800\" height=\"600\" src=\"https:\/\/www.project-green.com\/wp-content\/uploads\/2023\/05\/Microtex-scaled-e1683144811891-1024x768.jpg\" class=\"attachment-large size-large wp-image-906\" alt=\"\" srcset=\"https:\/\/www.project-green.com\/wp-content\/uploads\/2023\/05\/Microtex-scaled-e1683144811891-1024x768.jpg 1024w, https:\/\/www.project-green.com\/wp-content\/uploads\/2023\/05\/Microtex-scaled-e1683144811891-300x225.jpg 300w, https:\/\/www.project-green.com\/wp-content\/uploads\/2023\/05\/Microtex-scaled-e1683144811891-768x576.jpg 768w, https:\/\/www.project-green.com\/wp-content\/uploads\/2023\/05\/Microtex-scaled-e1683144811891-1536x1152.jpg 1536w, https:\/\/www.project-green.com\/wp-content\/uploads\/2023\/05\/Microtex-scaled-e1683144811891-2048x1536.jpg 2048w\" sizes=\"(max-width: 800px) 100vw, 800px\" \/>\t\t\t\t\t\t\t\t\t\t\t\t\t\t\t<\/div>\n\t\t\t\t<\/div>\n\t\t\t\t<\/div>\n\t\t\t\t\t<\/div>\n\t\t\t\t<\/div>\n\t\t\t\t\t<\/div>\n\t\t\t\t<\/div>\n\t\t\t\t\t<\/div>\n\t\t\t\t<\/div>\n\t\t<div class=\"elementor-element elementor-element-a175f8d e-flex e-con-boxed e-con e-parent\" data-id=\"a175f8d\" data-element_type=\"container\" data-e-type=\"container\">\n\t\t\t\t\t<div class=\"e-con-inner\">\n\t\t\t\t<div class=\"elementor-element elementor-element-945c96a elementor-widget elementor-widget-text-editor\" data-id=\"945c96a\" data-element_type=\"widget\" data-e-type=\"widget\" data-widget_type=\"text-editor.default\">\n\t\t\t\t<div class=\"elementor-widget-container\">\n\t\t\t\t\t\t\t\t\t<p>Avec des solutions individuelles bas\u00e9es sur les exigences de nos clients, nous proposons nos PUREPACT de demain pour augmenter la productivit\u00e9 et prot\u00e9ger l&rsquo;environnement.<\/p>\n<p>Les avantages pour vous : <\/p>\n<p>&#8211; production rapide et flexible selon vos exigences<\/p>\n<p>&#8211; r\u00e9tention de poussi\u00e8re \u00e9lev\u00e9e et efficace gr\u00e2ce \u00e0 la construction rigide et stable du corps<\/p>\n<p>&#8211; Faibles co\u00fbts de maintenance gr\u00e2ce \u00e0 une longue dur\u00e9e de vie et une manipulation facile<\/p>\n<p>&#8211; petit volume d&rsquo;installation gr\u00e2ce au filtre compact et plat avec une grande surface de filtre<\/p>\n<p>&#8211; \u00c9conomie d&rsquo;\u00e9nergie gr\u00e2ce \u00e0 une faible r\u00e9sistance \u00e0 l&rsquo;air<\/p>\n<p>&#8211; Meilleur rapport prix\/performance gr\u00e2ce \u00e0 la livraison par le fabricant<\/p>\n<p>&#8211; Qualit\u00e9 test\u00e9e selon DIN ISO 9001:2015<\/p>\n\t\t\t\t\t\t\t\t<\/div>\n\t\t\t\t<\/div>\n\t\t\t\t\t<\/div>\n\t\t\t\t<\/div>\n\t\t\t\t<\/div>\n\t\t","protected":false},"excerpt":{"rendered":"<p>Bienvenue sur PROJECT GREEN PROJECT GREEN GmbH est une entreprise dynamique dirig\u00e9e par son propri\u00e9taire. Nous sommes actifs dans les domaines de la d\u00e9pollution de l&rsquo;air, du d\u00e9poussi\u00e9rage industriel et des produits de protection active de l&rsquo;environnement depuis 2011. Le savoir-faire de l&rsquo;entreprise vient de ses employ\u00e9s, qui travaillent avec succ\u00e8s dans le domaine du [&hellip;]<\/p>\n","protected":false},"author":1,"featured_media":0,"parent":0,"menu_order":0,"comment_status":"closed","ping_status":"closed","template":"","meta":{"footnotes":""},"class_list":["post-1224","page","type-page","status-publish","hentry"],"yoast_head":"<!-- This site is optimized with the Yoast SEO plugin v24.2 - https:\/\/yoast.com\/wordpress\/plugins\/seo\/ -->\n<title>Bienvenue - PROJECT GREEN GmbH<\/title>\n<meta name=\"robots\" content=\"index, follow, max-snippet:-1, max-image-preview:large, max-video-preview:-1\" \/>\n<link rel=\"canonical\" href=\"https:\/\/www.project-green.com\/fr\/\" \/>\n<meta property=\"og:locale\" content=\"fr_FR\" \/>\n<meta property=\"og:type\" content=\"article\" \/>\n<meta property=\"og:title\" content=\"Bienvenue - PROJECT GREEN GmbH\" \/>\n<meta property=\"og:description\" content=\"Bienvenue sur PROJECT GREEN PROJECT GREEN GmbH est une entreprise dynamique dirig\u00e9e par son propri\u00e9taire. Nous sommes actifs dans les domaines de la d\u00e9pollution de l&rsquo;air, du d\u00e9poussi\u00e9rage industriel et des produits de protection active de l&rsquo;environnement depuis 2011. Le savoir-faire de l&rsquo;entreprise vient de ses employ\u00e9s, qui travaillent avec succ\u00e8s dans le domaine du [&hellip;]\" \/>\n<meta property=\"og:url\" content=\"https:\/\/www.project-green.com\/fr\/\" \/>\n<meta property=\"og:site_name\" content=\"PROJECT GREEN GmbH\" \/>\n<meta property=\"article:modified_time\" content=\"2023-05-17T19:51:48+00:00\" \/>\n<meta property=\"og:image\" content=\"https:\/\/www.project-green.com\/wp-content\/uploads\/2023\/05\/Microtex-scaled-e1683144811891-1024x768.jpg\" \/>\n<meta name=\"twitter:card\" content=\"summary_large_image\" \/>\n<meta name=\"twitter:label1\" content=\"Dur\u00e9e de lecture estim\u00e9e\" \/>\n\t<meta name=\"twitter:data1\" content=\"2 minutes\" \/>\n<script type=\"application\/ld+json\" class=\"yoast-schema-graph\">{\"@context\":\"https:\/\/schema.org\",\"@graph\":[{\"@type\":\"WebPage\",\"@id\":\"https:\/\/www.project-green.com\/fr\/\",\"url\":\"https:\/\/www.project-green.com\/fr\/\",\"name\":\"Bienvenue - PROJECT GREEN GmbH\",\"isPartOf\":{\"@id\":\"https:\/\/www.project-green.com\/#website\"},\"primaryImageOfPage\":{\"@id\":\"https:\/\/www.project-green.com\/fr\/#primaryimage\"},\"image\":{\"@id\":\"https:\/\/www.project-green.com\/fr\/#primaryimage\"},\"thumbnailUrl\":\"https:\/\/www.project-green.com\/wp-content\/uploads\/2023\/05\/Microtex-scaled-e1683144811891-1024x768.jpg\",\"datePublished\":\"2023-05-02T20:44:24+00:00\",\"dateModified\":\"2023-05-17T19:51:48+00:00\",\"breadcrumb\":{\"@id\":\"https:\/\/www.project-green.com\/fr\/#breadcrumb\"},\"inLanguage\":\"fr-FR\",\"potentialAction\":[{\"@type\":\"ReadAction\",\"target\":[\"https:\/\/www.project-green.com\/fr\/\"]}]},{\"@type\":\"ImageObject\",\"inLanguage\":\"fr-FR\",\"@id\":\"https:\/\/www.project-green.com\/fr\/#primaryimage\",\"url\":\"https:\/\/www.project-green.com\/wp-content\/uploads\/2023\/05\/Microtex-scaled-e1683144811891-1024x768.jpg\",\"contentUrl\":\"https:\/\/www.project-green.com\/wp-content\/uploads\/2023\/05\/Microtex-scaled-e1683144811891-1024x768.jpg\"},{\"@type\":\"BreadcrumbList\",\"@id\":\"https:\/\/www.project-green.com\/fr\/#breadcrumb\",\"itemListElement\":[{\"@type\":\"ListItem\",\"position\":1,\"name\":\"Startseite\",\"item\":\"https:\/\/www.project-green.com\/fr\/\"},{\"@type\":\"ListItem\",\"position\":2,\"name\":\"Bienvenue\"}]},{\"@type\":\"WebSite\",\"@id\":\"https:\/\/www.project-green.com\/#website\",\"url\":\"https:\/\/www.project-green.com\/\",\"name\":\"PROJECT GREEN GmbH\",\"description\":\"pure air for everyone!\",\"publisher\":{\"@id\":\"https:\/\/www.project-green.com\/#organization\"},\"potentialAction\":[{\"@type\":\"SearchAction\",\"target\":{\"@type\":\"EntryPoint\",\"urlTemplate\":\"https:\/\/www.project-green.com\/?s={search_term_string}\"},\"query-input\":{\"@type\":\"PropertyValueSpecification\",\"valueRequired\":true,\"valueName\":\"search_term_string\"}}],\"inLanguage\":\"fr-FR\"},{\"@type\":\"Organization\",\"@id\":\"https:\/\/www.project-green.com\/#organization\",\"name\":\"PROJECT GREEN GmbH\",\"url\":\"https:\/\/www.project-green.com\/\",\"logo\":{\"@type\":\"ImageObject\",\"inLanguage\":\"fr-FR\",\"@id\":\"https:\/\/www.project-green.com\/#\/schema\/logo\/image\/\",\"url\":\"https:\/\/www.project-green.com\/wp-content\/uploads\/2023\/05\/Logo_PG_r_72dpi_RGB.webp\",\"contentUrl\":\"https:\/\/www.project-green.com\/wp-content\/uploads\/2023\/05\/Logo_PG_r_72dpi_RGB.webp\",\"width\":732,\"height\":255,\"caption\":\"PROJECT GREEN GmbH\"},\"image\":{\"@id\":\"https:\/\/www.project-green.com\/#\/schema\/logo\/image\/\"}}]}<\/script>\n<!-- \/ Yoast SEO plugin. -->","yoast_head_json":{"title":"Bienvenue - PROJECT GREEN GmbH","robots":{"index":"index","follow":"follow","max-snippet":"max-snippet:-1","max-image-preview":"max-image-preview:large","max-video-preview":"max-video-preview:-1"},"canonical":"https:\/\/www.project-green.com\/fr\/","og_locale":"fr_FR","og_type":"article","og_title":"Bienvenue - PROJECT GREEN GmbH","og_description":"Bienvenue sur PROJECT GREEN PROJECT GREEN GmbH est une entreprise dynamique dirig\u00e9e par son propri\u00e9taire. Nous sommes actifs dans les domaines de la d\u00e9pollution de l&rsquo;air, du d\u00e9poussi\u00e9rage industriel et des produits de protection active de l&rsquo;environnement depuis 2011. Le savoir-faire de l&rsquo;entreprise vient de ses employ\u00e9s, qui travaillent avec succ\u00e8s dans le domaine du [&hellip;]","og_url":"https:\/\/www.project-green.com\/fr\/","og_site_name":"PROJECT GREEN GmbH","article_modified_time":"2023-05-17T19:51:48+00:00","og_image":[{"url":"https:\/\/www.project-green.com\/wp-content\/uploads\/2023\/05\/Microtex-scaled-e1683144811891-1024x768.jpg","type":"","width":"","height":""}],"twitter_card":"summary_large_image","twitter_misc":{"Dur\u00e9e de lecture estim\u00e9e":"2 minutes"},"schema":{"@context":"https:\/\/schema.org","@graph":[{"@type":"WebPage","@id":"https:\/\/www.project-green.com\/fr\/","url":"https:\/\/www.project-green.com\/fr\/","name":"Bienvenue - PROJECT GREEN GmbH","isPartOf":{"@id":"https:\/\/www.project-green.com\/#website"},"primaryImageOfPage":{"@id":"https:\/\/www.project-green.com\/fr\/#primaryimage"},"image":{"@id":"https:\/\/www.project-green.com\/fr\/#primaryimage"},"thumbnailUrl":"https:\/\/www.project-green.com\/wp-content\/uploads\/2023\/05\/Microtex-scaled-e1683144811891-1024x768.jpg","datePublished":"2023-05-02T20:44:24+00:00","dateModified":"2023-05-17T19:51:48+00:00","breadcrumb":{"@id":"https:\/\/www.project-green.com\/fr\/#breadcrumb"},"inLanguage":"fr-FR","potentialAction":[{"@type":"ReadAction","target":["https:\/\/www.project-green.com\/fr\/"]}]},{"@type":"ImageObject","inLanguage":"fr-FR","@id":"https:\/\/www.project-green.com\/fr\/#primaryimage","url":"https:\/\/www.project-green.com\/wp-content\/uploads\/2023\/05\/Microtex-scaled-e1683144811891-1024x768.jpg","contentUrl":"https:\/\/www.project-green.com\/wp-content\/uploads\/2023\/05\/Microtex-scaled-e1683144811891-1024x768.jpg"},{"@type":"BreadcrumbList","@id":"https:\/\/www.project-green.com\/fr\/#breadcrumb","itemListElement":[{"@type":"ListItem","position":1,"name":"Startseite","item":"https:\/\/www.project-green.com\/fr\/"},{"@type":"ListItem","position":2,"name":"Bienvenue"}]},{"@type":"WebSite","@id":"https:\/\/www.project-green.com\/#website","url":"https:\/\/www.project-green.com\/","name":"PROJECT GREEN GmbH","description":"pure air for everyone!","publisher":{"@id":"https:\/\/www.project-green.com\/#organization"},"potentialAction":[{"@type":"SearchAction","target":{"@type":"EntryPoint","urlTemplate":"https:\/\/www.project-green.com\/?s={search_term_string}"},"query-input":{"@type":"PropertyValueSpecification","valueRequired":true,"valueName":"search_term_string"}}],"inLanguage":"fr-FR"},{"@type":"Organization","@id":"https:\/\/www.project-green.com\/#organization","name":"PROJECT GREEN GmbH","url":"https:\/\/www.project-green.com\/","logo":{"@type":"ImageObject","inLanguage":"fr-FR","@id":"https:\/\/www.project-green.com\/#\/schema\/logo\/image\/","url":"https:\/\/www.project-green.com\/wp-content\/uploads\/2023\/05\/Logo_PG_r_72dpi_RGB.webp","contentUrl":"https:\/\/www.project-green.com\/wp-content\/uploads\/2023\/05\/Logo_PG_r_72dpi_RGB.webp","width":732,"height":255,"caption":"PROJECT GREEN GmbH"},"image":{"@id":"https:\/\/www.project-green.com\/#\/schema\/logo\/image\/"}}]}},"_links":{"self":[{"href":"https:\/\/www.project-green.com\/fr\/wp-json\/wp\/v2\/pages\/1224","targetHints":{"allow":["GET"]}}],"collection":[{"href":"https:\/\/www.project-green.com\/fr\/wp-json\/wp\/v2\/pages"}],"about":[{"href":"https:\/\/www.project-green.com\/fr\/wp-json\/wp\/v2\/types\/page"}],"author":[{"embeddable":true,"href":"https:\/\/www.project-green.com\/fr\/wp-json\/wp\/v2\/users\/1"}],"replies":[{"embeddable":true,"href":"https:\/\/www.project-green.com\/fr\/wp-json\/wp\/v2\/comments?post=1224"}],"version-history":[{"count":6,"href":"https:\/\/www.project-green.com\/fr\/wp-json\/wp\/v2\/pages\/1224\/revisions"}],"predecessor-version":[{"id":1538,"href":"https:\/\/www.project-green.com\/fr\/wp-json\/wp\/v2\/pages\/1224\/revisions\/1538"}],"wp:attachment":[{"href":"https:\/\/www.project-green.com\/fr\/wp-json\/wp\/v2\/media?parent=1224"}],"curies":[{"name":"wp","href":"https:\/\/api.w.org\/{rel}","templated":true}]}}